{"id":14950,"date":"2025-09-11T21:03:33","date_gmt":"2025-09-11T19:03:33","guid":{"rendered":"https:\/\/www.livresentre2actions.fr\/?post_type=product&#038;p=14950"},"modified":"2026-03-07T19:32:45","modified_gmt":"2026-03-07T18:32:45","slug":"la-rage-saint-hubert-suivi-de-notice-historique-sur-lordre-de-saint-hubert-du-duche-de-bar","status":"publish","type":"product","link":"https:\/\/www.livresentre2actions.fr\/fr_fr\/produit\/la-rage-saint-hubert-suivi-de-notice-historique-sur-lordre-de-saint-hubert-du-duche-de-bar\/","title":{"rendered":"La rage &#038; Saint-Hubert. Suivi de Notice historique sur l\u2019Ordre de Saint-Hubert du duch\u00e9 de Bar"},"content":{"rendered":"<p>Henri Gaidoz \/ V. Servais &#8211; Alphonse Picard \/ Librairie h\u00e9raldique de J. B. Dumoulin<\/p>\n<p>Demi-basane verte, dos long, orn\u00e9 du titre et de liser\u00e9s, et aux chiffres en pied (non identifi\u00e9, 2 C dos \u00e0 dos sous 2 P dos \u00e0 dos), couvertures conserv\u00e9es, 227 x 144, 224p. Avec table. 1887. Collection Bibliotheca Mythica n\u00b01. Edition originale.\u00a0 Reli\u00e9 \u00e0 la suite : Notice historique sur l\u2019Ordre de Saint-Hubert du duch\u00e9 de Bar, par V. Servais, 12p. 1868. (Extrait de la Revue nobiliaire, 1868). Ex-libris manuscrit identique en faux-titre du premier texte et au titre du second. Int\u00e9rieur propre, rousseurs sur les tranches. Plats tr\u00e8s frott\u00e9s, notamment plat sup\u00e9rieur avec carton apparent. Griffes frottements, \u00e9pidermures \u00e0 la reliure, mais globalement bonne ; pied de mors inf\u00e9rieur ouvert. Bon exemplaire bien ferme.<\/p>\n","protected":false},"excerpt":{"rendered":"<p>Henri Gaidoz \/ V. Servais &#8211; Alphonse Picard \/ Librairie h\u00e9raldique de J. B. Dumoulin Demi-basane verte, dos long, orn\u00e9 du titre et de liser\u00e9s, et aux chiffres en pied (non identifi\u00e9, 2 C dos \u00e0 dos sous 2 P dos \u00e0 dos), couvertures conserv\u00e9es, 227 x 144, 224p. Avec table. 1887. Collection Bibliotheca Mythica &#8230; <a title=\"La rage &#038; Saint-Hubert. Suivi de Notice historique sur l\u2019Ordre de Saint-Hubert du duch\u00e9 de Bar\" class=\"read-more\" href=\"https:\/\/www.livresentre2actions.fr\/fr_fr\/produit\/la-rage-saint-hubert-suivi-de-notice-historique-sur-lordre-de-saint-hubert-du-duche-de-bar\/\" aria-label=\"En savoir plus sur La rage &#038; Saint-Hubert. Suivi de Notice historique sur l\u2019Ordre de Saint-Hubert du duch\u00e9 de Bar\">Lire plus<\/a><\/p>\n","protected":false},"featured_media":0,"template":"","meta":{"_eb_attr":""},"product_brand":[],"product_cat":[36,84,71,73,68],"product_tag":[94],"class_list":{"0":"post-14950","1":"product","2":"type-product","3":"status-publish","5":"product_cat-entre-le-xviiieme-et-le-xixeme-siecle","6":"product_cat-curiosa","7":"product_cat-illustres-modernes-editions-originales-signees-numerotees","8":"product_cat-histoires-et-recits-de-voyage","9":"product_cat-religion-spiritualite","10":"product_tag-provenance","11":"sales-flash-overlay","12":"woocommerce-text-align-center","13":"woocommerce-image-align-center","15":"first","16":"outofstock","17":"taxable","18":"shipping-taxable","19":"purchasable","20":"product-type-simple"},"aioseo_notices":[],"_links":{"self":[{"href":"https:\/\/www.livresentre2actions.fr\/fr_fr\/wp-json\/wp\/v2\/product\/14950","targetHints":{"allow":["GET"]}}],"collection":[{"href":"https:\/\/www.livresentre2actions.fr\/fr_fr\/wp-json\/wp\/v2\/product"}],"about":[{"href":"https:\/\/www.livresentre2actions.fr\/fr_fr\/wp-json\/wp\/v2\/types\/product"}],"wp:attachment":[{"href":"https:\/\/www.livresentre2actions.fr\/fr_fr\/wp-json\/wp\/v2\/media?parent=14950"}],"wp:term":[{"taxonomy":"product_brand","embeddable":true,"href":"https:\/\/www.livresentre2actions.fr\/fr_fr\/wp-json\/wp\/v2\/product_brand?post=14950"},{"taxonomy":"product_cat","embeddable":true,"href":"https:\/\/www.livresentre2actions.fr\/fr_fr\/wp-json\/wp\/v2\/product_cat?post=14950"},{"taxonomy":"product_tag","embeddable":true,"href":"https:\/\/www.livresentre2actions.fr\/fr_fr\/wp-json\/wp\/v2\/product_tag?post=14950"}],"curies":[{"name":"wp","href":"https:\/\/api.w.org\/{rel}","templated":true}]}}