{"id":14932,"date":"2025-09-10T14:18:47","date_gmt":"2025-09-10T12:18:47","guid":{"rendered":"https:\/\/www.livresentre2actions.fr\/?post_type=product&#038;p=14932"},"modified":"2025-10-04T11:18:51","modified_gmt":"2025-10-04T09:18:51","slug":"la-flute-de-pan-enacryos","status":"publish","type":"product","link":"https:\/\/www.livresentre2actions.fr\/fr_fr\/produit\/la-flute-de-pan-enacryos\/","title":{"rendered":"La fl\u00fbte de Pan &#8211; Enacryos"},"content":{"rendered":"<p>Librairie Borel &#8211; Pleine basane chocolat \u00e0 dos romantique orn\u00e9 de 5 faux-nerfs, de liser\u00e9s, frises, et de l\u2019auteur estamp\u00e9 dor\u00e9, 140 x 77, 44p.. 1897. Collection Edouard Guillaume \u00ab\u00a0Lotus Alba\u00a0\u00bb. Illustrations de Calbet, Marold et Mittis. Page de titre illustr\u00e9e. 5 sanguines pleine page en guide de suite avant la lettre\u00a0; frontispice et des illustrations \u00e0 pleine page, en marges et en ent\u00eate. Int\u00e9rieur tr\u00e8s bon, propre et int\u00e8gre. Des frottements \u00e0 la reliure, dos insol\u00e9 avec \u00e9pidermures en coiffe et en plein. Bon exemplaire bien ferme.<\/p>\n","protected":false},"excerpt":{"rendered":"<p>Librairie Borel &#8211; Pleine basane chocolat \u00e0 dos romantique orn\u00e9 de 5 faux-nerfs, de liser\u00e9s, frises, et de l\u2019auteur estamp\u00e9 dor\u00e9, 140 x 77, 44p.. 1897. Collection Edouard Guillaume \u00ab\u00a0Lotus Alba\u00a0\u00bb. Illustrations de Calbet, Marold et Mittis. Page de titre illustr\u00e9e. 5 sanguines pleine page en guide de suite avant la lettre\u00a0; frontispice et des &#8230; <a title=\"La fl\u00fbte de Pan &#8211; Enacryos\" class=\"read-more\" href=\"https:\/\/www.livresentre2actions.fr\/fr_fr\/produit\/la-flute-de-pan-enacryos\/\" aria-label=\"En savoir plus sur La fl\u00fbte de Pan &#8211; Enacryos\">Lire plus<\/a><\/p>\n","protected":false},"featured_media":14933,"template":"","meta":{"_eb_attr":""},"product_brand":[],"product_cat":[36,75,74,84,71,76],"product_tag":[86],"class_list":{"0":"post-14932","1":"product","2":"type-product","3":"status-publish","4":"has-post-thumbnail","6":"product_cat-entre-le-xviiieme-et-le-xixeme-siecle","7":"product_cat-art","8":"product_cat-collections","9":"product_cat-curiosa","10":"product_cat-illustres-modernes-editions-originales-signees-numerotees","11":"product_cat-poesie-theatre-prose","12":"product_tag-illustre","13":"sales-flash-overlay","14":"woocommerce-text-align-center","15":"woocommerce-image-align-center","16":"wc-has-gallery","18":"first","19":"instock","20":"taxable","21":"shipping-taxable","22":"purchasable","23":"product-type-simple"},"aioseo_notices":[],"_links":{"self":[{"href":"https:\/\/www.livresentre2actions.fr\/fr_fr\/wp-json\/wp\/v2\/product\/14932","targetHints":{"allow":["GET"]}}],"collection":[{"href":"https:\/\/www.livresentre2actions.fr\/fr_fr\/wp-json\/wp\/v2\/product"}],"about":[{"href":"https:\/\/www.livresentre2actions.fr\/fr_fr\/wp-json\/wp\/v2\/types\/product"}],"wp:featuredmedia":[{"embeddable":true,"href":"https:\/\/www.livresentre2actions.fr\/fr_fr\/wp-json\/wp\/v2\/media\/14933"}],"wp:attachment":[{"href":"https:\/\/www.livresentre2actions.fr\/fr_fr\/wp-json\/wp\/v2\/media?parent=14932"}],"wp:term":[{"taxonomy":"product_brand","embeddable":true,"href":"https:\/\/www.livresentre2actions.fr\/fr_fr\/wp-json\/wp\/v2\/product_brand?post=14932"},{"taxonomy":"product_cat","embeddable":true,"href":"https:\/\/www.livresentre2actions.fr\/fr_fr\/wp-json\/wp\/v2\/product_cat?post=14932"},{"taxonomy":"product_tag","embeddable":true,"href":"https:\/\/www.livresentre2actions.fr\/fr_fr\/wp-json\/wp\/v2\/product_tag?post=14932"}],"curies":[{"name":"wp","href":"https:\/\/api.w.org\/{rel}","templated":true}]}}