{"id":14791,"date":"2025-09-02T15:13:30","date_gmt":"2025-09-02T13:13:30","guid":{"rendered":"https:\/\/www.livresentre2actions.fr\/?post_type=product&#038;p=14791"},"modified":"2025-09-02T15:13:30","modified_gmt":"2025-09-02T13:13:30","slug":"essays-sir-walter-scott","status":"publish","type":"product","link":"https:\/\/www.livresentre2actions.fr\/fr_fr\/produit\/essays-sir-walter-scott\/","title":{"rendered":"Essays, Sir Walter Scott"},"content":{"rendered":"<p>2 tomes en un volume complet. Suivi de Religious Discourses &#8211; A. and W. Galignani Plein veau marbr\u00e9, dos long orn\u00e9 d\u2019une pi\u00e8ce de titre et de tomaison en maroquin rouge, dos richement d\u00e9cor\u00e9 frises et fleurons, plats \u00e0 encadrement \u00e0 liser\u00e9 et frise, tranches jasp\u00e9es, 174 x 105, 2 tomes en un volume. 1828. Premi\u00e8re \u00e9dition sous cette forme de trois essais de Scott, extraits du Supplement to the Encyclopaedia Britannica. I, Chevalry, Romance, 237p. II, The Drama, 202p. Suivi de Religious Discourses, 68p. The Christian and the Jewish dispensations compared\u00a0; The Blessedness of The Righteous. Rousseursen d\u00e9but et fin de volume, int\u00e9rieur propre. Coins, plats et champs frott\u00e9s, avec \u00e9pidermures\u00a0; mors frott\u00e9s avec \u00e9pidermures. Dos en bel \u00e9tat avec \u00e9pidermures en coiffe et queue. Premi\u00e8re \u00e9dition en livre de ces essais de Walter Scott. \u00c9galement en stock dans la m\u00eame reliure\u00a0: Waverley ; Woodstock\u00a0; Guy Mannering\u00a0; Kennilworth\u00a0; Peveril of the Peak<\/p>\n","protected":false},"excerpt":{"rendered":"<p>2 tomes en un volume complet. Suivi de Religious Discourses &#8211; A. and W. Galignani Plein veau marbr\u00e9, dos long orn\u00e9 d\u2019une pi\u00e8ce de titre et de tomaison en maroquin rouge, dos richement d\u00e9cor\u00e9 frises et fleurons, plats \u00e0 encadrement \u00e0 liser\u00e9 et frise, tranches jasp\u00e9es, 174 x 105, 2 tomes en un volume. 1828. &#8230; <a title=\"Essays, Sir Walter Scott\" class=\"read-more\" href=\"https:\/\/www.livresentre2actions.fr\/fr_fr\/produit\/essays-sir-walter-scott\/\" aria-label=\"En savoir plus sur Essays, Sir Walter Scott\">Lire plus<\/a><\/p>\n","protected":false},"featured_media":14792,"template":"","meta":{"_eb_attr":""},"product_brand":[],"product_cat":[36,75,76],"product_tag":[],"class_list":{"0":"post-14791","1":"product","2":"type-product","3":"status-publish","4":"has-post-thumbnail","6":"product_cat-entre-le-xviiieme-et-le-xixeme-siecle","7":"product_cat-art","8":"product_cat-poesie-theatre-prose","9":"sales-flash-overlay","10":"woocommerce-text-align-center","11":"woocommerce-image-align-center","12":"wc-has-gallery","14":"first","15":"instock","16":"taxable","17":"shipping-taxable","18":"purchasable","19":"product-type-simple"},"aioseo_notices":[],"_links":{"self":[{"href":"https:\/\/www.livresentre2actions.fr\/fr_fr\/wp-json\/wp\/v2\/product\/14791","targetHints":{"allow":["GET"]}}],"collection":[{"href":"https:\/\/www.livresentre2actions.fr\/fr_fr\/wp-json\/wp\/v2\/product"}],"about":[{"href":"https:\/\/www.livresentre2actions.fr\/fr_fr\/wp-json\/wp\/v2\/types\/product"}],"wp:featuredmedia":[{"embeddable":true,"href":"https:\/\/www.livresentre2actions.fr\/fr_fr\/wp-json\/wp\/v2\/media\/14792"}],"wp:attachment":[{"href":"https:\/\/www.livresentre2actions.fr\/fr_fr\/wp-json\/wp\/v2\/media?parent=14791"}],"wp:term":[{"taxonomy":"product_brand","embeddable":true,"href":"https:\/\/www.livresentre2actions.fr\/fr_fr\/wp-json\/wp\/v2\/product_brand?post=14791"},{"taxonomy":"product_cat","embeddable":true,"href":"https:\/\/www.livresentre2actions.fr\/fr_fr\/wp-json\/wp\/v2\/product_cat?post=14791"},{"taxonomy":"product_tag","embeddable":true,"href":"https:\/\/www.livresentre2actions.fr\/fr_fr\/wp-json\/wp\/v2\/product_tag?post=14791"}],"curies":[{"name":"wp","href":"https:\/\/api.w.org\/{rel}","templated":true}]}}