{"id":14705,"date":"2025-08-19T20:24:23","date_gmt":"2025-08-19T18:24:23","guid":{"rendered":"https:\/\/www.livresentre2actions.fr\/?post_type=product&#038;p=14705"},"modified":"2025-08-27T10:56:20","modified_gmt":"2025-08-27T08:56:20","slug":"les-champs-de-bataille-1914-1915-premiere-partie-les-cites-meurtries-arras-1914-1915","status":"publish","type":"product","link":"https:\/\/www.livresentre2actions.fr\/fr_fr\/produit\/les-champs-de-bataille-1914-1915-premiere-partie-les-cites-meurtries-arras-1914-1915\/","title":{"rendered":"Les champs de bataille 1914 \u2013 1915. Premi\u00e8re partie. Les cit\u00e9s meurtries. Arras 1914 \u2013 1915"},"content":{"rendered":"<p>Madeleine Wartelle &#8211; Librairie de L\u2019\u00c9clair Broch\u00e9 cord\u00e9, 390 x 295, 39p. Sans date. Avec 6 pleines pages hors texte et nombreuses reproductions photographiques dans le texte. Int\u00e9rieur propre, int\u00e8gre. Couvertures frott\u00e9es avec rousseurs, mais int\u00e8gres. Bon exemplaire bien ferme.<\/p>\n","protected":false},"excerpt":{"rendered":"<p>Madeleine Wartelle &#8211; Librairie de L\u2019\u00c9clair Broch\u00e9 cord\u00e9, 390 x 295, 39p. Sans date. Avec 6 pleines pages hors texte et nombreuses reproductions photographiques dans le texte. Int\u00e9rieur propre, int\u00e8gre. Couvertures frott\u00e9es avec rousseurs, mais int\u00e8gres. Bon exemplaire bien ferme.<\/p>\n","protected":false},"featured_media":14706,"template":"","meta":{"_eb_attr":""},"product_brand":[],"product_cat":[37,81,73],"product_tag":[86],"class_list":{"0":"post-14705","1":"product","2":"type-product","3":"status-publish","4":"has-post-thumbnail","6":"product_cat-a-partir-du-xxeme-siecle","7":"product_cat-hauts-de-france","8":"product_cat-histoires-et-recits-de-voyage","9":"product_tag-illustre","10":"sales-flash-overlay","11":"woocommerce-text-align-center","12":"woocommerce-image-align-center","13":"wc-has-gallery","15":"first","16":"instock","17":"taxable","18":"shipping-taxable","19":"purchasable","20":"product-type-simple"},"aioseo_notices":[],"_links":{"self":[{"href":"https:\/\/www.livresentre2actions.fr\/fr_fr\/wp-json\/wp\/v2\/product\/14705","targetHints":{"allow":["GET"]}}],"collection":[{"href":"https:\/\/www.livresentre2actions.fr\/fr_fr\/wp-json\/wp\/v2\/product"}],"about":[{"href":"https:\/\/www.livresentre2actions.fr\/fr_fr\/wp-json\/wp\/v2\/types\/product"}],"wp:featuredmedia":[{"embeddable":true,"href":"https:\/\/www.livresentre2actions.fr\/fr_fr\/wp-json\/wp\/v2\/media\/14706"}],"wp:attachment":[{"href":"https:\/\/www.livresentre2actions.fr\/fr_fr\/wp-json\/wp\/v2\/media?parent=14705"}],"wp:term":[{"taxonomy":"product_brand","embeddable":true,"href":"https:\/\/www.livresentre2actions.fr\/fr_fr\/wp-json\/wp\/v2\/product_brand?post=14705"},{"taxonomy":"product_cat","embeddable":true,"href":"https:\/\/www.livresentre2actions.fr\/fr_fr\/wp-json\/wp\/v2\/product_cat?post=14705"},{"taxonomy":"product_tag","embeddable":true,"href":"https:\/\/www.livresentre2actions.fr\/fr_fr\/wp-json\/wp\/v2\/product_tag?post=14705"}],"curies":[{"name":"wp","href":"https:\/\/api.w.org\/{rel}","templated":true}]}}