{"id":14572,"date":"2025-08-02T15:35:46","date_gmt":"2025-08-02T13:35:46","guid":{"rendered":"https:\/\/www.livresentre2actions.fr\/?post_type=product&#038;p=14572"},"modified":"2025-08-25T14:45:41","modified_gmt":"2025-08-25T12:45:41","slug":"les-marches-de-loccident-venise-grenade-edition-originale","status":"publish","type":"product","link":"https:\/\/www.livresentre2actions.fr\/fr_fr\/produit\/les-marches-de-loccident-venise-grenade-edition-originale\/","title":{"rendered":"Les marches de l\u2019Occident. Venise \u2013 Grenade. \u00c9dition originale"},"content":{"rendered":"<p>Adrien Mithouard &#8211; P.-V. Stock<\/p>\n<p>Pleine percaline noir \u00e0 dos long, 182 x 120, 308p. Hors table. 1910. Edition originale sur papier courant (apr\u00e8s les 8 sur Hollande). Int\u00e9rieur propre, avec quelques rousseurs en d\u00e9but et fin de volume. Reliure frott\u00e9e mais propre et int\u00e8gre. Bon exemplaire bien ferme.<\/p>\n","protected":false},"excerpt":{"rendered":"<p>Adrien Mithouard &#8211; P.-V. Stock Pleine percaline noir \u00e0 dos long, 182 x 120, 308p. Hors table. 1910. Edition originale sur papier courant (apr\u00e8s les 8 sur Hollande). Int\u00e9rieur propre, avec quelques rousseurs en d\u00e9but et fin de volume. Reliure frott\u00e9e mais propre et int\u00e8gre. Bon exemplaire bien ferme.<\/p>\n","protected":false},"featured_media":14573,"template":"","meta":{"_eb_attr":""},"product_brand":[],"product_cat":[37,71,73],"product_tag":[],"class_list":{"0":"post-14572","1":"product","2":"type-product","3":"status-publish","4":"has-post-thumbnail","6":"product_cat-a-partir-du-xxeme-siecle","7":"product_cat-illustres-modernes-editions-originales-signees-numerotees","8":"product_cat-histoires-et-recits-de-voyage","9":"sales-flash-overlay","10":"woocommerce-text-align-center","11":"woocommerce-image-align-center","12":"wc-has-gallery","14":"first","15":"instock","16":"taxable","17":"shipping-taxable","18":"purchasable","19":"product-type-simple"},"aioseo_notices":[],"_links":{"self":[{"href":"https:\/\/www.livresentre2actions.fr\/fr_fr\/wp-json\/wp\/v2\/product\/14572","targetHints":{"allow":["GET"]}}],"collection":[{"href":"https:\/\/www.livresentre2actions.fr\/fr_fr\/wp-json\/wp\/v2\/product"}],"about":[{"href":"https:\/\/www.livresentre2actions.fr\/fr_fr\/wp-json\/wp\/v2\/types\/product"}],"wp:featuredmedia":[{"embeddable":true,"href":"https:\/\/www.livresentre2actions.fr\/fr_fr\/wp-json\/wp\/v2\/media\/14573"}],"wp:attachment":[{"href":"https:\/\/www.livresentre2actions.fr\/fr_fr\/wp-json\/wp\/v2\/media?parent=14572"}],"wp:term":[{"taxonomy":"product_brand","embeddable":true,"href":"https:\/\/www.livresentre2actions.fr\/fr_fr\/wp-json\/wp\/v2\/product_brand?post=14572"},{"taxonomy":"product_cat","embeddable":true,"href":"https:\/\/www.livresentre2actions.fr\/fr_fr\/wp-json\/wp\/v2\/product_cat?post=14572"},{"taxonomy":"product_tag","embeddable":true,"href":"https:\/\/www.livresentre2actions.fr\/fr_fr\/wp-json\/wp\/v2\/product_tag?post=14572"}],"curies":[{"name":"wp","href":"https:\/\/api.w.org\/{rel}","templated":true}]}}