{"id":14561,"date":"2025-08-02T15:32:57","date_gmt":"2025-08-02T13:32:57","guid":{"rendered":"https:\/\/www.livresentre2actions.fr\/?post_type=product&#038;p=14561"},"modified":"2025-08-25T14:23:12","modified_gmt":"2025-08-25T12:23:12","slug":"roubles-et-roublards-voyage-aux-pays-russes-premiere-edition","status":"publish","type":"product","link":"https:\/\/www.livresentre2actions.fr\/fr_fr\/produit\/roubles-et-roublards-voyage-aux-pays-russes-premiere-edition\/","title":{"rendered":"Roubles et roublards. Voyage aux pays russes &#8211; Premi\u00e8re \u00e9dition"},"content":{"rendered":"<p>Pierre Giffard &#8211; P.-V. Stock &#8211; Pleine percaline noir \u00e0 dos long, 182 x 120, 304p. Avec table. 1904. Premi\u00e8re \u00e9dition. Bien complet de sa planche d\u00e9pliante humoristique in fine. Int\u00e9rieur propre, avec quelques rousseurs en d\u00e9but et fin de volume. Reliure frott\u00e9e mais propre, avec une petite d\u00e9chirure sans manque en pied de dos et un manque en t\u00eate de dos.. Bon exemplaire bien ferme.<\/p>\n","protected":false},"excerpt":{"rendered":"<p>Pierre Giffard &#8211; P.-V. Stock &#8211; Pleine percaline noir \u00e0 dos long, 182 x 120, 304p. Avec table. 1904. Premi\u00e8re \u00e9dition. Bien complet de sa planche d\u00e9pliante humoristique in fine. Int\u00e9rieur propre, avec quelques rousseurs en d\u00e9but et fin de volume. Reliure frott\u00e9e mais propre, avec une petite d\u00e9chirure sans manque en pied de dos &#8230; <a title=\"Roubles et roublards. Voyage aux pays russes &#8211; Premi\u00e8re \u00e9dition\" class=\"read-more\" href=\"https:\/\/www.livresentre2actions.fr\/fr_fr\/produit\/roubles-et-roublards-voyage-aux-pays-russes-premiere-edition\/\" aria-label=\"En savoir plus sur Roubles et roublards. Voyage aux pays russes &#8211; Premi\u00e8re \u00e9dition\">Lire plus<\/a><\/p>\n","protected":false},"featured_media":14562,"template":"","meta":{"_eb_attr":""},"product_brand":[],"product_cat":[37,71,73],"product_tag":[],"class_list":{"0":"post-14561","1":"product","2":"type-product","3":"status-publish","4":"has-post-thumbnail","6":"product_cat-a-partir-du-xxeme-siecle","7":"product_cat-illustres-modernes-editions-originales-signees-numerotees","8":"product_cat-histoires-et-recits-de-voyage","9":"sales-flash-overlay","10":"woocommerce-text-align-center","11":"woocommerce-image-align-center","12":"wc-has-gallery","14":"first","15":"instock","16":"taxable","17":"shipping-taxable","18":"purchasable","19":"product-type-simple"},"aioseo_notices":[],"_links":{"self":[{"href":"https:\/\/www.livresentre2actions.fr\/fr_fr\/wp-json\/wp\/v2\/product\/14561","targetHints":{"allow":["GET"]}}],"collection":[{"href":"https:\/\/www.livresentre2actions.fr\/fr_fr\/wp-json\/wp\/v2\/product"}],"about":[{"href":"https:\/\/www.livresentre2actions.fr\/fr_fr\/wp-json\/wp\/v2\/types\/product"}],"wp:featuredmedia":[{"embeddable":true,"href":"https:\/\/www.livresentre2actions.fr\/fr_fr\/wp-json\/wp\/v2\/media\/14562"}],"wp:attachment":[{"href":"https:\/\/www.livresentre2actions.fr\/fr_fr\/wp-json\/wp\/v2\/media?parent=14561"}],"wp:term":[{"taxonomy":"product_brand","embeddable":true,"href":"https:\/\/www.livresentre2actions.fr\/fr_fr\/wp-json\/wp\/v2\/product_brand?post=14561"},{"taxonomy":"product_cat","embeddable":true,"href":"https:\/\/www.livresentre2actions.fr\/fr_fr\/wp-json\/wp\/v2\/product_cat?post=14561"},{"taxonomy":"product_tag","embeddable":true,"href":"https:\/\/www.livresentre2actions.fr\/fr_fr\/wp-json\/wp\/v2\/product_tag?post=14561"}],"curies":[{"name":"wp","href":"https:\/\/api.w.org\/{rel}","templated":true}]}}