{"id":14552,"date":"2025-08-02T15:28:59","date_gmt":"2025-08-02T13:28:59","guid":{"rendered":"https:\/\/www.livresentre2actions.fr\/?post_type=product&#038;p=14552"},"modified":"2025-08-25T14:23:13","modified_gmt":"2025-08-25T12:23:13","slug":"la-raison-passionnee-petites-etudes-joseph-caraguel-premiere-edition","status":"publish","type":"product","link":"https:\/\/www.livresentre2actions.fr\/fr_fr\/produit\/la-raison-passionnee-petites-etudes-joseph-caraguel-premiere-edition\/","title":{"rendered":"La raison passionn\u00e9e : petites \u00e9tudes &#8211; Joseph Caraguel, Premi\u00e8re \u00e9dition"},"content":{"rendered":"<p>P.-V. Stock &#8211; Plein simili percaline noire \u00e0 dos long orn\u00e9 des titres et auteurs, 182 x 121, 320p. Avec table. 1896. Premi\u00e8re \u00e9dition. Int\u00e9rieur propre, quelques rousseurs. Des frottements \u00e0 la reliure, mors inf\u00e9rieur fendu bri\u00e8vement en t\u00eate. Bon exemplaire bien ferme. \u00c9crivain et dramaturge fran\u00e7ais, Joseph Caraguel aurait \u00e9t\u00e9 le disciple pr\u00e9f\u00e9r\u00e9 des Goncourt. De ses amis, Jules Huret le classait parmi les n\u00e9o-r\u00e9alistes.<\/p>\n","protected":false},"excerpt":{"rendered":"<p>P.-V. Stock &#8211; Plein simili percaline noire \u00e0 dos long orn\u00e9 des titres et auteurs, 182 x 121, 320p. Avec table. 1896. Premi\u00e8re \u00e9dition. Int\u00e9rieur propre, quelques rousseurs. Des frottements \u00e0 la reliure, mors inf\u00e9rieur fendu bri\u00e8vement en t\u00eate. Bon exemplaire bien ferme. \u00c9crivain et dramaturge fran\u00e7ais, Joseph Caraguel aurait \u00e9t\u00e9 le disciple pr\u00e9f\u00e9r\u00e9 des &#8230; <a title=\"La raison passionn\u00e9e : petites \u00e9tudes &#8211; Joseph Caraguel, Premi\u00e8re \u00e9dition\" class=\"read-more\" href=\"https:\/\/www.livresentre2actions.fr\/fr_fr\/produit\/la-raison-passionnee-petites-etudes-joseph-caraguel-premiere-edition\/\" aria-label=\"En savoir plus sur La raison passionn\u00e9e : petites \u00e9tudes &#8211; Joseph Caraguel, Premi\u00e8re \u00e9dition\">Lire plus<\/a><\/p>\n","protected":false},"featured_media":14553,"template":"","meta":{"_eb_attr":""},"product_brand":[],"product_cat":[36,71,82],"product_tag":[],"class_list":{"0":"post-14552","1":"product","2":"type-product","3":"status-publish","4":"has-post-thumbnail","6":"product_cat-entre-le-xviiieme-et-le-xixeme-siecle","7":"product_cat-illustres-modernes-editions-originales-signees-numerotees","8":"product_cat-philosophie","9":"sales-flash-overlay","10":"woocommerce-text-align-center","11":"woocommerce-image-align-center","12":"wc-has-gallery","14":"first","15":"instock","16":"taxable","17":"shipping-taxable","18":"purchasable","19":"product-type-simple"},"aioseo_notices":[],"_links":{"self":[{"href":"https:\/\/www.livresentre2actions.fr\/fr_fr\/wp-json\/wp\/v2\/product\/14552","targetHints":{"allow":["GET"]}}],"collection":[{"href":"https:\/\/www.livresentre2actions.fr\/fr_fr\/wp-json\/wp\/v2\/product"}],"about":[{"href":"https:\/\/www.livresentre2actions.fr\/fr_fr\/wp-json\/wp\/v2\/types\/product"}],"wp:featuredmedia":[{"embeddable":true,"href":"https:\/\/www.livresentre2actions.fr\/fr_fr\/wp-json\/wp\/v2\/media\/14553"}],"wp:attachment":[{"href":"https:\/\/www.livresentre2actions.fr\/fr_fr\/wp-json\/wp\/v2\/media?parent=14552"}],"wp:term":[{"taxonomy":"product_brand","embeddable":true,"href":"https:\/\/www.livresentre2actions.fr\/fr_fr\/wp-json\/wp\/v2\/product_brand?post=14552"},{"taxonomy":"product_cat","embeddable":true,"href":"https:\/\/www.livresentre2actions.fr\/fr_fr\/wp-json\/wp\/v2\/product_cat?post=14552"},{"taxonomy":"product_tag","embeddable":true,"href":"https:\/\/www.livresentre2actions.fr\/fr_fr\/wp-json\/wp\/v2\/product_tag?post=14552"}],"curies":[{"name":"wp","href":"https:\/\/api.w.org\/{rel}","templated":true}]}}