{"id":14543,"date":"2025-08-02T15:26:02","date_gmt":"2025-08-02T13:26:02","guid":{"rendered":"https:\/\/www.livresentre2actions.fr\/?post_type=product&#038;p=14543"},"modified":"2025-08-02T15:26:03","modified_gmt":"2025-08-02T13:26:03","slug":"le-parasite-et-autres-nouvelles-conan-doyle","status":"publish","type":"product","link":"https:\/\/www.livresentre2actions.fr\/fr_fr\/produit\/le-parasite-et-autres-nouvelles-conan-doyle\/","title":{"rendered":"Le parasite (et autres nouvelles) &#8211; Conan Doyle"},"content":{"rendered":"<p>P.-V. Stock &#8211; Pleine percaline noir \u00e0 dos long, 182 x 120, 321p.. Hors table. 1909. Traduction de Albert Savine et Georges-Michel. Mention de deuxi\u00e8me \u00e9dition, possiblement fictive, une justification de tirage figure au verso des notes du traducteur (indiquant 8 exemplaires sur hollande seul grand papier). Sans doute donc la premi\u00e8re \u00e9dition en fran\u00e7ais. Comprend 5 nouvelles : Le parasite \/ Le coup gagnant \/ Un duel d\u2019acteur \/ Le secret de Goresthorpe Grange \/ La grosse Sally. Int\u00e9rieur propre, avec quelques rousseurs en d\u00e9but et fin de volume. Reliure frott\u00e9e mais propre. Bon exemplaire bien ferme. \u00c9galement en stock du m\u00eame auteur, m\u00eame traduction, chez le m\u00eame \u00e9diteur : La merveilleuse d\u00e9couverte de Raffles Haw<\/p>\n","protected":false},"excerpt":{"rendered":"<p>P.-V. Stock &#8211; Pleine percaline noir \u00e0 dos long, 182 x 120, 321p.. Hors table. 1909. Traduction de Albert Savine et Georges-Michel. Mention de deuxi\u00e8me \u00e9dition, possiblement fictive, une justification de tirage figure au verso des notes du traducteur (indiquant 8 exemplaires sur hollande seul grand papier). Sans doute donc la premi\u00e8re \u00e9dition en fran\u00e7ais. &#8230; <a title=\"Le parasite (et autres nouvelles) &#8211; Conan Doyle\" class=\"read-more\" href=\"https:\/\/www.livresentre2actions.fr\/fr_fr\/produit\/le-parasite-et-autres-nouvelles-conan-doyle\/\" aria-label=\"En savoir plus sur Le parasite (et autres nouvelles) &#8211; Conan Doyle\">Lire plus<\/a><\/p>\n","protected":false},"featured_media":14544,"template":"","meta":{"_eb_attr":""},"product_brand":[],"product_cat":[37,76],"product_tag":[],"class_list":{"0":"post-14543","1":"product","2":"type-product","3":"status-publish","4":"has-post-thumbnail","6":"product_cat-a-partir-du-xxeme-siecle","7":"product_cat-poesie-theatre-prose","8":"sales-flash-overlay","9":"woocommerce-text-align-center","10":"woocommerce-image-align-center","11":"wc-has-gallery","13":"first","14":"instock","15":"taxable","16":"shipping-taxable","17":"purchasable","18":"product-type-simple"},"aioseo_notices":[],"_links":{"self":[{"href":"https:\/\/www.livresentre2actions.fr\/fr_fr\/wp-json\/wp\/v2\/product\/14543","targetHints":{"allow":["GET"]}}],"collection":[{"href":"https:\/\/www.livresentre2actions.fr\/fr_fr\/wp-json\/wp\/v2\/product"}],"about":[{"href":"https:\/\/www.livresentre2actions.fr\/fr_fr\/wp-json\/wp\/v2\/types\/product"}],"wp:featuredmedia":[{"embeddable":true,"href":"https:\/\/www.livresentre2actions.fr\/fr_fr\/wp-json\/wp\/v2\/media\/14544"}],"wp:attachment":[{"href":"https:\/\/www.livresentre2actions.fr\/fr_fr\/wp-json\/wp\/v2\/media?parent=14543"}],"wp:term":[{"taxonomy":"product_brand","embeddable":true,"href":"https:\/\/www.livresentre2actions.fr\/fr_fr\/wp-json\/wp\/v2\/product_brand?post=14543"},{"taxonomy":"product_cat","embeddable":true,"href":"https:\/\/www.livresentre2actions.fr\/fr_fr\/wp-json\/wp\/v2\/product_cat?post=14543"},{"taxonomy":"product_tag","embeddable":true,"href":"https:\/\/www.livresentre2actions.fr\/fr_fr\/wp-json\/wp\/v2\/product_tag?post=14543"}],"curies":[{"name":"wp","href":"https:\/\/api.w.org\/{rel}","templated":true}]}}