{"id":14534,"date":"2025-08-02T15:19:24","date_gmt":"2025-08-02T13:19:24","guid":{"rendered":"https:\/\/www.livresentre2actions.fr\/?post_type=product&#038;p=14534"},"modified":"2025-08-25T14:23:13","modified_gmt":"2025-08-25T12:23:13","slug":"la-merveilleuse-decouverte-de-raffles-haw-premiere-edition-en-francais","status":"publish","type":"product","link":"https:\/\/www.livresentre2actions.fr\/fr_fr\/produit\/la-merveilleuse-decouverte-de-raffles-haw-premiere-edition-en-francais\/","title":{"rendered":"La merveilleuse d\u00e9couverte de Raffles Haw &#8211; Premi\u00e8re \u00e9dition en fran\u00e7ais"},"content":{"rendered":"<p>A. Conan Doyle &#8211; P.-V. Stock<\/p>\n<p>Plein simili percaline noire \u00e0 dos long orn\u00e9 des titres et auteurs, 182 x 121, 306p. Avec table. 1910. Traduction d\u2019Albert Savine. Premi\u00e8re \u00e9dition en fran\u00e7ais. Int\u00e9rieur propre, quelques rousseurs. Des frottements et taches l\u00e9g\u00e8res \u00e0 la reliure, mors sup\u00e9rieur fendu en t\u00eate sur 2cm, et sur 1 cm en t\u00eate de mors inf\u00e9rieur. Bon exemplaire bien ferme. \u00c9g\u00e9lament en stock du m\u00eame auteur, par le m\u00eame traducteur et chez le\u00a0 m\u00eame \u00e9diteur le recueil de nouvelles : Le parasite.<\/p>\n","protected":false},"excerpt":{"rendered":"<p>A. Conan Doyle &#8211; P.-V. Stock Plein simili percaline noire \u00e0 dos long orn\u00e9 des titres et auteurs, 182 x 121, 306p. Avec table. 1910. Traduction d\u2019Albert Savine. Premi\u00e8re \u00e9dition en fran\u00e7ais. Int\u00e9rieur propre, quelques rousseurs. Des frottements et taches l\u00e9g\u00e8res \u00e0 la reliure, mors sup\u00e9rieur fendu en t\u00eate sur 2cm, et sur 1 cm &#8230; <a title=\"La merveilleuse d\u00e9couverte de Raffles Haw &#8211; Premi\u00e8re \u00e9dition en fran\u00e7ais\" class=\"read-more\" href=\"https:\/\/www.livresentre2actions.fr\/fr_fr\/produit\/la-merveilleuse-decouverte-de-raffles-haw-premiere-edition-en-francais\/\" aria-label=\"En savoir plus sur La merveilleuse d\u00e9couverte de Raffles Haw &#8211; Premi\u00e8re \u00e9dition en fran\u00e7ais\">Lire plus<\/a><\/p>\n","protected":false},"featured_media":14535,"template":"","meta":{"_eb_attr":""},"product_brand":[],"product_cat":[37,71,76],"product_tag":[],"class_list":{"0":"post-14534","1":"product","2":"type-product","3":"status-publish","4":"has-post-thumbnail","6":"product_cat-a-partir-du-xxeme-siecle","7":"product_cat-illustres-modernes-editions-originales-signees-numerotees","8":"product_cat-poesie-theatre-prose","9":"sales-flash-overlay","10":"woocommerce-text-align-center","11":"woocommerce-image-align-center","12":"wc-has-gallery","14":"first","15":"instock","16":"taxable","17":"shipping-taxable","18":"purchasable","19":"product-type-simple"},"aioseo_notices":[],"_links":{"self":[{"href":"https:\/\/www.livresentre2actions.fr\/fr_fr\/wp-json\/wp\/v2\/product\/14534","targetHints":{"allow":["GET"]}}],"collection":[{"href":"https:\/\/www.livresentre2actions.fr\/fr_fr\/wp-json\/wp\/v2\/product"}],"about":[{"href":"https:\/\/www.livresentre2actions.fr\/fr_fr\/wp-json\/wp\/v2\/types\/product"}],"wp:featuredmedia":[{"embeddable":true,"href":"https:\/\/www.livresentre2actions.fr\/fr_fr\/wp-json\/wp\/v2\/media\/14535"}],"wp:attachment":[{"href":"https:\/\/www.livresentre2actions.fr\/fr_fr\/wp-json\/wp\/v2\/media?parent=14534"}],"wp:term":[{"taxonomy":"product_brand","embeddable":true,"href":"https:\/\/www.livresentre2actions.fr\/fr_fr\/wp-json\/wp\/v2\/product_brand?post=14534"},{"taxonomy":"product_cat","embeddable":true,"href":"https:\/\/www.livresentre2actions.fr\/fr_fr\/wp-json\/wp\/v2\/product_cat?post=14534"},{"taxonomy":"product_tag","embeddable":true,"href":"https:\/\/www.livresentre2actions.fr\/fr_fr\/wp-json\/wp\/v2\/product_tag?post=14534"}],"curies":[{"name":"wp","href":"https:\/\/api.w.org\/{rel}","templated":true}]}}