{"id":14505,"date":"2025-08-02T15:00:26","date_gmt":"2025-08-02T13:00:26","guid":{"rendered":"https:\/\/www.livresentre2actions.fr\/?post_type=product&#038;p=14505"},"modified":"2025-08-25T14:23:14","modified_gmt":"2025-08-25T12:23:14","slug":"mimmo-rotella-bruno-cora","status":"publish","type":"product","link":"https:\/\/www.livresentre2actions.fr\/fr_fr\/produit\/mimmo-rotella-bruno-cora\/","title":{"rendered":"Mimmo Rotella &#8211; Bruno Cora"},"content":{"rendered":"<p>Cartonnage \u00e9diteur sous jaquette, 307 x 250, 183p. 2012. Int\u00e9rieur impeccable, propre et int\u00e8gre, proche du neuf. Except\u00e9 un coin de t\u00eate l\u00e9g\u00e8rement cogn\u00e9, cartonnage \u00e9diteur propre et int\u00e8gre, proche du neuf. Chemise tr\u00e8s l\u00e9g\u00e8rement insol\u00e9e et frott\u00e9e mais propre et int\u00e8gre.<\/p>\n","protected":false},"excerpt":{"rendered":"<p>Cartonnage \u00e9diteur sous jaquette, 307 x 250, 183p. 2012. Int\u00e9rieur impeccable, propre et int\u00e8gre, proche du neuf. Except\u00e9 un coin de t\u00eate l\u00e9g\u00e8rement cogn\u00e9, cartonnage \u00e9diteur propre et int\u00e8gre, proche du neuf. Chemise tr\u00e8s l\u00e9g\u00e8rement insol\u00e9e et frott\u00e9e mais propre et int\u00e8gre.<\/p>\n","protected":false},"featured_media":14506,"template":"","meta":{"_eb_attr":""},"product_brand":[],"product_cat":[37,75,71],"product_tag":[],"class_list":{"0":"post-14505","1":"product","2":"type-product","3":"status-publish","4":"has-post-thumbnail","6":"product_cat-a-partir-du-xxeme-siecle","7":"product_cat-art","8":"product_cat-illustres-modernes-editions-originales-signees-numerotees","9":"sales-flash-overlay","10":"woocommerce-text-align-center","11":"woocommerce-image-align-center","12":"wc-has-gallery","14":"first","15":"instock","16":"taxable","17":"shipping-taxable","18":"purchasable","19":"product-type-simple"},"aioseo_notices":[],"_links":{"self":[{"href":"https:\/\/www.livresentre2actions.fr\/fr_fr\/wp-json\/wp\/v2\/product\/14505","targetHints":{"allow":["GET"]}}],"collection":[{"href":"https:\/\/www.livresentre2actions.fr\/fr_fr\/wp-json\/wp\/v2\/product"}],"about":[{"href":"https:\/\/www.livresentre2actions.fr\/fr_fr\/wp-json\/wp\/v2\/types\/product"}],"wp:featuredmedia":[{"embeddable":true,"href":"https:\/\/www.livresentre2actions.fr\/fr_fr\/wp-json\/wp\/v2\/media\/14506"}],"wp:attachment":[{"href":"https:\/\/www.livresentre2actions.fr\/fr_fr\/wp-json\/wp\/v2\/media?parent=14505"}],"wp:term":[{"taxonomy":"product_brand","embeddable":true,"href":"https:\/\/www.livresentre2actions.fr\/fr_fr\/wp-json\/wp\/v2\/product_brand?post=14505"},{"taxonomy":"product_cat","embeddable":true,"href":"https:\/\/www.livresentre2actions.fr\/fr_fr\/wp-json\/wp\/v2\/product_cat?post=14505"},{"taxonomy":"product_tag","embeddable":true,"href":"https:\/\/www.livresentre2actions.fr\/fr_fr\/wp-json\/wp\/v2\/product_tag?post=14505"}],"curies":[{"name":"wp","href":"https:\/\/api.w.org\/{rel}","templated":true}]}}