{"id":14495,"date":"2025-08-01T19:55:12","date_gmt":"2025-08-01T17:55:12","guid":{"rendered":"https:\/\/www.livresentre2actions.fr\/?post_type=product&#038;p=14495"},"modified":"2025-08-25T14:23:14","modified_gmt":"2025-08-25T12:23:14","slug":"des-soeurs-grises-aux-soeurs-annonciales-a-boulogne-sur-mer-2","status":"publish","type":"product","link":"https:\/\/www.livresentre2actions.fr\/fr_fr\/produit\/des-soeurs-grises-aux-soeurs-annonciales-a-boulogne-sur-mer-2\/","title":{"rendered":"Des S\u0153urs Grises aux S\u0153urs Annonciales \u00e0 Boulogne-sur-Mer"},"content":{"rendered":"<p>Gabriel Duval, P\u00e8re C\u00e9saire &#8211; Broch\u00e9 \u00e0 dos coll\u00e9, 297 x 211, 71p. 1990. Suivi des pi\u00e8ces et documents, plans etc. (71p.) Int\u00e9rieur propre et int\u00e8gre. Couvertures l\u00e9g\u00e8rement insol\u00e9es mais propres, une \u00e9tiquette de prix en pied de dos. Bon exemplaire bien ferme.<\/p>\n","protected":false},"excerpt":{"rendered":"<p>Gabriel Duval, P\u00e8re C\u00e9saire &#8211; Broch\u00e9 \u00e0 dos coll\u00e9, 297 x 211, 71p. 1990. Suivi des pi\u00e8ces et documents, plans etc. (71p.) Int\u00e9rieur propre et int\u00e8gre. Couvertures l\u00e9g\u00e8rement insol\u00e9es mais propres, une \u00e9tiquette de prix en pied de dos. Bon exemplaire bien ferme.<\/p>\n","protected":false},"featured_media":14496,"template":"","meta":{"_eb_attr":""},"product_brand":[],"product_cat":[37,71,81,73,68],"product_tag":[],"class_list":{"0":"post-14495","1":"product","2":"type-product","3":"status-publish","4":"has-post-thumbnail","6":"product_cat-a-partir-du-xxeme-siecle","7":"product_cat-illustres-modernes-editions-originales-signees-numerotees","8":"product_cat-hauts-de-france","9":"product_cat-histoires-et-recits-de-voyage","10":"product_cat-religion-spiritualite","11":"sales-flash-overlay","12":"woocommerce-text-align-center","13":"woocommerce-image-align-center","14":"wc-has-gallery","16":"first","17":"instock","18":"taxable","19":"shipping-taxable","20":"purchasable","21":"product-type-simple"},"aioseo_notices":[],"_links":{"self":[{"href":"https:\/\/www.livresentre2actions.fr\/fr_fr\/wp-json\/wp\/v2\/product\/14495","targetHints":{"allow":["GET"]}}],"collection":[{"href":"https:\/\/www.livresentre2actions.fr\/fr_fr\/wp-json\/wp\/v2\/product"}],"about":[{"href":"https:\/\/www.livresentre2actions.fr\/fr_fr\/wp-json\/wp\/v2\/types\/product"}],"wp:featuredmedia":[{"embeddable":true,"href":"https:\/\/www.livresentre2actions.fr\/fr_fr\/wp-json\/wp\/v2\/media\/14496"}],"wp:attachment":[{"href":"https:\/\/www.livresentre2actions.fr\/fr_fr\/wp-json\/wp\/v2\/media?parent=14495"}],"wp:term":[{"taxonomy":"product_brand","embeddable":true,"href":"https:\/\/www.livresentre2actions.fr\/fr_fr\/wp-json\/wp\/v2\/product_brand?post=14495"},{"taxonomy":"product_cat","embeddable":true,"href":"https:\/\/www.livresentre2actions.fr\/fr_fr\/wp-json\/wp\/v2\/product_cat?post=14495"},{"taxonomy":"product_tag","embeddable":true,"href":"https:\/\/www.livresentre2actions.fr\/fr_fr\/wp-json\/wp\/v2\/product_tag?post=14495"}],"curies":[{"name":"wp","href":"https:\/\/api.w.org\/{rel}","templated":true}]}}