{"id":14402,"date":"2025-08-01T18:50:42","date_gmt":"2025-08-01T16:50:42","guid":{"rendered":"https:\/\/www.livresentre2actions.fr\/?post_type=product&#038;p=14402"},"modified":"2025-08-27T11:30:34","modified_gmt":"2025-08-27T09:30:34","slug":"etrennes-aux-gens-deglise-ou-la-chandelle-darras-1775","status":"publish","type":"product","link":"https:\/\/www.livresentre2actions.fr\/fr_fr\/produit\/etrennes-aux-gens-deglise-ou-la-chandelle-darras-1775\/","title":{"rendered":"\u00c9trennes aux gens d&rsquo;\u00e9glise, ou la chandelle d&rsquo;Arras, &#8211; 1775"},"content":{"rendered":"<p>Etrennes aux gens d&rsquo;\u00e9glise, ou la chandelle d&rsquo;Arras, po\u00e8me h\u00e9roi- comique en XVIII chants In 12, joli 1\/2 chagrin chocolat \u00e0 coins, dos \u00e0 faux-nerfs orn\u00e9 du titre et de fleurons aux caissons, 188 x 122, 152p. 1775. fin XIX\u00e8me, dos \u00e0 nerfs orn\u00e9, vignette ex-libris coll\u00e9e en t\u00eate de garde \u00ab\u00a0Biblioth\u00e8que de Monsieur Christian Charlet\u00a0\u00bb. Deux coupures de presse pr\u00e9sentant deux autres \u00e9ditions du livre (une coupure volante, une autre coll\u00e9e en t\u00eate de seconde garde). Comprend\u00a0: &#8211; Les philosophe lapons. Ep\u00eetre d\u00e9dicatoire \u00e0 Monsieur de Voltaire, Comte de Ferney. Iv-xiij, et sign\u00e9 Modeste-Tranquille Xan-Xung, l\u2019une des usuelles signatures de Dulaurens, lequel est un pseudonyme familial plut\u00f4t usit\u00e9 par le fr\u00e8re d\u2019Henri-Joseph, Andr\u00e9 Laurent \/ Suivi de : &#8211; Histoire de la Sainte chandelle d\u2019Arras, extraite de l\u2019Histoire eccl\u00e9siastique des Pays-Bas, par Gazet, xiv-xvj. Suivi de : &#8211; La chandelle d&rsquo;Arras, 2-152. [Titre de l&rsquo;\u00e9dition originale qui avait paru en 1765] Int\u00e9rieur insol\u00e9 mais propre et int\u00e8gre. Belle reliure, avec quelques frottements marginaux, mais tr\u00e8s bonne. Bien ferme. Cette satire a \u00e9t\u00e9 publi\u00e9e pour la premi\u00e8re fois en 1765. L\u2019abb\u00e9 Henri Joseph du Laurens, baptis\u00e9 \u00e0 Douai en 1719, fut un f\u00e9roce anti-j\u00e9suite, \u00e0 qui l\u2019on doit notamment le \u00ab\u00a0Comp\u00e8re Matthieu.\u00a0\u00bb et qui publia de nombreux ouvrages impies qui lui valurent la prison.<\/p>\n","protected":false},"excerpt":{"rendered":"<p>Etrennes aux gens d&rsquo;\u00e9glise, ou la chandelle d&rsquo;Arras, po\u00e8me h\u00e9roi- comique en XVIII chants In 12, joli 1\/2 chagrin chocolat \u00e0 coins, dos \u00e0 faux-nerfs orn\u00e9 du titre et de fleurons aux caissons, 188 x 122, 152p. 1775. fin XIX\u00e8me, dos \u00e0 nerfs orn\u00e9, vignette ex-libris coll\u00e9e en t\u00eate de garde \u00ab\u00a0Biblioth\u00e8que de Monsieur Christian &#8230; <a title=\"\u00c9trennes aux gens d&rsquo;\u00e9glise, ou la chandelle d&rsquo;Arras, &#8211; 1775\" class=\"read-more\" href=\"https:\/\/www.livresentre2actions.fr\/fr_fr\/produit\/etrennes-aux-gens-deglise-ou-la-chandelle-darras-1775\/\" aria-label=\"En savoir plus sur \u00c9trennes aux gens d&rsquo;\u00e9glise, ou la chandelle d&rsquo;Arras, &#8211; 1775\">Lire plus<\/a><\/p>\n","protected":false},"featured_media":14403,"template":"","meta":{"_eb_attr":""},"product_brand":[],"product_cat":[36,84,81,68],"product_tag":[94],"class_list":{"0":"post-14402","1":"product","2":"type-product","3":"status-publish","4":"has-post-thumbnail","6":"product_cat-entre-le-xviiieme-et-le-xixeme-siecle","7":"product_cat-curiosa","8":"product_cat-hauts-de-france","9":"product_cat-religion-spiritualite","10":"product_tag-provenance","11":"sales-flash-overlay","12":"woocommerce-text-align-center","13":"woocommerce-image-align-center","14":"wc-has-gallery","16":"first","17":"instock","18":"taxable","19":"shipping-taxable","20":"purchasable","21":"product-type-simple"},"aioseo_notices":[],"_links":{"self":[{"href":"https:\/\/www.livresentre2actions.fr\/fr_fr\/wp-json\/wp\/v2\/product\/14402","targetHints":{"allow":["GET"]}}],"collection":[{"href":"https:\/\/www.livresentre2actions.fr\/fr_fr\/wp-json\/wp\/v2\/product"}],"about":[{"href":"https:\/\/www.livresentre2actions.fr\/fr_fr\/wp-json\/wp\/v2\/types\/product"}],"wp:featuredmedia":[{"embeddable":true,"href":"https:\/\/www.livresentre2actions.fr\/fr_fr\/wp-json\/wp\/v2\/media\/14403"}],"wp:attachment":[{"href":"https:\/\/www.livresentre2actions.fr\/fr_fr\/wp-json\/wp\/v2\/media?parent=14402"}],"wp:term":[{"taxonomy":"product_brand","embeddable":true,"href":"https:\/\/www.livresentre2actions.fr\/fr_fr\/wp-json\/wp\/v2\/product_brand?post=14402"},{"taxonomy":"product_cat","embeddable":true,"href":"https:\/\/www.livresentre2actions.fr\/fr_fr\/wp-json\/wp\/v2\/product_cat?post=14402"},{"taxonomy":"product_tag","embeddable":true,"href":"https:\/\/www.livresentre2actions.fr\/fr_fr\/wp-json\/wp\/v2\/product_tag?post=14402"}],"curies":[{"name":"wp","href":"https:\/\/api.w.org\/{rel}","templated":true}]}}