{"id":14312,"date":"2025-08-01T17:37:33","date_gmt":"2025-08-01T15:37:33","guid":{"rendered":"https:\/\/www.livresentre2actions.fr\/?post_type=product&#038;p=14312"},"modified":"2025-08-27T11:31:29","modified_gmt":"2025-08-27T09:31:29","slug":"memoires-dune-femme-de-chambre-ecrits-par-elle-meme-en-1786","status":"publish","type":"product","link":"https:\/\/www.livresentre2actions.fr\/fr_fr\/produit\/memoires-dune-femme-de-chambre-ecrits-par-elle-meme-en-1786\/","title":{"rendered":"M\u00e9moires d\u2019une femme de chambre \u00e9crits par elle-m\u00eame en 1786"},"content":{"rendered":"<p>Anonyme &#8211; J.-J. Gay &#8211; Demi-chagrin tabac \u00e0 coins, dos \u00e0 faux-nerfs orn\u00e9s de liser\u00e9s et du titre, 197 x 126, 1883. Bruxelles. Possiblement l\u2019\u00e9dition originale. Tirage \u00e0 petit nombre. 2 tomes un volume. 3 jolis ex-libris num\u00e9rot\u00e9s en contreplat sup\u00e9rieur et page de garde : \u00e0 savoir, une noble provenance italienne avec armoiries \u00ab Biblioteca Lucini Passalaqua \u00bb ; un ex-libris de Major Bryan Palmes ; et un autre \u00e0 volet ouvrant sur une feuille \u00e0 \u00e0 lignes vierges, sign\u00e9 Pasinati, Roma. Int\u00e9rieur tr\u00e8s bon, propre et int\u00e8gre. Reliure un peu frott\u00e9e avec quelques \u00e9pidermures, mais bonne et int\u00e8gre. Bel exemplaire bien ferme.<\/p>\n","protected":false},"excerpt":{"rendered":"<p>Anonyme &#8211; J.-J. Gay &#8211; Demi-chagrin tabac \u00e0 coins, dos \u00e0 faux-nerfs orn\u00e9s de liser\u00e9s et du titre, 197 x 126, 1883. Bruxelles. Possiblement l\u2019\u00e9dition originale. Tirage \u00e0 petit nombre. 2 tomes un volume. 3 jolis ex-libris num\u00e9rot\u00e9s en contreplat sup\u00e9rieur et page de garde : \u00e0 savoir, une noble provenance italienne avec armoiries \u00ab &#8230; <a title=\"M\u00e9moires d\u2019une femme de chambre \u00e9crits par elle-m\u00eame en 1786\" class=\"read-more\" href=\"https:\/\/www.livresentre2actions.fr\/fr_fr\/produit\/memoires-dune-femme-de-chambre-ecrits-par-elle-meme-en-1786\/\" aria-label=\"En savoir plus sur M\u00e9moires d\u2019une femme de chambre \u00e9crits par elle-m\u00eame en 1786\">Lire plus<\/a><\/p>\n","protected":false},"featured_media":14313,"template":"","meta":{"_eb_attr":""},"product_brand":[],"product_cat":[36,84,71,76],"product_tag":[94],"class_list":{"0":"post-14312","1":"product","2":"type-product","3":"status-publish","4":"has-post-thumbnail","6":"product_cat-entre-le-xviiieme-et-le-xixeme-siecle","7":"product_cat-curiosa","8":"product_cat-illustres-modernes-editions-originales-signees-numerotees","9":"product_cat-poesie-theatre-prose","10":"product_tag-provenance","11":"sales-flash-overlay","12":"woocommerce-text-align-center","13":"woocommerce-image-align-center","14":"wc-has-gallery","16":"first","17":"instock","18":"taxable","19":"shipping-taxable","20":"purchasable","21":"product-type-simple"},"aioseo_notices":[],"_links":{"self":[{"href":"https:\/\/www.livresentre2actions.fr\/fr_fr\/wp-json\/wp\/v2\/product\/14312","targetHints":{"allow":["GET"]}}],"collection":[{"href":"https:\/\/www.livresentre2actions.fr\/fr_fr\/wp-json\/wp\/v2\/product"}],"about":[{"href":"https:\/\/www.livresentre2actions.fr\/fr_fr\/wp-json\/wp\/v2\/types\/product"}],"wp:featuredmedia":[{"embeddable":true,"href":"https:\/\/www.livresentre2actions.fr\/fr_fr\/wp-json\/wp\/v2\/media\/14313"}],"wp:attachment":[{"href":"https:\/\/www.livresentre2actions.fr\/fr_fr\/wp-json\/wp\/v2\/media?parent=14312"}],"wp:term":[{"taxonomy":"product_brand","embeddable":true,"href":"https:\/\/www.livresentre2actions.fr\/fr_fr\/wp-json\/wp\/v2\/product_brand?post=14312"},{"taxonomy":"product_cat","embeddable":true,"href":"https:\/\/www.livresentre2actions.fr\/fr_fr\/wp-json\/wp\/v2\/product_cat?post=14312"},{"taxonomy":"product_tag","embeddable":true,"href":"https:\/\/www.livresentre2actions.fr\/fr_fr\/wp-json\/wp\/v2\/product_tag?post=14312"}],"curies":[{"name":"wp","href":"https:\/\/api.w.org\/{rel}","templated":true}]}}