{"id":14300,"date":"2025-08-01T17:27:57","date_gmt":"2025-08-01T15:27:57","guid":{"rendered":"https:\/\/www.livresentre2actions.fr\/?post_type=product&#038;p=14300"},"modified":"2025-08-25T14:23:19","modified_gmt":"2025-08-25T12:23:19","slug":"rudimentos-de-philosophia-racional-e-moral-manoel-carneiro-edition-originale","status":"publish","type":"product","link":"https:\/\/www.livresentre2actions.fr\/fr_fr\/produit\/rudimentos-de-philosophia-racional-e-moral-manoel-carneiro-edition-originale\/","title":{"rendered":"Rudimentos de philosophia racional e moral &#8211; Manoel Carneiro. \u00c9dition originale"},"content":{"rendered":"<p>Rudimentos de philosophia racional e moral ou Ensaios philosophicos de un joven estudiante &#8211; Anonyme ou (M.C. A. A. H.\u00a0:! selon l\u00e9gende du portrait en frontispice) [Manoel Carneiro de Almeida e Albuquerque]<\/p>\n<p>Typographia, rua da rica de duarte bello n\u00b055, Lisboa &#8211; Plein chagrin rouge richement d\u00e9cor\u00e9, \u00e0 dos long muet orn\u00e9 de fleurons tout du long et de liser\u00e9s doubles, plats orn\u00e9s \u00e0 l\u2019identique avec un encadrement \u00e0 liser\u00e9s \u00e9pais et pleins, autour d\u2019un cadre chagrin estamp\u00e9 d\u2019une guirlande, encadrant un chagrin \u00e0 long grain bord\u00e9 d\u2019une guirlande large \u00e0 arabesques florales, champs des coins orn\u00e9s, toutes tranches dor\u00e9es, 221 x 148, 112p. Hors errata. 1852. Orn\u00e9 d\u2019un frontispice sous serpente l\u00e9gend\u00e9\u00a0: \u00ab\u00a0M.C. A. A. H.\u00a0:!\u00a0\u00bb. Int\u00e9rieur l\u00e9g\u00e8rement insol\u00e9 mais propre et int\u00e8gre. Contreplats et gardes avec traces et l\u00e9g\u00e8res rousseurs. Coins frott\u00e9s, l\u00e9g\u00e8rement \u00e9mouss\u00e9s. Champs frott\u00e9s avec \u00e9pidermures. Plats frott\u00e9s avec quelques griffes l\u00e9g\u00e8res. Dos frott\u00e9 avec fortes \u00e9pidermures en coiffe et queue. Bien ferme.<\/p>\n","protected":false},"excerpt":{"rendered":"<p>Rudimentos de philosophia racional e moral ou Ensaios philosophicos de un joven estudiante &#8211; Anonyme ou (M.C. A. A. H.\u00a0:! selon l\u00e9gende du portrait en frontispice) [Manoel Carneiro de Almeida e Albuquerque] Typographia, rua da rica de duarte bello n\u00b055, Lisboa &#8211; Plein chagrin rouge richement d\u00e9cor\u00e9, \u00e0 dos long muet orn\u00e9 de fleurons tout &#8230; <a title=\"Rudimentos de philosophia racional e moral &#8211; Manoel Carneiro. \u00c9dition originale\" class=\"read-more\" href=\"https:\/\/www.livresentre2actions.fr\/fr_fr\/produit\/rudimentos-de-philosophia-racional-e-moral-manoel-carneiro-edition-originale\/\" aria-label=\"En savoir plus sur Rudimentos de philosophia racional e moral &#8211; Manoel Carneiro. \u00c9dition originale\">Lire plus<\/a><\/p>\n","protected":false},"featured_media":14301,"template":"","meta":{"_eb_attr":""},"product_brand":[],"product_cat":[36,71,82],"product_tag":[],"class_list":{"0":"post-14300","1":"product","2":"type-product","3":"status-publish","4":"has-post-thumbnail","6":"product_cat-entre-le-xviiieme-et-le-xixeme-siecle","7":"product_cat-illustres-modernes-editions-originales-signees-numerotees","8":"product_cat-philosophie","9":"sales-flash-overlay","10":"woocommerce-text-align-center","11":"woocommerce-image-align-center","12":"wc-has-gallery","14":"first","15":"instock","16":"taxable","17":"shipping-taxable","18":"purchasable","19":"product-type-simple"},"aioseo_notices":[],"_links":{"self":[{"href":"https:\/\/www.livresentre2actions.fr\/fr_fr\/wp-json\/wp\/v2\/product\/14300","targetHints":{"allow":["GET"]}}],"collection":[{"href":"https:\/\/www.livresentre2actions.fr\/fr_fr\/wp-json\/wp\/v2\/product"}],"about":[{"href":"https:\/\/www.livresentre2actions.fr\/fr_fr\/wp-json\/wp\/v2\/types\/product"}],"wp:featuredmedia":[{"embeddable":true,"href":"https:\/\/www.livresentre2actions.fr\/fr_fr\/wp-json\/wp\/v2\/media\/14301"}],"wp:attachment":[{"href":"https:\/\/www.livresentre2actions.fr\/fr_fr\/wp-json\/wp\/v2\/media?parent=14300"}],"wp:term":[{"taxonomy":"product_brand","embeddable":true,"href":"https:\/\/www.livresentre2actions.fr\/fr_fr\/wp-json\/wp\/v2\/product_brand?post=14300"},{"taxonomy":"product_cat","embeddable":true,"href":"https:\/\/www.livresentre2actions.fr\/fr_fr\/wp-json\/wp\/v2\/product_cat?post=14300"},{"taxonomy":"product_tag","embeddable":true,"href":"https:\/\/www.livresentre2actions.fr\/fr_fr\/wp-json\/wp\/v2\/product_tag?post=14300"}],"curies":[{"name":"wp","href":"https:\/\/api.w.org\/{rel}","templated":true}]}}