{"id":14243,"date":"2025-08-01T16:48:13","date_gmt":"2025-08-01T14:48:13","guid":{"rendered":"https:\/\/www.livresentre2actions.fr\/?post_type=product&#038;p=14243"},"modified":"2025-08-25T14:23:20","modified_gmt":"2025-08-25T12:23:20","slug":"tour-of-the-grand-junction-john-hassell-edition-originale-illustree","status":"publish","type":"product","link":"https:\/\/www.livresentre2actions.fr\/fr_fr\/produit\/tour-of-the-grand-junction-john-hassell-edition-originale-illustree\/","title":{"rendered":"Tour of the Grand Junction &#8211; John Hassell &#8211; Edition originale illustr\u00e9e"},"content":{"rendered":"<p>Tour of the Grand Junction, illustrated in a series of engravings with an Historical and Topographical Description of those parts of the counties of Middlesex, Hertfordshire, Buckinghamshire, Bedfordshire, and Northamptonshire, Through which the Canal passes.<\/p>\n<p>Incomplet : 18 planches sur 24<\/p>\n<p>London &#8211; Jolie reliure plein maroquin rouge \u00e0 dos et plats orn\u00e9s richement\u00a0; dos \u00e0 nerfs, nerfs orn\u00e9s, caissons \u00e0 liser\u00e9s et fin motif tr\u00e8s dense ; plats \u00e0 \u00e0 encadrement \u00e0 triple liser\u00e9 et large guirlande \u00e0 motifs floraux tr\u00e8s dense, avec un cadre ins\u00e9r\u00e9 \u00e0 triple liser\u00e9s et guirlande \u00e0 motifs floraux estamp\u00e9s\u00a0; champs des coins orn\u00e9s\u00a0; toutes tranches dor\u00e9es, 218 x 140, 1819. Avec 18 des 24 planches dont frontispice. Pr\u00e9face, vi-viii\u00a0; puis le texte 147p.\u00a0; in fine index et table des planches. \u00c9dition originale du r\u00e9cit de voyage illustr\u00e9 de Hassell explorant le trac\u00e9 du canal de Grand Junction, construit de 1793 \u00e0 1805 entre le Northamptonshire et Londres. Les planches manquantes sont\u00a0: Leightown Beaudesert town\u00a0; Three Locks, Stoke\u00a0Hammond\u00a0; View of Linford\u00a0; Stony Stradford ; Entrance to Blisworth Tunnel\u00a0; Weedon-Bee Church, and Embankment across the Valley. Int\u00e9rieur propre, mais bloc-livre fragilis\u00e9 sur sa reliure. Frottements et \u00e9pidermures en plats, champs, coins et dos avec \u00e9pidermures plus marqu\u00e9es en coiffe et queue, et coins. Aquarelliste et graveur, Hassell (1767-1825) a produit un certain nombre de guides illustr\u00e9s de la campagne anglaise.<\/p>\n","protected":false},"excerpt":{"rendered":"<p>Tour of the Grand Junction, illustrated in a series of engravings with an Historical and Topographical Description of those parts of the counties of Middlesex, Hertfordshire, Buckinghamshire, Bedfordshire, and Northamptonshire, Through which the Canal passes. Incomplet : 18 planches sur 24 London &#8211; Jolie reliure plein maroquin rouge \u00e0 dos et plats orn\u00e9s richement\u00a0; dos &#8230; <a title=\"Tour of the Grand Junction &#8211; John Hassell &#8211; Edition originale illustr\u00e9e\" class=\"read-more\" href=\"https:\/\/www.livresentre2actions.fr\/fr_fr\/produit\/tour-of-the-grand-junction-john-hassell-edition-originale-illustree\/\" aria-label=\"En savoir plus sur Tour of the Grand Junction &#8211; John Hassell &#8211; Edition originale illustr\u00e9e\">Lire plus<\/a><\/p>\n","protected":false},"featured_media":14244,"template":"","meta":{"_eb_attr":""},"product_brand":[],"product_cat":[36,75,71,73],"product_tag":[],"class_list":{"0":"post-14243","1":"product","2":"type-product","3":"status-publish","4":"has-post-thumbnail","6":"product_cat-entre-le-xviiieme-et-le-xixeme-siecle","7":"product_cat-art","8":"product_cat-illustres-modernes-editions-originales-signees-numerotees","9":"product_cat-histoires-et-recits-de-voyage","10":"sales-flash-overlay","11":"woocommerce-text-align-center","12":"woocommerce-image-align-center","13":"wc-has-gallery","15":"first","16":"instock","17":"taxable","18":"shipping-taxable","19":"purchasable","20":"product-type-simple"},"aioseo_notices":[],"_links":{"self":[{"href":"https:\/\/www.livresentre2actions.fr\/fr_fr\/wp-json\/wp\/v2\/product\/14243","targetHints":{"allow":["GET"]}}],"collection":[{"href":"https:\/\/www.livresentre2actions.fr\/fr_fr\/wp-json\/wp\/v2\/product"}],"about":[{"href":"https:\/\/www.livresentre2actions.fr\/fr_fr\/wp-json\/wp\/v2\/types\/product"}],"wp:featuredmedia":[{"embeddable":true,"href":"https:\/\/www.livresentre2actions.fr\/fr_fr\/wp-json\/wp\/v2\/media\/14244"}],"wp:attachment":[{"href":"https:\/\/www.livresentre2actions.fr\/fr_fr\/wp-json\/wp\/v2\/media?parent=14243"}],"wp:term":[{"taxonomy":"product_brand","embeddable":true,"href":"https:\/\/www.livresentre2actions.fr\/fr_fr\/wp-json\/wp\/v2\/product_brand?post=14243"},{"taxonomy":"product_cat","embeddable":true,"href":"https:\/\/www.livresentre2actions.fr\/fr_fr\/wp-json\/wp\/v2\/product_cat?post=14243"},{"taxonomy":"product_tag","embeddable":true,"href":"https:\/\/www.livresentre2actions.fr\/fr_fr\/wp-json\/wp\/v2\/product_tag?post=14243"}],"curies":[{"name":"wp","href":"https:\/\/api.w.org\/{rel}","templated":true}]}}