{"id":14210,"date":"2025-08-01T16:27:06","date_gmt":"2025-08-01T14:27:06","guid":{"rendered":"https:\/\/www.livresentre2actions.fr\/?post_type=product&#038;p=14210"},"modified":"2025-08-25T14:23:21","modified_gmt":"2025-08-25T12:23:21","slug":"le-livre-de-goha-le-simple-2-vols-a-ades-et-a-josipovici","status":"publish","type":"product","link":"https:\/\/www.livresentre2actions.fr\/fr_fr\/produit\/le-livre-de-goha-le-simple-2-vols-a-ades-et-a-josipovici\/","title":{"rendered":"Le livre de Goha le simple. 2 vols. &#8211; A.  Ades et A. Josipovici."},"content":{"rendered":"<p>La Connaissance &#8211; Broch\u00e9 \u00e0 couvertures rempli\u00e9es, 190 x 130, 1926. Pr\u00e9face par Octave Mirbeau. Gravures hors-texte de Mariette LYDIS. Tirage limit\u00e9 \u00e0 1000 exemplaires num\u00e9rot\u00e9s, 1 des 800 exemplaires sur verg\u00e9 de Rives. (635). Edition illustr\u00e9e de 45 compositions originales de Mariette Lydis en deux tons. Complet. T1, 187p. T2, 402p. Int\u00e9rieur tr\u00e8s bon, propre et int\u00e8gre. Couvertures propres et int\u00e8gres. Dos insol\u00e9s mais int\u00e8gres, avec petite tache en pied. Bien fermes.<\/p>\n","protected":false},"excerpt":{"rendered":"<p>La Connaissance &#8211; Broch\u00e9 \u00e0 couvertures rempli\u00e9es, 190 x 130, 1926. Pr\u00e9face par Octave Mirbeau. Gravures hors-texte de Mariette LYDIS. Tirage limit\u00e9 \u00e0 1000 exemplaires num\u00e9rot\u00e9s, 1 des 800 exemplaires sur verg\u00e9 de Rives. (635). Edition illustr\u00e9e de 45 compositions originales de Mariette Lydis en deux tons. Complet. T1, 187p. T2, 402p. Int\u00e9rieur tr\u00e8s bon, &#8230; <a title=\"Le livre de Goha le simple. 2 vols. &#8211; A.  Ades et A. Josipovici.\" class=\"read-more\" href=\"https:\/\/www.livresentre2actions.fr\/fr_fr\/produit\/le-livre-de-goha-le-simple-2-vols-a-ades-et-a-josipovici\/\" aria-label=\"En savoir plus sur Le livre de Goha le simple. 2 vols. &#8211; A.  Ades et A. Josipovici.\">Lire plus<\/a><\/p>\n","protected":false},"featured_media":14211,"template":"","meta":{"_eb_attr":""},"product_brand":[],"product_cat":[37,75,71,76],"product_tag":[],"class_list":{"0":"post-14210","1":"product","2":"type-product","3":"status-publish","4":"has-post-thumbnail","6":"product_cat-a-partir-du-xxeme-siecle","7":"product_cat-art","8":"product_cat-illustres-modernes-editions-originales-signees-numerotees","9":"product_cat-poesie-theatre-prose","10":"sales-flash-overlay","11":"woocommerce-text-align-center","12":"woocommerce-image-align-center","13":"wc-has-gallery","15":"first","16":"instock","17":"taxable","18":"shipping-taxable","19":"purchasable","20":"product-type-simple"},"aioseo_notices":[],"_links":{"self":[{"href":"https:\/\/www.livresentre2actions.fr\/fr_fr\/wp-json\/wp\/v2\/product\/14210","targetHints":{"allow":["GET"]}}],"collection":[{"href":"https:\/\/www.livresentre2actions.fr\/fr_fr\/wp-json\/wp\/v2\/product"}],"about":[{"href":"https:\/\/www.livresentre2actions.fr\/fr_fr\/wp-json\/wp\/v2\/types\/product"}],"wp:featuredmedia":[{"embeddable":true,"href":"https:\/\/www.livresentre2actions.fr\/fr_fr\/wp-json\/wp\/v2\/media\/14211"}],"wp:attachment":[{"href":"https:\/\/www.livresentre2actions.fr\/fr_fr\/wp-json\/wp\/v2\/media?parent=14210"}],"wp:term":[{"taxonomy":"product_brand","embeddable":true,"href":"https:\/\/www.livresentre2actions.fr\/fr_fr\/wp-json\/wp\/v2\/product_brand?post=14210"},{"taxonomy":"product_cat","embeddable":true,"href":"https:\/\/www.livresentre2actions.fr\/fr_fr\/wp-json\/wp\/v2\/product_cat?post=14210"},{"taxonomy":"product_tag","embeddable":true,"href":"https:\/\/www.livresentre2actions.fr\/fr_fr\/wp-json\/wp\/v2\/product_tag?post=14210"}],"curies":[{"name":"wp","href":"https:\/\/api.w.org\/{rel}","templated":true}]}}