{"id":14184,"date":"2025-08-01T14:35:26","date_gmt":"2025-08-01T12:35:26","guid":{"rendered":"https:\/\/www.livresentre2actions.fr\/?post_type=product&#038;p=14184"},"modified":"2025-08-25T14:23:22","modified_gmt":"2025-08-25T12:23:22","slug":"ligny-en-cambresis-mon-village-dhier-a-aujourdhui-jean-tordoit","status":"publish","type":"product","link":"https:\/\/www.livresentre2actions.fr\/fr_fr\/produit\/ligny-en-cambresis-mon-village-dhier-a-aujourdhui-jean-tordoit\/","title":{"rendered":"Ligny en Cambr\u00e9sis. Mon village d&rsquo;hier \u00e0 aujourd&rsquo;hui &#8211; Jean Tordoit"},"content":{"rendered":"<p>Suivi de l&rsquo;histoire de ma rue. T\u00e9moignage d&rsquo;un ancien. Broch\u00e9, 300 x 215, 61p. 1977. Quelques rousseurs \u00e9parses et l\u00e9g\u00e8res. bon exemplaire, bien ferme.<\/p>\n","protected":false},"excerpt":{"rendered":"<p>Suivi de l&rsquo;histoire de ma rue. T\u00e9moignage d&rsquo;un ancien. Broch\u00e9, 300 x 215, 61p. 1977. Quelques rousseurs \u00e9parses et l\u00e9g\u00e8res. bon exemplaire, bien ferme.<\/p>\n","protected":false},"featured_media":14185,"template":"","meta":{"_eb_attr":""},"product_brand":[],"product_cat":[37,71,81],"product_tag":[],"class_list":{"0":"post-14184","1":"product","2":"type-product","3":"status-publish","4":"has-post-thumbnail","6":"product_cat-a-partir-du-xxeme-siecle","7":"product_cat-illustres-modernes-editions-originales-signees-numerotees","8":"product_cat-hauts-de-france","9":"sales-flash-overlay","10":"woocommerce-text-align-center","11":"woocommerce-image-align-center","12":"wc-has-gallery","14":"first","15":"instock","16":"taxable","17":"shipping-taxable","18":"purchasable","19":"product-type-simple"},"aioseo_notices":[],"_links":{"self":[{"href":"https:\/\/www.livresentre2actions.fr\/fr_fr\/wp-json\/wp\/v2\/product\/14184","targetHints":{"allow":["GET"]}}],"collection":[{"href":"https:\/\/www.livresentre2actions.fr\/fr_fr\/wp-json\/wp\/v2\/product"}],"about":[{"href":"https:\/\/www.livresentre2actions.fr\/fr_fr\/wp-json\/wp\/v2\/types\/product"}],"wp:featuredmedia":[{"embeddable":true,"href":"https:\/\/www.livresentre2actions.fr\/fr_fr\/wp-json\/wp\/v2\/media\/14185"}],"wp:attachment":[{"href":"https:\/\/www.livresentre2actions.fr\/fr_fr\/wp-json\/wp\/v2\/media?parent=14184"}],"wp:term":[{"taxonomy":"product_brand","embeddable":true,"href":"https:\/\/www.livresentre2actions.fr\/fr_fr\/wp-json\/wp\/v2\/product_brand?post=14184"},{"taxonomy":"product_cat","embeddable":true,"href":"https:\/\/www.livresentre2actions.fr\/fr_fr\/wp-json\/wp\/v2\/product_cat?post=14184"},{"taxonomy":"product_tag","embeddable":true,"href":"https:\/\/www.livresentre2actions.fr\/fr_fr\/wp-json\/wp\/v2\/product_tag?post=14184"}],"curies":[{"name":"wp","href":"https:\/\/api.w.org\/{rel}","templated":true}]}}