{"id":14143,"date":"2025-07-31T18:43:55","date_gmt":"2025-07-31T16:43:55","guid":{"rendered":"https:\/\/www.livresentre2actions.fr\/?post_type=product&#038;p=14143"},"modified":"2025-08-25T14:23:24","modified_gmt":"2025-08-25T12:23:24","slug":"yves-klein-catalogue-raisonne-des-editions-et-sculptures","status":"publish","type":"product","link":"https:\/\/www.livresentre2actions.fr\/fr_fr\/produit\/yves-klein-catalogue-raisonne-des-editions-et-sculptures\/","title":{"rendered":"Yves Klein. Catalogue raisonn\u00e9 des \u00e9ditions et sculptures"},"content":{"rendered":"<p>Catalogue raisonn\u00e9 des \u00e9ditions et sculptures &#8211; Descriptive catalogue of editions and sculptures. Pr\u00e9face de Pierre Restany. Cartonnage \u00e9diteur. 217 x 245, 530p. 2000. Tr\u00e8s bel exemplaire, propre, int\u00e8gre, bien ferme.<\/p>\n","protected":false},"excerpt":{"rendered":"<p>Catalogue raisonn\u00e9 des \u00e9ditions et sculptures &#8211; Descriptive catalogue of editions and sculptures. Pr\u00e9face de Pierre Restany. Cartonnage \u00e9diteur. 217 x 245, 530p. 2000. Tr\u00e8s bel exemplaire, propre, int\u00e8gre, bien ferme.<\/p>\n","protected":false},"featured_media":14144,"template":"","meta":{"_eb_attr":""},"product_brand":[],"product_cat":[37,75,71],"product_tag":[],"class_list":{"0":"post-14143","1":"product","2":"type-product","3":"status-publish","4":"has-post-thumbnail","6":"product_cat-a-partir-du-xxeme-siecle","7":"product_cat-art","8":"product_cat-illustres-modernes-editions-originales-signees-numerotees","9":"sales-flash-overlay","10":"woocommerce-text-align-center","11":"woocommerce-image-align-center","12":"wc-has-gallery","14":"first","15":"instock","16":"taxable","17":"shipping-taxable","18":"purchasable","19":"product-type-simple"},"aioseo_notices":[],"_links":{"self":[{"href":"https:\/\/www.livresentre2actions.fr\/fr_fr\/wp-json\/wp\/v2\/product\/14143","targetHints":{"allow":["GET"]}}],"collection":[{"href":"https:\/\/www.livresentre2actions.fr\/fr_fr\/wp-json\/wp\/v2\/product"}],"about":[{"href":"https:\/\/www.livresentre2actions.fr\/fr_fr\/wp-json\/wp\/v2\/types\/product"}],"wp:featuredmedia":[{"embeddable":true,"href":"https:\/\/www.livresentre2actions.fr\/fr_fr\/wp-json\/wp\/v2\/media\/14144"}],"wp:attachment":[{"href":"https:\/\/www.livresentre2actions.fr\/fr_fr\/wp-json\/wp\/v2\/media?parent=14143"}],"wp:term":[{"taxonomy":"product_brand","embeddable":true,"href":"https:\/\/www.livresentre2actions.fr\/fr_fr\/wp-json\/wp\/v2\/product_brand?post=14143"},{"taxonomy":"product_cat","embeddable":true,"href":"https:\/\/www.livresentre2actions.fr\/fr_fr\/wp-json\/wp\/v2\/product_cat?post=14143"},{"taxonomy":"product_tag","embeddable":true,"href":"https:\/\/www.livresentre2actions.fr\/fr_fr\/wp-json\/wp\/v2\/product_tag?post=14143"}],"curies":[{"name":"wp","href":"https:\/\/api.w.org\/{rel}","templated":true}]}}