{"id":14129,"date":"2025-07-29T17:19:58","date_gmt":"2025-07-29T15:19:58","guid":{"rendered":"https:\/\/www.livresentre2actions.fr\/?post_type=product&#038;p=14129"},"modified":"2025-08-25T14:23:24","modified_gmt":"2025-08-25T12:23:24","slug":"fil-reves-volupte-sylvie-facon","status":"publish","type":"product","link":"https:\/\/www.livresentre2actions.fr\/fr_fr\/produit\/fil-reves-volupte-sylvie-facon\/","title":{"rendered":"Fil, r\u00eaves &#038; volupt\u00e9 &#8211; Sylvie Facon"},"content":{"rendered":"<p>Photographies : Pascal Brunet<br \/>\nEditions Degeorge. Broch\u00e9 \u00e0 rabats, 241 x 141, 109p. 2007. Excellent exemplaire, propre int\u00e8gre, bien ferme. Proche du neuf.<\/p>\n","protected":false},"excerpt":{"rendered":"<p>Photographies : Pascal Brunet Editions Degeorge. Broch\u00e9 \u00e0 rabats, 241 x 141, 109p. 2007. Excellent exemplaire, propre int\u00e8gre, bien ferme. Proche du neuf.<\/p>\n","protected":false},"featured_media":14131,"template":"","meta":{"_eb_attr":""},"product_brand":[],"product_cat":[37,75,71],"product_tag":[],"class_list":{"0":"post-14129","1":"product","2":"type-product","3":"status-publish","4":"has-post-thumbnail","6":"product_cat-a-partir-du-xxeme-siecle","7":"product_cat-art","8":"product_cat-illustres-modernes-editions-originales-signees-numerotees","9":"sales-flash-overlay","10":"woocommerce-text-align-center","11":"woocommerce-image-align-center","12":"wc-has-gallery","14":"first","15":"instock","16":"taxable","17":"shipping-taxable","18":"purchasable","19":"product-type-simple"},"aioseo_notices":[],"_links":{"self":[{"href":"https:\/\/www.livresentre2actions.fr\/fr_fr\/wp-json\/wp\/v2\/product\/14129","targetHints":{"allow":["GET"]}}],"collection":[{"href":"https:\/\/www.livresentre2actions.fr\/fr_fr\/wp-json\/wp\/v2\/product"}],"about":[{"href":"https:\/\/www.livresentre2actions.fr\/fr_fr\/wp-json\/wp\/v2\/types\/product"}],"wp:featuredmedia":[{"embeddable":true,"href":"https:\/\/www.livresentre2actions.fr\/fr_fr\/wp-json\/wp\/v2\/media\/14131"}],"wp:attachment":[{"href":"https:\/\/www.livresentre2actions.fr\/fr_fr\/wp-json\/wp\/v2\/media?parent=14129"}],"wp:term":[{"taxonomy":"product_brand","embeddable":true,"href":"https:\/\/www.livresentre2actions.fr\/fr_fr\/wp-json\/wp\/v2\/product_brand?post=14129"},{"taxonomy":"product_cat","embeddable":true,"href":"https:\/\/www.livresentre2actions.fr\/fr_fr\/wp-json\/wp\/v2\/product_cat?post=14129"},{"taxonomy":"product_tag","embeddable":true,"href":"https:\/\/www.livresentre2actions.fr\/fr_fr\/wp-json\/wp\/v2\/product_tag?post=14129"}],"curies":[{"name":"wp","href":"https:\/\/api.w.org\/{rel}","templated":true}]}}