{"id":14112,"date":"2025-07-29T17:02:04","date_gmt":"2025-07-29T15:02:04","guid":{"rendered":"https:\/\/www.livresentre2actions.fr\/?post_type=product&#038;p=14112"},"modified":"2025-08-25T14:23:24","modified_gmt":"2025-08-25T12:23:24","slug":"gendarmes-de-la-belle-epoque-lucien-vasseur","status":"publish","type":"product","link":"https:\/\/www.livresentre2actions.fr\/fr_fr\/produit\/gendarmes-de-la-belle-epoque-lucien-vasseur\/","title":{"rendered":"Gendarmes de la Belle \u00c9poque &#8211; Lucien Vasseur"},"content":{"rendered":"<p>Essai historique sur la gendarmerie de l&rsquo;arrondissement de Montreuil-Sur-Mer de 1890 \u00e0 1910 Broch\u00e9 double agrafe, 300 x 211, 78p. 1995. illustrations couleur. Int\u00e9rieur tr\u00e8s bon, propre, int\u00e8gre. Couvertures un peu frott\u00e9es, mais propres et int\u00e8gres. Bon exemplaire bien ferme.<\/p>\n","protected":false},"excerpt":{"rendered":"<p>Essai historique sur la gendarmerie de l&rsquo;arrondissement de Montreuil-Sur-Mer de 1890 \u00e0 1910 Broch\u00e9 double agrafe, 300 x 211, 78p. 1995. illustrations couleur. Int\u00e9rieur tr\u00e8s bon, propre, int\u00e8gre. Couvertures un peu frott\u00e9es, mais propres et int\u00e8gres. Bon exemplaire bien ferme.<\/p>\n","protected":false},"featured_media":14113,"template":"","meta":{"_eb_attr":""},"product_brand":[],"product_cat":[37,71,81,73],"product_tag":[],"class_list":{"0":"post-14112","1":"product","2":"type-product","3":"status-publish","4":"has-post-thumbnail","6":"product_cat-a-partir-du-xxeme-siecle","7":"product_cat-illustres-modernes-editions-originales-signees-numerotees","8":"product_cat-hauts-de-france","9":"product_cat-histoires-et-recits-de-voyage","10":"sales-flash-overlay","11":"woocommerce-text-align-center","12":"woocommerce-image-align-center","13":"wc-has-gallery","15":"first","16":"instock","17":"taxable","18":"shipping-taxable","19":"purchasable","20":"product-type-simple"},"aioseo_notices":[],"_links":{"self":[{"href":"https:\/\/www.livresentre2actions.fr\/fr_fr\/wp-json\/wp\/v2\/product\/14112","targetHints":{"allow":["GET"]}}],"collection":[{"href":"https:\/\/www.livresentre2actions.fr\/fr_fr\/wp-json\/wp\/v2\/product"}],"about":[{"href":"https:\/\/www.livresentre2actions.fr\/fr_fr\/wp-json\/wp\/v2\/types\/product"}],"wp:featuredmedia":[{"embeddable":true,"href":"https:\/\/www.livresentre2actions.fr\/fr_fr\/wp-json\/wp\/v2\/media\/14113"}],"wp:attachment":[{"href":"https:\/\/www.livresentre2actions.fr\/fr_fr\/wp-json\/wp\/v2\/media?parent=14112"}],"wp:term":[{"taxonomy":"product_brand","embeddable":true,"href":"https:\/\/www.livresentre2actions.fr\/fr_fr\/wp-json\/wp\/v2\/product_brand?post=14112"},{"taxonomy":"product_cat","embeddable":true,"href":"https:\/\/www.livresentre2actions.fr\/fr_fr\/wp-json\/wp\/v2\/product_cat?post=14112"},{"taxonomy":"product_tag","embeddable":true,"href":"https:\/\/www.livresentre2actions.fr\/fr_fr\/wp-json\/wp\/v2\/product_tag?post=14112"}],"curies":[{"name":"wp","href":"https:\/\/api.w.org\/{rel}","templated":true}]}}