{"id":14092,"date":"2025-07-29T16:54:22","date_gmt":"2025-07-29T14:54:22","guid":{"rendered":"https:\/\/www.livresentre2actions.fr\/?post_type=product&#038;p=14092"},"modified":"2025-08-27T11:10:50","modified_gmt":"2025-08-27T09:10:50","slug":"lamande-double-monique-buri-bernard-bygodt","status":"publish","type":"product","link":"https:\/\/www.livresentre2actions.fr\/fr_fr\/produit\/lamande-double-monique-buri-bernard-bygodt\/","title":{"rendered":"L&rsquo;amande double &#8211; Monique Buri\u00a0\/ Bernard Bygodt"},"content":{"rendered":"<p>Editions du Temps parall\u00e8le<\/p>\n<p>Broch\u00e9, 180 x 136, 52p. Avec table. 1977. \u200eEdition originale num\u00e9rot\u00e9e 44\/50 exemplaires de t\u00eate sur Ingres accompagn\u00e9s de 7 s\u00e9rigraphies originales (toutes sign\u00e9es) de Bernard Bygodt. Exemplaire sign\u00e9 par l&rsquo;auteur, l&rsquo;artiste et l&rsquo;\u00e9diteur \u00e0 la justification.\u00a0Et enrichi au titre d\u2019un envoi de l\u2019auteur et et d\u2019un envoi anonyme. Rousseurs en couverture, mais int\u00e9rieur propre et int\u00e8gre.<\/p>\n","protected":false},"excerpt":{"rendered":"<p>Editions du Temps parall\u00e8le Broch\u00e9, 180 x 136, 52p. Avec table. 1977. \u200eEdition originale num\u00e9rot\u00e9e 44\/50 exemplaires de t\u00eate sur Ingres accompagn\u00e9s de 7 s\u00e9rigraphies originales (toutes sign\u00e9es) de Bernard Bygodt. Exemplaire sign\u00e9 par l&rsquo;auteur, l&rsquo;artiste et l&rsquo;\u00e9diteur \u00e0 la justification.\u00a0Et enrichi au titre d\u2019un envoi de l\u2019auteur et et d\u2019un envoi anonyme. Rousseurs en &#8230; <a title=\"L&rsquo;amande double &#8211; Monique Buri\u00a0\/ Bernard Bygodt\" class=\"read-more\" href=\"https:\/\/www.livresentre2actions.fr\/fr_fr\/produit\/lamande-double-monique-buri-bernard-bygodt\/\" aria-label=\"En savoir plus sur L&rsquo;amande double &#8211; Monique Buri\u00a0\/ Bernard Bygodt\">Lire plus<\/a><\/p>\n","protected":false},"featured_media":14093,"template":"","meta":{"_eb_attr":""},"product_brand":[],"product_cat":[37,75,71,76],"product_tag":[87],"class_list":{"0":"post-14092","1":"product","2":"type-product","3":"status-publish","4":"has-post-thumbnail","6":"product_cat-a-partir-du-xxeme-siecle","7":"product_cat-art","8":"product_cat-illustres-modernes-editions-originales-signees-numerotees","9":"product_cat-poesie-theatre-prose","10":"product_tag-signe","11":"sales-flash-overlay","12":"woocommerce-text-align-center","13":"woocommerce-image-align-center","14":"wc-has-gallery","16":"first","17":"instock","18":"taxable","19":"shipping-taxable","20":"purchasable","21":"product-type-simple"},"aioseo_notices":[],"_links":{"self":[{"href":"https:\/\/www.livresentre2actions.fr\/fr_fr\/wp-json\/wp\/v2\/product\/14092","targetHints":{"allow":["GET"]}}],"collection":[{"href":"https:\/\/www.livresentre2actions.fr\/fr_fr\/wp-json\/wp\/v2\/product"}],"about":[{"href":"https:\/\/www.livresentre2actions.fr\/fr_fr\/wp-json\/wp\/v2\/types\/product"}],"wp:featuredmedia":[{"embeddable":true,"href":"https:\/\/www.livresentre2actions.fr\/fr_fr\/wp-json\/wp\/v2\/media\/14093"}],"wp:attachment":[{"href":"https:\/\/www.livresentre2actions.fr\/fr_fr\/wp-json\/wp\/v2\/media?parent=14092"}],"wp:term":[{"taxonomy":"product_brand","embeddable":true,"href":"https:\/\/www.livresentre2actions.fr\/fr_fr\/wp-json\/wp\/v2\/product_brand?post=14092"},{"taxonomy":"product_cat","embeddable":true,"href":"https:\/\/www.livresentre2actions.fr\/fr_fr\/wp-json\/wp\/v2\/product_cat?post=14092"},{"taxonomy":"product_tag","embeddable":true,"href":"https:\/\/www.livresentre2actions.fr\/fr_fr\/wp-json\/wp\/v2\/product_tag?post=14092"}],"curies":[{"name":"wp","href":"https:\/\/api.w.org\/{rel}","templated":true}]}}