{"id":14078,"date":"2025-07-29T16:49:28","date_gmt":"2025-07-29T14:49:28","guid":{"rendered":"https:\/\/www.livresentre2actions.fr\/?post_type=product&#038;p=14078"},"modified":"2026-05-02T23:51:16","modified_gmt":"2026-05-02T21:51:16","slug":"dodoitzu-paul-claudel-rihakou-harada","status":"publish","type":"product","link":"https:\/\/www.livresentre2actions.fr\/fr_fr\/produit\/dodoitzu-paul-claudel-rihakou-harada\/","title":{"rendered":"Dodoitzu &#8211; Paul Claudel \u2013 Rihakou Harada"},"content":{"rendered":"<p>Gallimard<\/p>\n<p>Broch\u00e9 \u00e0 la japonaise, 281 x 216, non pagin\u00e9, 1945. 29 pleine page de Rihakou Harada, l\u00e9gend\u00e9es en japonais. Texte fran\u00e7ais et anglais. Exemplaire num\u00e9rot\u00e9 2712. Int\u00e9rieur tr\u00e8s bon, propre, int\u00e8gre. Couvertures et dos l\u00e9g\u00e8rement insol\u00e9s, un peu gris\u00e9s avec marques de pliures, petit manque en coins de pied de couverture et coin de t\u00eate en quatri\u00e8me de couverture\u00a0; petite d\u00e9chirure avec petit manque en bordure de premi\u00e8re de couverture\u00a0; petite d\u00e9chirure en t\u00eate et pied de dos le long des couvertures avec manque en t\u00eate et pied de dos. Fil d\u00e9tendu en t\u00eate entre les noeuds sans influence sur la fermet\u00e9 de la brochure. Bon exemplaire bien ferme.<\/p>\n","protected":false},"excerpt":{"rendered":"<p>Gallimard Broch\u00e9 \u00e0 la japonaise, 281 x 216, non pagin\u00e9, 1945. 29 pleine page de Rihakou Harada, l\u00e9gend\u00e9es en japonais. Texte fran\u00e7ais et anglais. Exemplaire num\u00e9rot\u00e9 2712. Int\u00e9rieur tr\u00e8s bon, propre, int\u00e8gre. Couvertures et dos l\u00e9g\u00e8rement insol\u00e9s, un peu gris\u00e9s avec marques de pliures, petit manque en coins de pied de couverture et coin de &#8230; <a title=\"Dodoitzu &#8211; Paul Claudel \u2013 Rihakou Harada\" class=\"read-more\" href=\"https:\/\/www.livresentre2actions.fr\/fr_fr\/produit\/dodoitzu-paul-claudel-rihakou-harada\/\" aria-label=\"En savoir plus sur Dodoitzu &#8211; Paul Claudel \u2013 Rihakou Harada\">Lire plus<\/a><\/p>\n","protected":false},"featured_media":0,"template":"","meta":{"_eb_attr":""},"product_brand":[],"product_cat":[37,75,71,76],"product_tag":[],"class_list":{"0":"post-14078","1":"product","2":"type-product","3":"status-publish","5":"product_cat-a-partir-du-xxeme-siecle","6":"product_cat-art","7":"product_cat-illustres-modernes-editions-originales-signees-numerotees","8":"product_cat-poesie-theatre-prose","9":"sales-flash-overlay","10":"woocommerce-text-align-center","11":"woocommerce-image-align-center","13":"first","14":"outofstock","15":"taxable","16":"shipping-taxable","17":"purchasable","18":"product-type-simple"},"aioseo_notices":[],"_links":{"self":[{"href":"https:\/\/www.livresentre2actions.fr\/fr_fr\/wp-json\/wp\/v2\/product\/14078","targetHints":{"allow":["GET"]}}],"collection":[{"href":"https:\/\/www.livresentre2actions.fr\/fr_fr\/wp-json\/wp\/v2\/product"}],"about":[{"href":"https:\/\/www.livresentre2actions.fr\/fr_fr\/wp-json\/wp\/v2\/types\/product"}],"wp:attachment":[{"href":"https:\/\/www.livresentre2actions.fr\/fr_fr\/wp-json\/wp\/v2\/media?parent=14078"}],"wp:term":[{"taxonomy":"product_brand","embeddable":true,"href":"https:\/\/www.livresentre2actions.fr\/fr_fr\/wp-json\/wp\/v2\/product_brand?post=14078"},{"taxonomy":"product_cat","embeddable":true,"href":"https:\/\/www.livresentre2actions.fr\/fr_fr\/wp-json\/wp\/v2\/product_cat?post=14078"},{"taxonomy":"product_tag","embeddable":true,"href":"https:\/\/www.livresentre2actions.fr\/fr_fr\/wp-json\/wp\/v2\/product_tag?post=14078"}],"curies":[{"name":"wp","href":"https:\/\/api.w.org\/{rel}","templated":true}]}}