{"id":14057,"date":"2025-07-23T16:27:37","date_gmt":"2025-07-23T14:27:37","guid":{"rendered":"https:\/\/www.livresentre2actions.fr\/?post_type=product&#038;p=14057"},"modified":"2025-08-25T14:23:26","modified_gmt":"2025-08-25T12:23:26","slug":"dictionnaire-des-origines-ou-epoques-des-inventions-utiles","status":"publish","type":"product","link":"https:\/\/www.livresentre2actions.fr\/fr_fr\/produit\/dictionnaire-des-origines-ou-epoques-des-inventions-utiles\/","title":{"rendered":"Dictionnaire des origines, ou \u00e9poques des inventions utiles&#8230;"},"content":{"rendered":"<p>Dictionnaire des origines, ou \u00e9poques des inventions utiles, des d\u00e9couvertes importantes et de l&rsquo;\u00e9tablissement des peuples, des religions, etc. A-D et E-G, 2 volumes sur 6 &#8211; Sans nom d\u2019auteur [Antoine Jean Baptiste Abraham d&rsquo;Origny] &#8211;<\/p>\n<p>Chez Jean-Fran\u00e7ois Bastien &#8211; Plein veau marbr\u00e9, dos \u00e0 nerfs, orn\u00e9 aux caissons, sans pi\u00e8ces de titre, tranches rouges, signet. 170 x 112, A-D, 470 p. et. E-G, 458p. 1777. rare premi\u00e8re \u00e9dition pour ces deux volumes d\u2019un dictionnaire qui en compte 6. Pour les deux volumes int\u00e9rieur propre, tranches propres. Pages de garde du T2 qui se d\u00e9tachent.Coins et champs frott\u00e9s, 2 coins l\u00e9g\u00e8rement \u00e9mouss\u00e9s. Plats frott\u00e9s avec griffes et \u00e9pidermures parfois marqu\u00e9es. En plat inf\u00e9rieur du T1, une mouillure ancienne et un petit manque. Mors frott\u00e9s, \u00e9pidermures, mais bons, t\u00eate du mors inf\u00e9rieur du T1 fendu. Dos frott\u00e9s, muets (ni tomaison, ni pi\u00e8ce de titre), coiffe manquante au T1, en partie manque au T2, un manque en queae du t2. Exemplaires bien fermes.<\/p>\n","protected":false},"excerpt":{"rendered":"<p>Dictionnaire des origines, ou \u00e9poques des inventions utiles, des d\u00e9couvertes importantes et de l&rsquo;\u00e9tablissement des peuples, des religions, etc. A-D et E-G, 2 volumes sur 6 &#8211; Sans nom d\u2019auteur [Antoine Jean Baptiste Abraham d&rsquo;Origny] &#8211; Chez Jean-Fran\u00e7ois Bastien &#8211; Plein veau marbr\u00e9, dos \u00e0 nerfs, orn\u00e9 aux caissons, sans pi\u00e8ces de titre, tranches rouges, &#8230; <a title=\"Dictionnaire des origines, ou \u00e9poques des inventions utiles&#8230;\" class=\"read-more\" href=\"https:\/\/www.livresentre2actions.fr\/fr_fr\/produit\/dictionnaire-des-origines-ou-epoques-des-inventions-utiles\/\" aria-label=\"En savoir plus sur Dictionnaire des origines, ou \u00e9poques des inventions utiles&#8230;\">Lire plus<\/a><\/p>\n","protected":false},"featured_media":14058,"template":"","meta":{"_eb_attr":""},"product_brand":[],"product_cat":[36,71,73,68],"product_tag":[],"class_list":{"0":"post-14057","1":"product","2":"type-product","3":"status-publish","4":"has-post-thumbnail","6":"product_cat-entre-le-xviiieme-et-le-xixeme-siecle","7":"product_cat-illustres-modernes-editions-originales-signees-numerotees","8":"product_cat-histoires-et-recits-de-voyage","9":"product_cat-religion-spiritualite","10":"sales-flash-overlay","11":"woocommerce-text-align-center","12":"woocommerce-image-align-center","13":"wc-has-gallery","15":"first","16":"instock","17":"taxable","18":"shipping-taxable","19":"purchasable","20":"product-type-simple"},"aioseo_notices":[],"_links":{"self":[{"href":"https:\/\/www.livresentre2actions.fr\/fr_fr\/wp-json\/wp\/v2\/product\/14057","targetHints":{"allow":["GET"]}}],"collection":[{"href":"https:\/\/www.livresentre2actions.fr\/fr_fr\/wp-json\/wp\/v2\/product"}],"about":[{"href":"https:\/\/www.livresentre2actions.fr\/fr_fr\/wp-json\/wp\/v2\/types\/product"}],"wp:featuredmedia":[{"embeddable":true,"href":"https:\/\/www.livresentre2actions.fr\/fr_fr\/wp-json\/wp\/v2\/media\/14058"}],"wp:attachment":[{"href":"https:\/\/www.livresentre2actions.fr\/fr_fr\/wp-json\/wp\/v2\/media?parent=14057"}],"wp:term":[{"taxonomy":"product_brand","embeddable":true,"href":"https:\/\/www.livresentre2actions.fr\/fr_fr\/wp-json\/wp\/v2\/product_brand?post=14057"},{"taxonomy":"product_cat","embeddable":true,"href":"https:\/\/www.livresentre2actions.fr\/fr_fr\/wp-json\/wp\/v2\/product_cat?post=14057"},{"taxonomy":"product_tag","embeddable":true,"href":"https:\/\/www.livresentre2actions.fr\/fr_fr\/wp-json\/wp\/v2\/product_tag?post=14057"}],"curies":[{"name":"wp","href":"https:\/\/api.w.org\/{rel}","templated":true}]}}