{"id":14030,"date":"2025-07-23T16:22:41","date_gmt":"2025-07-23T14:22:41","guid":{"rendered":"https:\/\/www.livresentre2actions.fr\/?post_type=product&#038;p=14030"},"modified":"2025-08-27T11:33:27","modified_gmt":"2025-08-27T09:33:27","slug":"examen-du-materialisme-ou-refutation-du-systeme-de-la-nature-2-tomes-complet","status":"publish","type":"product","link":"https:\/\/www.livresentre2actions.fr\/fr_fr\/produit\/examen-du-materialisme-ou-refutation-du-systeme-de-la-nature-2-tomes-complet\/","title":{"rendered":"Examen du mat\u00e9rialisme ou r\u00e9futation du syst\u00e8me de la nature, 2 tomes complet"},"content":{"rendered":"<p>Sans nom d&rsquo;auteur [Nicolas-Sylvestre Bergier]<\/p>\n<p>Chez Humblot &#8211; Plein veau marbr\u00e9, dos \u00e0 cinq nerfs orn\u00e9 d\u2019une pi\u00e8ce de titre havane et d\u2019une tomaison noire, fleuronn\u00e9 aux caissons, tranches rouges, plats \u00e0 encadrement \u00e0 double liser\u00e9, signet, 170 x 103, T1, Avertissement et table, ij-xvj et 495p. Et T2, Table, ij-viij et 484p. 1771. Approbation et privil\u00e8ge in fine du T2. Edition originale. Belle provenance au titre du T1\u00a0: Ex-dono manuscrit \u00ab\u00a0seminarii bisuntini dono autoris\u00a0\u00bb. Int\u00e9rieur tr\u00e8s bon, propre et int\u00e8gre. Des frottements \u00e0 la reliure, avec une manque en coiffe du T2, mais tr\u00e8s beaux exemplaires, bien fermes. Critique et controverse du livre d&rsquo;Holbach sur le syst\u00e8me de la nature.\u00a0. \u00ab\u00a0Bergier voit bien comment le &lsquo;Syst\u00e8me&rsquo; est l&rsquo;aboutissement du mouvement philosophique auquel &lsquo;De l&rsquo;Esprit&rsquo; avait donn\u00e9 une direction nouvelle\u00a0\u00bb (Monod, &lsquo;Les d\u00e9fenseurs fran\u00e7ais du Christianisme, p. 449).\u00a0Il reprend point par point les th\u00e8ses de D&rsquo;Holbach selon ses propres postulats : de la nature, de l&rsquo;homme, de la divinit\u00e9\u2026 Th\u00e9ologien et antiquaire, Nicolas-Sylvestre Bergier (1718-1790) fut aussi (influenc\u00e9 par Les Lumi\u00e8res) un opposant \u00e0 l\u2019esclavage.<\/p>\n","protected":false},"excerpt":{"rendered":"<p>Sans nom d&rsquo;auteur [Nicolas-Sylvestre Bergier] Chez Humblot &#8211; Plein veau marbr\u00e9, dos \u00e0 cinq nerfs orn\u00e9 d\u2019une pi\u00e8ce de titre havane et d\u2019une tomaison noire, fleuronn\u00e9 aux caissons, tranches rouges, plats \u00e0 encadrement \u00e0 double liser\u00e9, signet, 170 x 103, T1, Avertissement et table, ij-xvj et 495p. Et T2, Table, ij-viij et 484p. 1771. Approbation &#8230; <a title=\"Examen du mat\u00e9rialisme ou r\u00e9futation du syst\u00e8me de la nature, 2 tomes complet\" class=\"read-more\" href=\"https:\/\/www.livresentre2actions.fr\/fr_fr\/produit\/examen-du-materialisme-ou-refutation-du-systeme-de-la-nature-2-tomes-complet\/\" aria-label=\"En savoir plus sur Examen du mat\u00e9rialisme ou r\u00e9futation du syst\u00e8me de la nature, 2 tomes complet\">Lire plus<\/a><\/p>\n","protected":false},"featured_media":14031,"template":"","meta":{"_eb_attr":""},"product_brand":[],"product_cat":[36,71,82,68],"product_tag":[94],"class_list":{"0":"post-14030","1":"product","2":"type-product","3":"status-publish","4":"has-post-thumbnail","6":"product_cat-entre-le-xviiieme-et-le-xixeme-siecle","7":"product_cat-illustres-modernes-editions-originales-signees-numerotees","8":"product_cat-philosophie","9":"product_cat-religion-spiritualite","10":"product_tag-provenance","11":"sales-flash-overlay","12":"woocommerce-text-align-center","13":"woocommerce-image-align-center","14":"wc-has-gallery","16":"first","17":"instock","18":"taxable","19":"shipping-taxable","20":"purchasable","21":"product-type-simple"},"aioseo_notices":[],"_links":{"self":[{"href":"https:\/\/www.livresentre2actions.fr\/fr_fr\/wp-json\/wp\/v2\/product\/14030","targetHints":{"allow":["GET"]}}],"collection":[{"href":"https:\/\/www.livresentre2actions.fr\/fr_fr\/wp-json\/wp\/v2\/product"}],"about":[{"href":"https:\/\/www.livresentre2actions.fr\/fr_fr\/wp-json\/wp\/v2\/types\/product"}],"wp:featuredmedia":[{"embeddable":true,"href":"https:\/\/www.livresentre2actions.fr\/fr_fr\/wp-json\/wp\/v2\/media\/14031"}],"wp:attachment":[{"href":"https:\/\/www.livresentre2actions.fr\/fr_fr\/wp-json\/wp\/v2\/media?parent=14030"}],"wp:term":[{"taxonomy":"product_brand","embeddable":true,"href":"https:\/\/www.livresentre2actions.fr\/fr_fr\/wp-json\/wp\/v2\/product_brand?post=14030"},{"taxonomy":"product_cat","embeddable":true,"href":"https:\/\/www.livresentre2actions.fr\/fr_fr\/wp-json\/wp\/v2\/product_cat?post=14030"},{"taxonomy":"product_tag","embeddable":true,"href":"https:\/\/www.livresentre2actions.fr\/fr_fr\/wp-json\/wp\/v2\/product_tag?post=14030"}],"curies":[{"name":"wp","href":"https:\/\/api.w.org\/{rel}","templated":true}]}}