{"id":13994,"date":"2025-07-23T15:56:17","date_gmt":"2025-07-23T13:56:17","guid":{"rendered":"https:\/\/www.livresentre2actions.fr\/?post_type=product&#038;p=13994"},"modified":"2025-08-25T14:23:27","modified_gmt":"2025-08-25T12:23:27","slug":"playboy-helmut-newton","status":"publish","type":"product","link":"https:\/\/www.livresentre2actions.fr\/fr_fr\/produit\/playboy-helmut-newton\/","title":{"rendered":"Playboy &#8211; Helmut Newton"},"content":{"rendered":"<p>Cartonnage illustr\u00e9 \u00e9diteur sous jaquette illustr\u00e9e, 312 x 238, 174p. 2005. Int\u00e9rieur et cartonnages tr\u00e8s bons, propres et int\u00e8gres. Jaquette l\u00e9g\u00e8rement frott\u00e9e mais propre et int\u00e8gre. Bel exemplaire bien ferme.<\/p>\n","protected":false},"excerpt":{"rendered":"<p>Cartonnage illustr\u00e9 \u00e9diteur sous jaquette illustr\u00e9e, 312 x 238, 174p. 2005. Int\u00e9rieur et cartonnages tr\u00e8s bons, propres et int\u00e8gres. Jaquette l\u00e9g\u00e8rement frott\u00e9e mais propre et int\u00e8gre. Bel exemplaire bien ferme.<\/p>\n","protected":false},"featured_media":13995,"template":"","meta":{"_eb_attr":""},"product_brand":[],"product_cat":[37,75],"product_tag":[],"class_list":{"0":"post-13994","1":"product","2":"type-product","3":"status-publish","4":"has-post-thumbnail","6":"product_cat-a-partir-du-xxeme-siecle","7":"product_cat-art","8":"sales-flash-overlay","9":"woocommerce-text-align-center","10":"woocommerce-image-align-center","11":"wc-has-gallery","13":"first","14":"instock","15":"taxable","16":"shipping-taxable","17":"purchasable","18":"product-type-simple"},"aioseo_notices":[],"_links":{"self":[{"href":"https:\/\/www.livresentre2actions.fr\/fr_fr\/wp-json\/wp\/v2\/product\/13994","targetHints":{"allow":["GET"]}}],"collection":[{"href":"https:\/\/www.livresentre2actions.fr\/fr_fr\/wp-json\/wp\/v2\/product"}],"about":[{"href":"https:\/\/www.livresentre2actions.fr\/fr_fr\/wp-json\/wp\/v2\/types\/product"}],"wp:featuredmedia":[{"embeddable":true,"href":"https:\/\/www.livresentre2actions.fr\/fr_fr\/wp-json\/wp\/v2\/media\/13995"}],"wp:attachment":[{"href":"https:\/\/www.livresentre2actions.fr\/fr_fr\/wp-json\/wp\/v2\/media?parent=13994"}],"wp:term":[{"taxonomy":"product_brand","embeddable":true,"href":"https:\/\/www.livresentre2actions.fr\/fr_fr\/wp-json\/wp\/v2\/product_brand?post=13994"},{"taxonomy":"product_cat","embeddable":true,"href":"https:\/\/www.livresentre2actions.fr\/fr_fr\/wp-json\/wp\/v2\/product_cat?post=13994"},{"taxonomy":"product_tag","embeddable":true,"href":"https:\/\/www.livresentre2actions.fr\/fr_fr\/wp-json\/wp\/v2\/product_tag?post=13994"}],"curies":[{"name":"wp","href":"https:\/\/api.w.org\/{rel}","templated":true}]}}