{"id":13970,"date":"2025-07-21T15:46:31","date_gmt":"2025-07-21T13:46:31","guid":{"rendered":"https:\/\/www.livresentre2actions.fr\/?post_type=product&#038;p=13970"},"modified":"2026-04-24T11:46:37","modified_gmt":"2026-04-24T09:46:37","slug":"el-euldj-captif-des-barbaresques-chukri-khodja","status":"publish","type":"product","link":"https:\/\/www.livresentre2actions.fr\/fr_fr\/produit\/el-euldj-captif-des-barbaresques-chukri-khodja\/","title":{"rendered":"El Euldj, captif des Barbaresques &#8211; Chukri Khodja"},"content":{"rendered":"<p>Broch\u00e9, 195 x 126, 137p. 1929. Premi\u00e8re \u00e9dition. Tr\u00e8s bon exemplaire, l\u00e9g\u00e8rement insol\u00e9, mais propre, int\u00e8gre, bien ferme. Non coup\u00e9.<\/p>\n","protected":false},"excerpt":{"rendered":"<p>Broch\u00e9, 195 x 126, 137p. 1929. Premi\u00e8re \u00e9dition. Tr\u00e8s bon exemplaire, l\u00e9g\u00e8rement insol\u00e9, mais propre, int\u00e8gre, bien ferme. Non coup\u00e9.<\/p>\n","protected":false},"featured_media":13972,"template":"","meta":{"_eb_attr":""},"product_brand":[],"product_cat":[37,71,76],"product_tag":[],"class_list":{"0":"post-13970","1":"product","2":"type-product","3":"status-publish","4":"has-post-thumbnail","6":"product_cat-a-partir-du-xxeme-siecle","7":"product_cat-illustres-modernes-editions-originales-signees-numerotees","8":"product_cat-poesie-theatre-prose","9":"sales-flash-overlay","10":"woocommerce-text-align-center","11":"woocommerce-image-align-center","12":"wc-has-gallery","14":"first","15":"outofstock","16":"taxable","17":"shipping-taxable","18":"purchasable","19":"product-type-simple"},"aioseo_notices":[],"_links":{"self":[{"href":"https:\/\/www.livresentre2actions.fr\/fr_fr\/wp-json\/wp\/v2\/product\/13970","targetHints":{"allow":["GET"]}}],"collection":[{"href":"https:\/\/www.livresentre2actions.fr\/fr_fr\/wp-json\/wp\/v2\/product"}],"about":[{"href":"https:\/\/www.livresentre2actions.fr\/fr_fr\/wp-json\/wp\/v2\/types\/product"}],"wp:featuredmedia":[{"embeddable":true,"href":"https:\/\/www.livresentre2actions.fr\/fr_fr\/wp-json\/wp\/v2\/media\/13972"}],"wp:attachment":[{"href":"https:\/\/www.livresentre2actions.fr\/fr_fr\/wp-json\/wp\/v2\/media?parent=13970"}],"wp:term":[{"taxonomy":"product_brand","embeddable":true,"href":"https:\/\/www.livresentre2actions.fr\/fr_fr\/wp-json\/wp\/v2\/product_brand?post=13970"},{"taxonomy":"product_cat","embeddable":true,"href":"https:\/\/www.livresentre2actions.fr\/fr_fr\/wp-json\/wp\/v2\/product_cat?post=13970"},{"taxonomy":"product_tag","embeddable":true,"href":"https:\/\/www.livresentre2actions.fr\/fr_fr\/wp-json\/wp\/v2\/product_tag?post=13970"}],"curies":[{"name":"wp","href":"https:\/\/api.w.org\/{rel}","templated":true}]}}