{"id":13953,"date":"2025-07-21T15:42:31","date_gmt":"2025-07-21T13:42:31","guid":{"rendered":"https:\/\/www.livresentre2actions.fr\/?post_type=product&#038;p=13953"},"modified":"2025-08-25T14:23:28","modified_gmt":"2025-08-25T12:23:28","slug":"henry-matisse-rhythm-and-meaning-catalogue-johannesburg-2016-2","status":"publish","type":"product","link":"https:\/\/www.livresentre2actions.fr\/fr_fr\/produit\/henry-matisse-rhythm-and-meaning-catalogue-johannesburg-2016-2\/","title":{"rendered":"Henry Matisse. Rhythm and Meaning. catalogue, Johannesburg 2016"},"content":{"rendered":"<p>Frederico Freschi, Patrice Deparpe &#8211; Mus\u00e9e Matisse, Standard Bank Gallery &amp; Co.<\/p>\n<p>Broch\u00e9 blanc sous embo\u00eetage toil\u00e9 jaune. Couverture broch\u00e9e avec titre en surimpression \u00e0 l\u2019oppos\u00e9 de l\u2019embo\u00eetage sur lequel le titre est repris en creux, format carr\u00e9, 260 x 260, 207p. 2016. Int\u00e9rieur comme neuf. Embo\u00eetage l\u00e9g\u00e8rement insol\u00e9 et frott\u00e9, deux l\u00e9g\u00e8res taches sombres en verso d\u2019embo\u00eetage. Bel exemplaire de cette premi\u00e8re exposition africaine de l\u2019\u0153uvre de Matisse, \u00e0 Johannesburg. Exposition comprenant un certain nombre de peintures, dessins, collages et gravures couvrant tous les th\u00e8mes dominants de l&rsquo;\u0153uvre de l&rsquo;artiste, depuis ses premi\u00e8res ann\u00e9es fauves, en passant par son int\u00e9r\u00eat pour l&rsquo;exotisme et l&rsquo;orientalisme, jusqu&rsquo;aux d\u00e9coupages de papier qu&rsquo;il a produits dans les derni\u00e8res ann\u00e9es de sa vie, seront expos\u00e9s ainsi que les 20 gravures de la c\u00e9l\u00e8bre collection Jazz de Matisse de 1947.<\/p>\n","protected":false},"excerpt":{"rendered":"<p>Frederico Freschi, Patrice Deparpe &#8211; Mus\u00e9e Matisse, Standard Bank Gallery &amp; Co. Broch\u00e9 blanc sous embo\u00eetage toil\u00e9 jaune. Couverture broch\u00e9e avec titre en surimpression \u00e0 l\u2019oppos\u00e9 de l\u2019embo\u00eetage sur lequel le titre est repris en creux, format carr\u00e9, 260 x 260, 207p. 2016. Int\u00e9rieur comme neuf. Embo\u00eetage l\u00e9g\u00e8rement insol\u00e9 et frott\u00e9, deux l\u00e9g\u00e8res taches sombres &#8230; <a title=\"Henry Matisse. Rhythm and Meaning. catalogue, Johannesburg 2016\" class=\"read-more\" href=\"https:\/\/www.livresentre2actions.fr\/fr_fr\/produit\/henry-matisse-rhythm-and-meaning-catalogue-johannesburg-2016-2\/\" aria-label=\"En savoir plus sur Henry Matisse. Rhythm and Meaning. catalogue, Johannesburg 2016\">Lire plus<\/a><\/p>\n","protected":false},"featured_media":13954,"template":"","meta":{"_eb_attr":""},"product_brand":[],"product_cat":[37,75,71],"product_tag":[],"class_list":{"0":"post-13953","1":"product","2":"type-product","3":"status-publish","4":"has-post-thumbnail","6":"product_cat-a-partir-du-xxeme-siecle","7":"product_cat-art","8":"product_cat-illustres-modernes-editions-originales-signees-numerotees","9":"sales-flash-overlay","10":"woocommerce-text-align-center","11":"woocommerce-image-align-center","12":"wc-has-gallery","14":"first","15":"instock","16":"taxable","17":"shipping-taxable","18":"purchasable","19":"product-type-simple"},"aioseo_notices":[],"_links":{"self":[{"href":"https:\/\/www.livresentre2actions.fr\/fr_fr\/wp-json\/wp\/v2\/product\/13953","targetHints":{"allow":["GET"]}}],"collection":[{"href":"https:\/\/www.livresentre2actions.fr\/fr_fr\/wp-json\/wp\/v2\/product"}],"about":[{"href":"https:\/\/www.livresentre2actions.fr\/fr_fr\/wp-json\/wp\/v2\/types\/product"}],"wp:featuredmedia":[{"embeddable":true,"href":"https:\/\/www.livresentre2actions.fr\/fr_fr\/wp-json\/wp\/v2\/media\/13954"}],"wp:attachment":[{"href":"https:\/\/www.livresentre2actions.fr\/fr_fr\/wp-json\/wp\/v2\/media?parent=13953"}],"wp:term":[{"taxonomy":"product_brand","embeddable":true,"href":"https:\/\/www.livresentre2actions.fr\/fr_fr\/wp-json\/wp\/v2\/product_brand?post=13953"},{"taxonomy":"product_cat","embeddable":true,"href":"https:\/\/www.livresentre2actions.fr\/fr_fr\/wp-json\/wp\/v2\/product_cat?post=13953"},{"taxonomy":"product_tag","embeddable":true,"href":"https:\/\/www.livresentre2actions.fr\/fr_fr\/wp-json\/wp\/v2\/product_tag?post=13953"}],"curies":[{"name":"wp","href":"https:\/\/api.w.org\/{rel}","templated":true}]}}