{"id":13927,"date":"2025-07-20T16:04:12","date_gmt":"2025-07-20T14:04:12","guid":{"rendered":"https:\/\/www.livresentre2actions.fr\/?post_type=product&#038;p=13927"},"modified":"2025-08-25T14:23:31","modified_gmt":"2025-08-25T12:23:31","slug":"simples-contes-des-collines-rudyard-kipling","status":"publish","type":"product","link":"https:\/\/www.livresentre2actions.fr\/fr_fr\/produit\/simples-contes-des-collines-rudyard-kipling\/","title":{"rendered":"Simples contes des collines &#8211; Rudyard Kipling"},"content":{"rendered":"<p>P.-V. Stock &#8211; Plein simili percaline noire \u00e0 dos long orn\u00e9 des titres et auteurs, 182 x 121, 294p. Avec table. 1907. Traduction d\u2019Albert Savine. Biblioth\u00e8que cosmopolite n\u00b022. Premi\u00e8re \u00e9dition en fran\u00e7ais. Int\u00e9rieur propre, quelques rousseurs. Des frottements \u00e0 la reliure, un manque en mors sup\u00e9rieur. Bon exemplaire bien ferme. Egalement en stock de Kipling en premi\u00e8re \u00e9dition fran\u00e7aise due \u00e0 Albert Savine, La cit\u00e9 de l\u2019\u00e9pouvantable nuit.<\/p>\n","protected":false},"excerpt":{"rendered":"<p>P.-V. Stock &#8211; Plein simili percaline noire \u00e0 dos long orn\u00e9 des titres et auteurs, 182 x 121, 294p. Avec table. 1907. Traduction d\u2019Albert Savine. Biblioth\u00e8que cosmopolite n\u00b022. Premi\u00e8re \u00e9dition en fran\u00e7ais. Int\u00e9rieur propre, quelques rousseurs. Des frottements \u00e0 la reliure, un manque en mors sup\u00e9rieur. Bon exemplaire bien ferme. Egalement en stock de Kipling &#8230; <a title=\"Simples contes des collines &#8211; Rudyard Kipling\" class=\"read-more\" href=\"https:\/\/www.livresentre2actions.fr\/fr_fr\/produit\/simples-contes-des-collines-rudyard-kipling\/\" aria-label=\"En savoir plus sur Simples contes des collines &#8211; Rudyard Kipling\">Lire plus<\/a><\/p>\n","protected":false},"featured_media":13928,"template":"","meta":{"_eb_attr":""},"product_brand":[],"product_cat":[37,71,76],"product_tag":[],"class_list":{"0":"post-13927","1":"product","2":"type-product","3":"status-publish","4":"has-post-thumbnail","6":"product_cat-a-partir-du-xxeme-siecle","7":"product_cat-illustres-modernes-editions-originales-signees-numerotees","8":"product_cat-poesie-theatre-prose","9":"sales-flash-overlay","10":"woocommerce-text-align-center","11":"woocommerce-image-align-center","12":"wc-has-gallery","14":"first","15":"instock","16":"taxable","17":"shipping-taxable","18":"purchasable","19":"product-type-simple"},"aioseo_notices":[],"_links":{"self":[{"href":"https:\/\/www.livresentre2actions.fr\/fr_fr\/wp-json\/wp\/v2\/product\/13927","targetHints":{"allow":["GET"]}}],"collection":[{"href":"https:\/\/www.livresentre2actions.fr\/fr_fr\/wp-json\/wp\/v2\/product"}],"about":[{"href":"https:\/\/www.livresentre2actions.fr\/fr_fr\/wp-json\/wp\/v2\/types\/product"}],"wp:featuredmedia":[{"embeddable":true,"href":"https:\/\/www.livresentre2actions.fr\/fr_fr\/wp-json\/wp\/v2\/media\/13928"}],"wp:attachment":[{"href":"https:\/\/www.livresentre2actions.fr\/fr_fr\/wp-json\/wp\/v2\/media?parent=13927"}],"wp:term":[{"taxonomy":"product_brand","embeddable":true,"href":"https:\/\/www.livresentre2actions.fr\/fr_fr\/wp-json\/wp\/v2\/product_brand?post=13927"},{"taxonomy":"product_cat","embeddable":true,"href":"https:\/\/www.livresentre2actions.fr\/fr_fr\/wp-json\/wp\/v2\/product_cat?post=13927"},{"taxonomy":"product_tag","embeddable":true,"href":"https:\/\/www.livresentre2actions.fr\/fr_fr\/wp-json\/wp\/v2\/product_tag?post=13927"}],"curies":[{"name":"wp","href":"https:\/\/api.w.org\/{rel}","templated":true}]}}