{"id":13834,"date":"2025-07-13T18:21:53","date_gmt":"2025-07-13T16:21:53","guid":{"rendered":"https:\/\/www.livresentre2actions.fr\/?post_type=product&#038;p=13834"},"modified":"2025-08-25T14:21:54","modified_gmt":"2025-08-25T12:21:54","slug":"menus-propos-sur-larchitecture-francaise-avec-un-brin-de-philosophie","status":"publish","type":"product","link":"https:\/\/www.livresentre2actions.fr\/fr_fr\/produit\/menus-propos-sur-larchitecture-francaise-avec-un-brin-de-philosophie\/","title":{"rendered":"Menus propos sur l&rsquo;architecture fran\u00e7aise, avec un brin de philosophie"},"content":{"rendered":"<p>H\u00e9l\u00e8ne Charpentier. &#8211; Les \u00e9ditions du Scorpion, collection Alternance<\/p>\n<p>Broch\u00e9, 152 x 143, 87p. hors table. 1959. Premi\u00e8re \u00e9dition. Exemplaire l\u00e9g\u00e8rement insol\u00e9 et frott\u00e9 mais tr\u00e8s bon, propre, int\u00e8gre, bien ferme. Int\u00e9gralement non coup\u00e9.<\/p>\n","protected":false},"excerpt":{"rendered":"<p>H\u00e9l\u00e8ne Charpentier. &#8211; Les \u00e9ditions du Scorpion, collection Alternance Broch\u00e9, 152 x 143, 87p. hors table. 1959. Premi\u00e8re \u00e9dition. Exemplaire l\u00e9g\u00e8rement insol\u00e9 et frott\u00e9 mais tr\u00e8s bon, propre, int\u00e8gre, bien ferme. Int\u00e9gralement non coup\u00e9.<\/p>\n","protected":false},"featured_media":13835,"template":"","meta":{"_eb_attr":""},"product_brand":[],"product_cat":[37,75,71,82],"product_tag":[],"class_list":{"0":"post-13834","1":"product","2":"type-product","3":"status-publish","4":"has-post-thumbnail","6":"product_cat-a-partir-du-xxeme-siecle","7":"product_cat-art","8":"product_cat-illustres-modernes-editions-originales-signees-numerotees","9":"product_cat-philosophie","10":"sales-flash-overlay","11":"woocommerce-text-align-center","12":"woocommerce-image-align-center","13":"wc-has-gallery","15":"first","16":"instock","17":"taxable","18":"shipping-taxable","19":"purchasable","20":"product-type-simple"},"aioseo_notices":[],"_links":{"self":[{"href":"https:\/\/www.livresentre2actions.fr\/fr_fr\/wp-json\/wp\/v2\/product\/13834","targetHints":{"allow":["GET"]}}],"collection":[{"href":"https:\/\/www.livresentre2actions.fr\/fr_fr\/wp-json\/wp\/v2\/product"}],"about":[{"href":"https:\/\/www.livresentre2actions.fr\/fr_fr\/wp-json\/wp\/v2\/types\/product"}],"wp:featuredmedia":[{"embeddable":true,"href":"https:\/\/www.livresentre2actions.fr\/fr_fr\/wp-json\/wp\/v2\/media\/13835"}],"wp:attachment":[{"href":"https:\/\/www.livresentre2actions.fr\/fr_fr\/wp-json\/wp\/v2\/media?parent=13834"}],"wp:term":[{"taxonomy":"product_brand","embeddable":true,"href":"https:\/\/www.livresentre2actions.fr\/fr_fr\/wp-json\/wp\/v2\/product_brand?post=13834"},{"taxonomy":"product_cat","embeddable":true,"href":"https:\/\/www.livresentre2actions.fr\/fr_fr\/wp-json\/wp\/v2\/product_cat?post=13834"},{"taxonomy":"product_tag","embeddable":true,"href":"https:\/\/www.livresentre2actions.fr\/fr_fr\/wp-json\/wp\/v2\/product_tag?post=13834"}],"curies":[{"name":"wp","href":"https:\/\/api.w.org\/{rel}","templated":true}]}}