{"id":13826,"date":"2025-07-13T18:09:34","date_gmt":"2025-07-13T16:09:34","guid":{"rendered":"https:\/\/www.livresentre2actions.fr\/?post_type=product&#038;p=13826"},"modified":"2025-08-25T14:21:54","modified_gmt":"2025-08-25T12:21:54","slug":"dityvon-humeurs-de-la-ville","status":"publish","type":"product","link":"https:\/\/www.livresentre2actions.fr\/fr_fr\/produit\/dityvon-humeurs-de-la-ville\/","title":{"rendered":"Dityvon &#8211; Humeurs de la ville"},"content":{"rendered":"<p>Broch\u00e9, 235 x 193, non pagin\u00e9. 25p. 1986. Introduction de Denis roche. Issu de la commande publique Mairie de Douchy-les-Mines. Tr\u00e8s bel exemplaire, prorpe, int\u00e8gre, bien ferme. proche du neuf.<\/p>\n","protected":false},"excerpt":{"rendered":"<p>Broch\u00e9, 235 x 193, non pagin\u00e9. 25p. 1986. Introduction de Denis roche. Issu de la commande publique Mairie de Douchy-les-Mines. Tr\u00e8s bel exemplaire, prorpe, int\u00e8gre, bien ferme. proche du neuf.<\/p>\n","protected":false},"featured_media":13827,"template":"","meta":{"_eb_attr":""},"product_brand":[],"product_cat":[37,75,71],"product_tag":[],"class_list":{"0":"post-13826","1":"product","2":"type-product","3":"status-publish","4":"has-post-thumbnail","6":"product_cat-a-partir-du-xxeme-siecle","7":"product_cat-art","8":"product_cat-illustres-modernes-editions-originales-signees-numerotees","9":"sales-flash-overlay","10":"woocommerce-text-align-center","11":"woocommerce-image-align-center","12":"wc-has-gallery","14":"first","15":"instock","16":"taxable","17":"shipping-taxable","18":"purchasable","19":"product-type-simple"},"aioseo_notices":[],"_links":{"self":[{"href":"https:\/\/www.livresentre2actions.fr\/fr_fr\/wp-json\/wp\/v2\/product\/13826","targetHints":{"allow":["GET"]}}],"collection":[{"href":"https:\/\/www.livresentre2actions.fr\/fr_fr\/wp-json\/wp\/v2\/product"}],"about":[{"href":"https:\/\/www.livresentre2actions.fr\/fr_fr\/wp-json\/wp\/v2\/types\/product"}],"wp:featuredmedia":[{"embeddable":true,"href":"https:\/\/www.livresentre2actions.fr\/fr_fr\/wp-json\/wp\/v2\/media\/13827"}],"wp:attachment":[{"href":"https:\/\/www.livresentre2actions.fr\/fr_fr\/wp-json\/wp\/v2\/media?parent=13826"}],"wp:term":[{"taxonomy":"product_brand","embeddable":true,"href":"https:\/\/www.livresentre2actions.fr\/fr_fr\/wp-json\/wp\/v2\/product_brand?post=13826"},{"taxonomy":"product_cat","embeddable":true,"href":"https:\/\/www.livresentre2actions.fr\/fr_fr\/wp-json\/wp\/v2\/product_cat?post=13826"},{"taxonomy":"product_tag","embeddable":true,"href":"https:\/\/www.livresentre2actions.fr\/fr_fr\/wp-json\/wp\/v2\/product_tag?post=13826"}],"curies":[{"name":"wp","href":"https:\/\/api.w.org\/{rel}","templated":true}]}}