{"id":13818,"date":"2025-07-13T17:42:16","date_gmt":"2025-07-13T15:42:16","guid":{"rendered":"https:\/\/www.livresentre2actions.fr\/?post_type=product&#038;p=13818"},"modified":"2025-08-25T14:21:54","modified_gmt":"2025-08-25T12:21:54","slug":"georges-thiry-portraits","status":"publish","type":"product","link":"https:\/\/www.livresentre2actions.fr\/fr_fr\/produit\/georges-thiry-portraits\/","title":{"rendered":"Georges Thiry,  portraits"},"content":{"rendered":"<p>Broch\u00e9, 235 x 220, 179 p. Crisn\u00e9e, 1983. Pr\u00e9c\u00e9d\u00e9 de La collection Nachet, par Marcel et Gabriel Piqueray, suivi de L&rsquo;oeil du ventre, par Andr\u00e9 Stas. Couvertures l\u00e9g\u00e8rement mais uniform\u00e9ment insol\u00e9es ; int\u00e9rieur propre, tr\u00e8s l\u00e9g\u00e8rement insol\u00e9 en bordures. Tr\u00e8s bon.<\/p>\n","protected":false},"excerpt":{"rendered":"<p>Broch\u00e9, 235 x 220, 179 p. Crisn\u00e9e, 1983. Pr\u00e9c\u00e9d\u00e9 de La collection Nachet, par Marcel et Gabriel Piqueray, suivi de L&rsquo;oeil du ventre, par Andr\u00e9 Stas. Couvertures l\u00e9g\u00e8rement mais uniform\u00e9ment insol\u00e9es ; int\u00e9rieur propre, tr\u00e8s l\u00e9g\u00e8rement insol\u00e9 en bordures. Tr\u00e8s bon.<\/p>\n","protected":false},"featured_media":13819,"template":"","meta":{"_eb_attr":""},"product_brand":[],"product_cat":[37,75,71],"product_tag":[],"class_list":{"0":"post-13818","1":"product","2":"type-product","3":"status-publish","4":"has-post-thumbnail","6":"product_cat-a-partir-du-xxeme-siecle","7":"product_cat-art","8":"product_cat-illustres-modernes-editions-originales-signees-numerotees","9":"sales-flash-overlay","10":"woocommerce-text-align-center","11":"woocommerce-image-align-center","12":"wc-has-gallery","14":"first","15":"instock","16":"taxable","17":"shipping-taxable","18":"purchasable","19":"product-type-simple"},"aioseo_notices":[],"_links":{"self":[{"href":"https:\/\/www.livresentre2actions.fr\/fr_fr\/wp-json\/wp\/v2\/product\/13818","targetHints":{"allow":["GET"]}}],"collection":[{"href":"https:\/\/www.livresentre2actions.fr\/fr_fr\/wp-json\/wp\/v2\/product"}],"about":[{"href":"https:\/\/www.livresentre2actions.fr\/fr_fr\/wp-json\/wp\/v2\/types\/product"}],"wp:featuredmedia":[{"embeddable":true,"href":"https:\/\/www.livresentre2actions.fr\/fr_fr\/wp-json\/wp\/v2\/media\/13819"}],"wp:attachment":[{"href":"https:\/\/www.livresentre2actions.fr\/fr_fr\/wp-json\/wp\/v2\/media?parent=13818"}],"wp:term":[{"taxonomy":"product_brand","embeddable":true,"href":"https:\/\/www.livresentre2actions.fr\/fr_fr\/wp-json\/wp\/v2\/product_brand?post=13818"},{"taxonomy":"product_cat","embeddable":true,"href":"https:\/\/www.livresentre2actions.fr\/fr_fr\/wp-json\/wp\/v2\/product_cat?post=13818"},{"taxonomy":"product_tag","embeddable":true,"href":"https:\/\/www.livresentre2actions.fr\/fr_fr\/wp-json\/wp\/v2\/product_tag?post=13818"}],"curies":[{"name":"wp","href":"https:\/\/api.w.org\/{rel}","templated":true}]}}