{"id":13809,"date":"2025-07-13T17:27:39","date_gmt":"2025-07-13T15:27:39","guid":{"rendered":"https:\/\/www.livresentre2actions.fr\/?post_type=product&#038;p=13809"},"modified":"2025-08-08T11:48:46","modified_gmt":"2025-08-08T09:48:46","slug":"breve-histoire-du-chateau-dhardelot-et-de-quelques-personnages","status":"publish","type":"product","link":"https:\/\/www.livresentre2actions.fr\/fr_fr\/produit\/breve-histoire-du-chateau-dhardelot-et-de-quelques-personnages\/","title":{"rendered":"Br\u00e8ve histoire du ch\u00e2teau d\u2019Hardelot et de quelques personnages"},"content":{"rendered":"<p>Andr\u00e9 F. Beaudel &#8211; Les cahiers du Callouy<\/p>\n<p>Broch\u00e9 double agrafe, 290 x 210, 186p. 1981. Pr\u00e9face de P.A. Wimet. Int\u00e9rieur propre, tranches avec rousseurs. Rousseurs en page de garde. Couvertures et dos frott\u00e9s avec quelques traces et une pliure en coin de t\u00eate. Bon exemplaire bien ferme.<\/p>\n","protected":false},"excerpt":{"rendered":"<p>Andr\u00e9 F. Beaudel &#8211; Les cahiers du Callouy Broch\u00e9 double agrafe, 290 x 210, 186p. 1981. Pr\u00e9face de P.A. Wimet. Int\u00e9rieur propre, tranches avec rousseurs. Rousseurs en page de garde. Couvertures et dos frott\u00e9s avec quelques traces et une pliure en coin de t\u00eate. Bon exemplaire bien ferme.<\/p>\n","protected":false},"featured_media":13810,"template":"","meta":{"_eb_attr":""},"product_brand":[],"product_cat":[37,81,73],"product_tag":[],"class_list":{"0":"post-13809","1":"product","2":"type-product","3":"status-publish","4":"has-post-thumbnail","6":"product_cat-a-partir-du-xxeme-siecle","7":"product_cat-hauts-de-france","8":"product_cat-histoires-et-recits-de-voyage","9":"sales-flash-overlay","10":"woocommerce-text-align-center","11":"woocommerce-image-align-center","12":"wc-has-gallery","14":"first","15":"instock","16":"taxable","17":"shipping-taxable","18":"purchasable","19":"product-type-simple"},"aioseo_notices":[],"_links":{"self":[{"href":"https:\/\/www.livresentre2actions.fr\/fr_fr\/wp-json\/wp\/v2\/product\/13809","targetHints":{"allow":["GET"]}}],"collection":[{"href":"https:\/\/www.livresentre2actions.fr\/fr_fr\/wp-json\/wp\/v2\/product"}],"about":[{"href":"https:\/\/www.livresentre2actions.fr\/fr_fr\/wp-json\/wp\/v2\/types\/product"}],"wp:featuredmedia":[{"embeddable":true,"href":"https:\/\/www.livresentre2actions.fr\/fr_fr\/wp-json\/wp\/v2\/media\/13810"}],"wp:attachment":[{"href":"https:\/\/www.livresentre2actions.fr\/fr_fr\/wp-json\/wp\/v2\/media?parent=13809"}],"wp:term":[{"taxonomy":"product_brand","embeddable":true,"href":"https:\/\/www.livresentre2actions.fr\/fr_fr\/wp-json\/wp\/v2\/product_brand?post=13809"},{"taxonomy":"product_cat","embeddable":true,"href":"https:\/\/www.livresentre2actions.fr\/fr_fr\/wp-json\/wp\/v2\/product_cat?post=13809"},{"taxonomy":"product_tag","embeddable":true,"href":"https:\/\/www.livresentre2actions.fr\/fr_fr\/wp-json\/wp\/v2\/product_tag?post=13809"}],"curies":[{"name":"wp","href":"https:\/\/api.w.org\/{rel}","templated":true}]}}