{"id":13797,"date":"2025-07-12T19:48:20","date_gmt":"2025-07-12T17:48:20","guid":{"rendered":"https:\/\/www.livresentre2actions.fr\/?post_type=product&#038;p=13797"},"modified":"2025-12-16T20:55:26","modified_gmt":"2025-12-16T19:55:26","slug":"henr-zoesii-commentarius-ad-digestorum-seu-pandectarum","status":"publish","type":"product","link":"https:\/\/www.livresentre2actions.fr\/fr_fr\/produit\/henr-zoesii-commentarius-ad-digestorum-seu-pandectarum\/","title":{"rendered":"Henr. Zoesii &#8211; Commentarius Ad Digestorum Seu Pandectarum"},"content":{"rendered":"<p>Clarissimi Viri Henr. Zoesii Amersfortii Academia Lovaniensi I.U. Doctoris, &amp; Professoris Regii Commentarius Ad Digestorum Seu Pandectarum : juris civilis libros L. Jam Prioem Variis ex Jure practico publico &amp; Camerali additamentis mediam circiter partem Librorum locupletior redditus<\/p>\n<p>Henricus Zoesius &#8211; Sumptibus Wilhelmi Metternich<\/p>\n<p>Plein veau, dos \u00e0 cinq nerfs orn\u00e9, 224 x 185, 1725. 1148p. Suivi des Index legem et Index rerum et verborum. (index complet). Ouvrage incomplet au livre premier qui d\u00e9marre \u00e0 la page 37. Complet pour le reste, avec pp. 401-424 et 521-536 qui se d\u00e9tachent&#8230; Complet ensuite. Page de titre quasi d\u00e9tach\u00e9e, pas de page de garde. Privilegium. Vita et elogium Zoesii. Censura. Puis le texte p37. Reliure \u00e0 reprendre.<\/p>\n","protected":false},"excerpt":{"rendered":"<p>Clarissimi Viri Henr. Zoesii Amersfortii Academia Lovaniensi I.U. Doctoris, &amp; Professoris Regii Commentarius Ad Digestorum Seu Pandectarum : juris civilis libros L. Jam Prioem Variis ex Jure practico publico &amp; Camerali additamentis mediam circiter partem Librorum locupletior redditus Henricus Zoesius &#8211; Sumptibus Wilhelmi Metternich Plein veau, dos \u00e0 cinq nerfs orn\u00e9, 224 x 185, 1725. &#8230; <a title=\"Henr. Zoesii &#8211; Commentarius Ad Digestorum Seu Pandectarum\" class=\"read-more\" href=\"https:\/\/www.livresentre2actions.fr\/fr_fr\/produit\/henr-zoesii-commentarius-ad-digestorum-seu-pandectarum\/\" aria-label=\"En savoir plus sur Henr. Zoesii &#8211; Commentarius Ad Digestorum Seu Pandectarum\">Lire plus<\/a><\/p>\n","protected":false},"featured_media":14689,"template":"","meta":{"_eb_attr":""},"product_brand":[],"product_cat":[35,77],"product_tag":[],"class_list":{"0":"post-13797","1":"product","2":"type-product","3":"status-publish","4":"has-post-thumbnail","6":"product_cat-jusquau-xviiemesiecle","7":"product_cat-droit","8":"sales-flash-overlay","9":"woocommerce-text-align-center","10":"woocommerce-image-align-center","11":"wc-has-gallery","13":"first","14":"outofstock","15":"taxable","16":"shipping-taxable","17":"purchasable","18":"product-type-simple"},"aioseo_notices":[],"_links":{"self":[{"href":"https:\/\/www.livresentre2actions.fr\/fr_fr\/wp-json\/wp\/v2\/product\/13797","targetHints":{"allow":["GET"]}}],"collection":[{"href":"https:\/\/www.livresentre2actions.fr\/fr_fr\/wp-json\/wp\/v2\/product"}],"about":[{"href":"https:\/\/www.livresentre2actions.fr\/fr_fr\/wp-json\/wp\/v2\/types\/product"}],"wp:featuredmedia":[{"embeddable":true,"href":"https:\/\/www.livresentre2actions.fr\/fr_fr\/wp-json\/wp\/v2\/media\/14689"}],"wp:attachment":[{"href":"https:\/\/www.livresentre2actions.fr\/fr_fr\/wp-json\/wp\/v2\/media?parent=13797"}],"wp:term":[{"taxonomy":"product_brand","embeddable":true,"href":"https:\/\/www.livresentre2actions.fr\/fr_fr\/wp-json\/wp\/v2\/product_brand?post=13797"},{"taxonomy":"product_cat","embeddable":true,"href":"https:\/\/www.livresentre2actions.fr\/fr_fr\/wp-json\/wp\/v2\/product_cat?post=13797"},{"taxonomy":"product_tag","embeddable":true,"href":"https:\/\/www.livresentre2actions.fr\/fr_fr\/wp-json\/wp\/v2\/product_tag?post=13797"}],"curies":[{"name":"wp","href":"https:\/\/api.w.org\/{rel}","templated":true}]}}