{"id":13773,"date":"2025-07-12T18:46:28","date_gmt":"2025-07-12T16:46:28","guid":{"rendered":"https:\/\/www.livresentre2actions.fr\/?post_type=product&#038;p=13773"},"modified":"2026-02-09T17:33:21","modified_gmt":"2026-02-09T16:33:21","slug":"opera-omnia-medico-pratica-et-anatomica-georgii-baglavi","status":"publish","type":"product","link":"https:\/\/www.livresentre2actions.fr\/fr_fr\/produit\/opera-omnia-medico-pratica-et-anatomica-georgii-baglavi\/","title":{"rendered":"Opera omnia. Medico pratica et anatomica &#8211; Georgii Baglavi"},"content":{"rendered":"<p>Opera omnia. Medico pratica et anatomica. Editio accuratissima \/ J. D. Santorini Opuscula quatuor de Structura &amp; Matu Fibrae, de Nutritione Animali, de Haemorrhoidibus &amp; de Catameniis<\/p>\n<p>Georgii Baglavi \/ Johannes Dominici Santorini<\/p>\n<p>Petri Bruyset &amp; Soclorum &#8211; Plein veau marbr\u00e9, dos \u00e0 5 nerfs orn\u00e9 aux caissons et d\u2019une pi\u00e8ce de titre en maroquin lie de vin, tranches jasp\u00e9es rouge, 270 x 183, 1765. Adresse du pape Innocentio XII et approbation, 4p. Praefacio, pagin\u00e9e II-XLII. Adresse au lecteur et Index opusculorum, 10p. Puis le texte\u00a0: pp.I- 746 p.<\/p>\n<p>Frontispice grav\u00e9 portrait de l\u2019auteur, grav\u00e9 par Claude Duflos. 2 planches hors texte grav\u00e9e\u00a0: Columna de Antonino Pio (une d\u00e9chirure sans manque et pliures en bordure). Et la c\u00e9l\u00e8bre planche de la tarentule (int\u00e8gre). Et 3 petites figures dans le texte.<\/p>\n<p>Reli\u00e9 la suite comme indiqu\u00e9 au titre et dans l\u2019index\u00a0: J. D. Santorini Opuscula quatuor de Structura &amp; Matu Fibrae, de Nutritione Animali, de Haemorrhoidibus &amp; de Catameniis, pp. 749-918. Avec avant la lettre hommage, adresse et index des diff\u00e9rentes parties, pp. 749-758. Et une planche en frontispice du premier opuscule, compos\u00e9e de 6 figures grav\u00e9es.<\/p>\n<p>In fine Index rerum et verborum, pp. 835-918. Int\u00e9rieur tr\u00e8s bon, insol\u00e9 rousseurs l\u00e9g\u00e8res, 4 petits manque en pied de page en marge sans atteinte au texte, 5 pages corn\u00e9es en pied, rare et marginale mouillure sauf in fine dans l\u2019index o\u00f9 elle est plus large et plus marqu\u00e9e. Plats frott\u00e9s avec \u00e9pidermures, taches et griffes, avec petit manque en t\u00eate des deux plats pr\u00e8s du mors. Champs et coins frott\u00e9s, 3 coins l\u00e9g\u00e8rement \u00e9mouss\u00e9s. Mors frott\u00e9s. Dos frott\u00e9 aux nerfs avec \u00e9pidermures et griffe \u00e0 trois dents m\u00e9diane tout du long, coiffe et queue aras\u00e9es, un petit manque en t\u00eate du premier caisson.<\/p>\n<p>Giorgio Baglivi, ou George Baglivi (1668-1707) est un m\u00e9decin ragusien, nomm\u00e9, par Cl\u00e9ment XI, professeur de chirurgie et d&rsquo;anatomie dans le coll\u00e8ge de la Sapience \u00e0 Rome. Il contribua \u00e0 ramener les m\u00e9decins \u00e0 l&rsquo;observation de la nature et \u00e0 l&rsquo;\u00e9tude des \u00e9crits d&rsquo;Hippocrate (wikip.). Claude Duflos, ou Duflos p\u00e8re, est un graveur en taille-douce fran\u00e7ais (1665-1727), fils de Jacques Duflos, qualifi\u00e9 de chirurgien ordinaire du roi dans un acte de 1672. Giovanni Domenico Santorini (1681-1737) est un anatomiste italien principalement connu pour ses dissections du corps humain.<\/p>\n","protected":false},"excerpt":{"rendered":"<p>Opera omnia. Medico pratica et anatomica. Editio accuratissima \/ J. D. Santorini Opuscula quatuor de Structura &amp; Matu Fibrae, de Nutritione Animali, de Haemorrhoidibus &amp; de Catameniis Georgii Baglavi \/ Johannes Dominici Santorini Petri Bruyset &amp; Soclorum &#8211; Plein veau marbr\u00e9, dos \u00e0 5 nerfs orn\u00e9 aux caissons et d\u2019une pi\u00e8ce de titre en maroquin &#8230; <a title=\"Opera omnia. Medico pratica et anatomica &#8211; Georgii Baglavi\" class=\"read-more\" href=\"https:\/\/www.livresentre2actions.fr\/fr_fr\/produit\/opera-omnia-medico-pratica-et-anatomica-georgii-baglavi\/\" aria-label=\"En savoir plus sur Opera omnia. Medico pratica et anatomica &#8211; Georgii Baglavi\">Lire plus<\/a><\/p>\n","protected":false},"featured_media":13774,"template":"","meta":{"_eb_attr":""},"product_brand":[],"product_cat":[36,71,70],"product_tag":[],"class_list":{"0":"post-13773","1":"product","2":"type-product","3":"status-publish","4":"has-post-thumbnail","6":"product_cat-entre-le-xviiieme-et-le-xixeme-siecle","7":"product_cat-illustres-modernes-editions-originales-signees-numerotees","8":"product_cat-medecine-et-nature","9":"sales-flash-overlay","10":"woocommerce-text-align-center","11":"woocommerce-image-align-center","12":"wc-has-gallery","14":"first","15":"instock","16":"taxable","17":"shipping-taxable","18":"purchasable","19":"product-type-simple"},"aioseo_notices":[],"_links":{"self":[{"href":"https:\/\/www.livresentre2actions.fr\/fr_fr\/wp-json\/wp\/v2\/product\/13773","targetHints":{"allow":["GET"]}}],"collection":[{"href":"https:\/\/www.livresentre2actions.fr\/fr_fr\/wp-json\/wp\/v2\/product"}],"about":[{"href":"https:\/\/www.livresentre2actions.fr\/fr_fr\/wp-json\/wp\/v2\/types\/product"}],"wp:featuredmedia":[{"embeddable":true,"href":"https:\/\/www.livresentre2actions.fr\/fr_fr\/wp-json\/wp\/v2\/media\/13774"}],"wp:attachment":[{"href":"https:\/\/www.livresentre2actions.fr\/fr_fr\/wp-json\/wp\/v2\/media?parent=13773"}],"wp:term":[{"taxonomy":"product_brand","embeddable":true,"href":"https:\/\/www.livresentre2actions.fr\/fr_fr\/wp-json\/wp\/v2\/product_brand?post=13773"},{"taxonomy":"product_cat","embeddable":true,"href":"https:\/\/www.livresentre2actions.fr\/fr_fr\/wp-json\/wp\/v2\/product_cat?post=13773"},{"taxonomy":"product_tag","embeddable":true,"href":"https:\/\/www.livresentre2actions.fr\/fr_fr\/wp-json\/wp\/v2\/product_tag?post=13773"}],"curies":[{"name":"wp","href":"https:\/\/api.w.org\/{rel}","templated":true}]}}