{"id":13744,"date":"2025-07-12T18:31:28","date_gmt":"2025-07-12T16:31:28","guid":{"rendered":"https:\/\/www.livresentre2actions.fr\/?post_type=product&#038;p=13744"},"modified":"2025-08-27T11:35:00","modified_gmt":"2025-08-27T09:35:00","slug":"septem-tvbae-sacerdotales-tvba-octava-cum-notis-stephani-baluzij","status":"publish","type":"product","link":"https:\/\/www.livresentre2actions.fr\/fr_fr\/produit\/septem-tvbae-sacerdotales-tvba-octava-cum-notis-stephani-baluzij\/","title":{"rendered":"Septem tvbae sacerdotales&#8230; tvba octava, Cum Notis Stephani Baluzij"},"content":{"rendered":"<p>Septem tvbae sacerdotales ; sive selecti septem SS. Patrvm tractatus, I. Chrysostomi. Hieronymi. Prosperi. Gregorii. P. Damiani, Bernardi. [et] P. Blesensis. Quibus de novo addita est tvba octava, SS. Salviani et Vincentij liriniensis, Cum Notis Stephani Baluzij. Opus primum \u00e0 J. M. Horstio collectum ; [et] Praelatis, Sacerdotibus, caterisque Clericis pernecessarium : Hac vero Editione diligentissim\u00e8 recognitum [et] emendatum. Editio recens<\/p>\n<p>Sumptibus Societatis bibliopolarum &#8211; Plein veau, dos \u00e0 nerfs orn\u00e9 aux caissons et du titre, tranches jasp\u00e9es rouge, 253 x 195, 682p\u00a0; (not\u00e9 528). 1680.<\/p>\n<p>Suivi d\u2019un Ad Lectorem de 9p, et de l\u2019Index rerum de 36p. Pr\u00e9c\u00e9d\u00e9 de la d\u00e9dicace\u00a0: Illustrissimis ac revendissimis ecclesiae gallicanae antistibus ; caeterisque venerandis sacri cleri ordinibus. 4p.\u00a0; Lectori ecclesiastico, 5p. Syllabvs tractatvvm totius operis : S. Bernardus ; S. Gregorius magnus ; S. Joannes Chrysostomus ; S. Proper Aquitanicus ; B. Petrus Damani ; Petrus Blesensis ; S. Hieronymus ; S. Salvianus ; S. Vincentius Lirinensis. \/ et approbation, 3p. Vignette au titre aux armes du Vatican\u00a0; 2 ent\u00eates aux armes\u00a0; 47 lettrines\u00a0; 12 culs-de-lampe.<\/p>\n<p>A la suite, Tuba octava sanctorum presbyterorum, 222p. Avec appendice, et suivi de l\u2019Index rerum et verboum (17p.). 3 ent\u00eates aux armes, 2 culs-de-lampe, 5 lettrines.<\/p>\n<p>Un ex-libris manuscrit en t\u00eate de contreplat\u00a0: Ang\u00e9lique aim\u00e9 religieuse, congr\u00e9gation \u00e0 \u00ab\u00a0Cassiensoug\u00a0(?)\u00a0\u00bb.<\/p>\n<p>Texte sur deux colonnes. Int\u00e9rieur avec rousseurs parfois l\u00e9g\u00e8res, parfois tr\u00e8s abondantes, parfois en marge parfois dans le texte. Plats frott\u00e9s avec \u00e9pidermures et l\u00e9ger blanchiment en plat sup\u00e9rieur. Coins et champs frott\u00e9s, coins \u00e9mouss\u00e9s. Mors frott\u00e9s, fendus en pied des deux plats. Dos frott\u00e9 aux nerfs, \u00e9pidermures, coiffe en partie manquante, un manque en queue.<\/p>\n<p>Joint : un billet manuscrit recto-verso ; au verso un brouillon de lettre partiel du XVII\u00e8 en tr\u00e8s grande partie lisible et int\u00e9ressant o\u00f9 il est question de la fo\u00ff, sur un ton plut\u00f4t d\u00e9ploratif en raison d\u2019une perte de la fo\u00ff dans le monde (possiblement la religieuse sus-cit\u00e9e en ex-libris); au verso un texte latin tr\u00e8s lisible () ; enfin un texte en fran\u00e7ais et sign\u00e9 Monsieur et dat\u00e9 1779, l\u2019ensemble signature, date et texte se lisant avec un miroir \u00ab je vous dirai que vous \u00eates aimable et pour cette raison on vous ch\u00e9rit \u00bb.<\/p>\n","protected":false},"excerpt":{"rendered":"<p>Septem tvbae sacerdotales ; sive selecti septem SS. Patrvm tractatus, I. Chrysostomi. Hieronymi. Prosperi. Gregorii. P. Damiani, Bernardi. [et] P. Blesensis. Quibus de novo addita est tvba octava, SS. Salviani et Vincentij liriniensis, Cum Notis Stephani Baluzij. Opus primum \u00e0 J. M. Horstio collectum ; [et] Praelatis, Sacerdotibus, caterisque Clericis pernecessarium : Hac vero Editione &#8230; <a title=\"Septem tvbae sacerdotales&#8230; tvba octava, Cum Notis Stephani Baluzij\" class=\"read-more\" href=\"https:\/\/www.livresentre2actions.fr\/fr_fr\/produit\/septem-tvbae-sacerdotales-tvba-octava-cum-notis-stephani-baluzij\/\" aria-label=\"En savoir plus sur Septem tvbae sacerdotales&#8230; tvba octava, Cum Notis Stephani Baluzij\">Lire plus<\/a><\/p>\n","protected":false},"featured_media":13745,"template":"","meta":{"_eb_attr":""},"product_brand":[],"product_cat":[35,68],"product_tag":[94],"class_list":{"0":"post-13744","1":"product","2":"type-product","3":"status-publish","4":"has-post-thumbnail","6":"product_cat-jusquau-xviiemesiecle","7":"product_cat-religion-spiritualite","8":"product_tag-provenance","9":"sales-flash-overlay","10":"woocommerce-text-align-center","11":"woocommerce-image-align-center","12":"wc-has-gallery","14":"first","15":"instock","16":"taxable","17":"shipping-taxable","18":"purchasable","19":"product-type-simple"},"aioseo_notices":[],"_links":{"self":[{"href":"https:\/\/www.livresentre2actions.fr\/fr_fr\/wp-json\/wp\/v2\/product\/13744","targetHints":{"allow":["GET"]}}],"collection":[{"href":"https:\/\/www.livresentre2actions.fr\/fr_fr\/wp-json\/wp\/v2\/product"}],"about":[{"href":"https:\/\/www.livresentre2actions.fr\/fr_fr\/wp-json\/wp\/v2\/types\/product"}],"wp:featuredmedia":[{"embeddable":true,"href":"https:\/\/www.livresentre2actions.fr\/fr_fr\/wp-json\/wp\/v2\/media\/13745"}],"wp:attachment":[{"href":"https:\/\/www.livresentre2actions.fr\/fr_fr\/wp-json\/wp\/v2\/media?parent=13744"}],"wp:term":[{"taxonomy":"product_brand","embeddable":true,"href":"https:\/\/www.livresentre2actions.fr\/fr_fr\/wp-json\/wp\/v2\/product_brand?post=13744"},{"taxonomy":"product_cat","embeddable":true,"href":"https:\/\/www.livresentre2actions.fr\/fr_fr\/wp-json\/wp\/v2\/product_cat?post=13744"},{"taxonomy":"product_tag","embeddable":true,"href":"https:\/\/www.livresentre2actions.fr\/fr_fr\/wp-json\/wp\/v2\/product_tag?post=13744"}],"curies":[{"name":"wp","href":"https:\/\/api.w.org\/{rel}","templated":true}]}}