{"id":13711,"date":"2025-07-12T18:11:31","date_gmt":"2025-07-12T16:11:31","guid":{"rendered":"https:\/\/www.livresentre2actions.fr\/?post_type=product&#038;p=13711"},"modified":"2025-08-25T14:21:55","modified_gmt":"2025-08-25T12:21:55","slug":"esprit-de-mably-et-de-condillac-relativement-a-la-morale-et-a-la-politique-2-tomes","status":"publish","type":"product","link":"https:\/\/www.livresentre2actions.fr\/fr_fr\/produit\/esprit-de-mably-et-de-condillac-relativement-a-la-morale-et-a-la-politique-2-tomes\/","title":{"rendered":"Esprit de Mably et de Condillac relativement \u00e0 la morale et \u00e0 la politique, 2 tomes"},"content":{"rendered":"<p>Laurent-Pierre B\u00e9renger &#8211;<\/p>\n<p>Chez Le Jay fils &#8211; Jolie demi-basane marbr\u00e9e \u00e0 dos long, orn\u00e9 des titre et tomaison et de guirlande en guise de liser\u00e9s, tranches jasp\u00e9es rouge, 204 x 135, 1789. Edition originale. 2 frontispices\u00a0: T1, portrait de Mably (Gbriel Bonnot de). T2, portrait de Condillac (Etienne Bonnot de). T1, 404p. Avec table. Et apr\u00e8s avertissement de 4p. T2, divis\u00e9 en livres sur 2 parties\u00a0: 191p. (livres 1 -3). pour la premi\u00e8re partie\u00a0; et 260p pour la seconde (livres 4-8). Hors table. Tr\u00e8s bons exemplaires propres et int\u00e8gres. Int\u00e9rieur frais. Reliure tr\u00e8s bel \u00e9tat. Mably est consid\u00e9r\u00e9 comme un pr\u00e9curseur du socialisme utopique et de la R\u00e9volution, il se livre \u00e0 une critique morale de la soci\u00e9t\u00e9 d&rsquo;Ancien R\u00e9gime. Condillac enseigne un empirisme radical, lecteur assidu de la philosophie anglo-saxonne et en particulier de Bacon et de Locke. Po\u00e8te et moraliste, l&rsquo;ancien oratorien Laurent-Pierre B\u00e9renger (1749-1822) donna cette compilation des oeuvres de l&rsquo;un et de l&rsquo;autre, accompagn\u00e9e d&rsquo;un \u00e9loge liminaire dans chaque volume.<\/p>\n","protected":false},"excerpt":{"rendered":"<p>Laurent-Pierre B\u00e9renger &#8211; Chez Le Jay fils &#8211; Jolie demi-basane marbr\u00e9e \u00e0 dos long, orn\u00e9 des titre et tomaison et de guirlande en guise de liser\u00e9s, tranches jasp\u00e9es rouge, 204 x 135, 1789. Edition originale. 2 frontispices\u00a0: T1, portrait de Mably (Gbriel Bonnot de). T2, portrait de Condillac (Etienne Bonnot de). T1, 404p. Avec table. &#8230; <a title=\"Esprit de Mably et de Condillac relativement \u00e0 la morale et \u00e0 la politique, 2 tomes\" class=\"read-more\" href=\"https:\/\/www.livresentre2actions.fr\/fr_fr\/produit\/esprit-de-mably-et-de-condillac-relativement-a-la-morale-et-a-la-politique-2-tomes\/\" aria-label=\"En savoir plus sur Esprit de Mably et de Condillac relativement \u00e0 la morale et \u00e0 la politique, 2 tomes\">Lire plus<\/a><\/p>\n","protected":false},"featured_media":13712,"template":"","meta":{"_eb_attr":""},"product_brand":[],"product_cat":[36,71,82],"product_tag":[],"class_list":{"0":"post-13711","1":"product","2":"type-product","3":"status-publish","4":"has-post-thumbnail","6":"product_cat-entre-le-xviiieme-et-le-xixeme-siecle","7":"product_cat-illustres-modernes-editions-originales-signees-numerotees","8":"product_cat-philosophie","9":"sales-flash-overlay","10":"woocommerce-text-align-center","11":"woocommerce-image-align-center","12":"wc-has-gallery","14":"first","15":"instock","16":"taxable","17":"shipping-taxable","18":"purchasable","19":"product-type-simple"},"aioseo_notices":[],"_links":{"self":[{"href":"https:\/\/www.livresentre2actions.fr\/fr_fr\/wp-json\/wp\/v2\/product\/13711","targetHints":{"allow":["GET"]}}],"collection":[{"href":"https:\/\/www.livresentre2actions.fr\/fr_fr\/wp-json\/wp\/v2\/product"}],"about":[{"href":"https:\/\/www.livresentre2actions.fr\/fr_fr\/wp-json\/wp\/v2\/types\/product"}],"wp:featuredmedia":[{"embeddable":true,"href":"https:\/\/www.livresentre2actions.fr\/fr_fr\/wp-json\/wp\/v2\/media\/13712"}],"wp:attachment":[{"href":"https:\/\/www.livresentre2actions.fr\/fr_fr\/wp-json\/wp\/v2\/media?parent=13711"}],"wp:term":[{"taxonomy":"product_brand","embeddable":true,"href":"https:\/\/www.livresentre2actions.fr\/fr_fr\/wp-json\/wp\/v2\/product_brand?post=13711"},{"taxonomy":"product_cat","embeddable":true,"href":"https:\/\/www.livresentre2actions.fr\/fr_fr\/wp-json\/wp\/v2\/product_cat?post=13711"},{"taxonomy":"product_tag","embeddable":true,"href":"https:\/\/www.livresentre2actions.fr\/fr_fr\/wp-json\/wp\/v2\/product_tag?post=13711"}],"curies":[{"name":"wp","href":"https:\/\/api.w.org\/{rel}","templated":true}]}}