{"id":13666,"date":"2025-07-12T16:44:05","date_gmt":"2025-07-12T14:44:05","guid":{"rendered":"https:\/\/www.livresentre2actions.fr\/?post_type=product&#038;p=13666"},"modified":"2025-07-12T16:44:05","modified_gmt":"2025-07-12T14:44:05","slug":"a-history-of-england-in-a-series-of-letters-from-a-nobleman-to-his-son-two-volumes","status":"publish","type":"product","link":"https:\/\/www.livresentre2actions.fr\/fr_fr\/produit\/a-history-of-england-in-a-series-of-letters-from-a-nobleman-to-his-son-two-volumes\/","title":{"rendered":"A History of England, in a Series of Letters from a Nobleman to his Son. Two Volumes"},"content":{"rendered":"<p>Pleine basane tabac, \u00e0 dos long orn\u00e9 de liser\u00e9s et de la tomaison, tranches orn\u00e9es, 175 x 110, 1786. T1, 312p. T2, 280p. In fine du T2 : Catalogue de l&rsquo;\u00e9diteur. Ex-libris Le Gonidec manuscrit au contreplat sup\u00e9rieur des deux volumes. Garde manquante au T1, et d\u00e9chirure avec manque en t\u00eate de la garde du T2. Une d\u00e9chirure sans manque au titre du T2. Rousseurs mod\u00e9r\u00e9es, 2 pages corn\u00e9es en pied. Plats, champs et coins frott\u00e9s, \u00e9pidermures et griffes en plats, quelques taches sombres. Dos frott\u00e9 avec \u00e9pidemures ; coiffe du T1 avec manque.<\/p>\n","protected":false},"excerpt":{"rendered":"<p>Pleine basane tabac, \u00e0 dos long orn\u00e9 de liser\u00e9s et de la tomaison, tranches orn\u00e9es, 175 x 110, 1786. T1, 312p. T2, 280p. In fine du T2 : Catalogue de l&rsquo;\u00e9diteur. Ex-libris Le Gonidec manuscrit au contreplat sup\u00e9rieur des deux volumes. Garde manquante au T1, et d\u00e9chirure avec manque en t\u00eate de la garde du &#8230; <a title=\"A History of England, in a Series of Letters from a Nobleman to his Son. Two Volumes\" class=\"read-more\" href=\"https:\/\/www.livresentre2actions.fr\/fr_fr\/produit\/a-history-of-england-in-a-series-of-letters-from-a-nobleman-to-his-son-two-volumes\/\" aria-label=\"En savoir plus sur A History of England, in a Series of Letters from a Nobleman to his Son. Two Volumes\">Lire plus<\/a><\/p>\n","protected":false},"featured_media":13667,"template":"","meta":{"_eb_attr":""},"product_brand":[],"product_cat":[36,73],"product_tag":[],"class_list":{"0":"post-13666","1":"product","2":"type-product","3":"status-publish","4":"has-post-thumbnail","6":"product_cat-entre-le-xviiieme-et-le-xixeme-siecle","7":"product_cat-histoires-et-recits-de-voyage","8":"sales-flash-overlay","9":"woocommerce-text-align-center","10":"woocommerce-image-align-center","11":"wc-has-gallery","13":"first","14":"instock","15":"taxable","16":"shipping-taxable","17":"purchasable","18":"product-type-simple"},"aioseo_notices":[],"_links":{"self":[{"href":"https:\/\/www.livresentre2actions.fr\/fr_fr\/wp-json\/wp\/v2\/product\/13666","targetHints":{"allow":["GET"]}}],"collection":[{"href":"https:\/\/www.livresentre2actions.fr\/fr_fr\/wp-json\/wp\/v2\/product"}],"about":[{"href":"https:\/\/www.livresentre2actions.fr\/fr_fr\/wp-json\/wp\/v2\/types\/product"}],"wp:featuredmedia":[{"embeddable":true,"href":"https:\/\/www.livresentre2actions.fr\/fr_fr\/wp-json\/wp\/v2\/media\/13667"}],"wp:attachment":[{"href":"https:\/\/www.livresentre2actions.fr\/fr_fr\/wp-json\/wp\/v2\/media?parent=13666"}],"wp:term":[{"taxonomy":"product_brand","embeddable":true,"href":"https:\/\/www.livresentre2actions.fr\/fr_fr\/wp-json\/wp\/v2\/product_brand?post=13666"},{"taxonomy":"product_cat","embeddable":true,"href":"https:\/\/www.livresentre2actions.fr\/fr_fr\/wp-json\/wp\/v2\/product_cat?post=13666"},{"taxonomy":"product_tag","embeddable":true,"href":"https:\/\/www.livresentre2actions.fr\/fr_fr\/wp-json\/wp\/v2\/product_tag?post=13666"}],"curies":[{"name":"wp","href":"https:\/\/api.w.org\/{rel}","templated":true}]}}