{"id":13657,"date":"2025-07-12T16:39:43","date_gmt":"2025-07-12T14:39:43","guid":{"rendered":"https:\/\/www.livresentre2actions.fr\/?post_type=product&#038;p=13657"},"modified":"2025-08-27T11:37:04","modified_gmt":"2025-08-27T09:37:04","slug":"lettres-sur-langleterre-ou-deux-annees-a-londres-m-davot","status":"publish","type":"product","link":"https:\/\/www.livresentre2actions.fr\/fr_fr\/produit\/lettres-sur-langleterre-ou-deux-annees-a-londres-m-davot\/","title":{"rendered":"Lettres sur l&rsquo;Angleterre, Ou deux ann\u00e9es \u00e0 Londres &#8211; Mme M. D&rsquo;Avot"},"content":{"rendered":"<p>Demi-veau lie de vin \u00e0 dos long orn\u00e9 de liser\u00e9s et estamp\u00e9 d&rsquo;un motif floral, tranches vein\u00e9es, signet, 210 x 128, 297p. Avec table. Painparr\u00e9, 1821. 2e \u00e9dition revue et augment\u00e9e. Ex-libris manuscrit en faux-titre, rousseurs mod\u00e9r\u00e9es. Plats, champs et coins frott\u00e9s. Dos en bel \u00e9tat, \u00e9pidermures l\u00e9g\u00e8res en coiffe et queue. Bien ferme.<\/p>\n","protected":false},"excerpt":{"rendered":"<p>Demi-veau lie de vin \u00e0 dos long orn\u00e9 de liser\u00e9s et estamp\u00e9 d&rsquo;un motif floral, tranches vein\u00e9es, signet, 210 x 128, 297p. Avec table. Painparr\u00e9, 1821. 2e \u00e9dition revue et augment\u00e9e. Ex-libris manuscrit en faux-titre, rousseurs mod\u00e9r\u00e9es. Plats, champs et coins frott\u00e9s. Dos en bel \u00e9tat, \u00e9pidermures l\u00e9g\u00e8res en coiffe et queue. Bien ferme.<\/p>\n","protected":false},"featured_media":13658,"template":"","meta":{"_eb_attr":""},"product_brand":[],"product_cat":[36,73],"product_tag":[94],"class_list":{"0":"post-13657","1":"product","2":"type-product","3":"status-publish","4":"has-post-thumbnail","6":"product_cat-entre-le-xviiieme-et-le-xixeme-siecle","7":"product_cat-histoires-et-recits-de-voyage","8":"product_tag-provenance","9":"sales-flash-overlay","10":"woocommerce-text-align-center","11":"woocommerce-image-align-center","12":"wc-has-gallery","14":"first","15":"instock","16":"taxable","17":"shipping-taxable","18":"purchasable","19":"product-type-simple"},"aioseo_notices":[],"_links":{"self":[{"href":"https:\/\/www.livresentre2actions.fr\/fr_fr\/wp-json\/wp\/v2\/product\/13657","targetHints":{"allow":["GET"]}}],"collection":[{"href":"https:\/\/www.livresentre2actions.fr\/fr_fr\/wp-json\/wp\/v2\/product"}],"about":[{"href":"https:\/\/www.livresentre2actions.fr\/fr_fr\/wp-json\/wp\/v2\/types\/product"}],"wp:featuredmedia":[{"embeddable":true,"href":"https:\/\/www.livresentre2actions.fr\/fr_fr\/wp-json\/wp\/v2\/media\/13658"}],"wp:attachment":[{"href":"https:\/\/www.livresentre2actions.fr\/fr_fr\/wp-json\/wp\/v2\/media?parent=13657"}],"wp:term":[{"taxonomy":"product_brand","embeddable":true,"href":"https:\/\/www.livresentre2actions.fr\/fr_fr\/wp-json\/wp\/v2\/product_brand?post=13657"},{"taxonomy":"product_cat","embeddable":true,"href":"https:\/\/www.livresentre2actions.fr\/fr_fr\/wp-json\/wp\/v2\/product_cat?post=13657"},{"taxonomy":"product_tag","embeddable":true,"href":"https:\/\/www.livresentre2actions.fr\/fr_fr\/wp-json\/wp\/v2\/product_tag?post=13657"}],"curies":[{"name":"wp","href":"https:\/\/api.w.org\/{rel}","templated":true}]}}