{"id":13640,"date":"2025-07-12T15:18:08","date_gmt":"2025-07-12T13:18:08","guid":{"rendered":"https:\/\/www.livresentre2actions.fr\/?post_type=product&#038;p=13640"},"modified":"2025-08-25T14:21:56","modified_gmt":"2025-08-25T12:21:56","slug":"leda-suivi-de-byblis-changee-en-fontaine","status":"publish","type":"product","link":"https:\/\/www.livresentre2actions.fr\/fr_fr\/produit\/leda-suivi-de-byblis-changee-en-fontaine\/","title":{"rendered":"L\u00eada. Suivi de Byblis, chang\u00e9e en fontaine"},"content":{"rendered":"<p>Librairie Sorel<\/p>\n<p>Pleine basane havane \u00e0 dos romantique orn\u00e9 de 5 faux-nerfs, de liser\u00e9s, frises et pi\u00e8ce de titre noire, et de l\u2019auteur estamp\u00e9 dor\u00e9, tranche de t\u00eate dor\u00e9e, couverture couleur conserv\u00e9e, signet rouge, 140 x 77, 1898. Collection Edouard Guillaume \u00ab\u00a0Lotus Alba\u00a0\u00bb. L\u00eada, 50p. Illustrations de Calbet. Page de titre illustr\u00e9e. Double page de titre, 5 sanguines pleine page avant la lettre constituant la suite des illustrations\u00a0\u00e0 pleine page ; frontispice et illustrations couleur en t\u00eate et en marge. Reli\u00e9 \u00e0 la suite Byblis, chang\u00e9e en fontaine, 46p. Illustrations de J. Wagrez. Double page de titre illustr\u00e9e. Avec 3 sanguines hors texte avant la lettre constituant la suite. Frontispice et illustrations couleur en t\u00eate et en marge.Exemplaire non num\u00e9rot\u00e9. Int\u00e9rieur tr\u00e8s bon, propre et int\u00e8gre. Basane frott\u00e9e avec \u00e9pidermures notamment en coins, coiffe et queue\u00a0; l\u00e9g\u00e8re et br\u00e8ve fissure du mors inf\u00e9rieur en t\u00eate. Bel exemplaire bien ferme.<\/p>\n","protected":false},"excerpt":{"rendered":"<p>Librairie Sorel Pleine basane havane \u00e0 dos romantique orn\u00e9 de 5 faux-nerfs, de liser\u00e9s, frises et pi\u00e8ce de titre noire, et de l\u2019auteur estamp\u00e9 dor\u00e9, tranche de t\u00eate dor\u00e9e, couverture couleur conserv\u00e9e, signet rouge, 140 x 77, 1898. Collection Edouard Guillaume \u00ab\u00a0Lotus Alba\u00a0\u00bb. L\u00eada, 50p. Illustrations de Calbet. Page de titre illustr\u00e9e. Double page de &#8230; <a title=\"L\u00eada. Suivi de Byblis, chang\u00e9e en fontaine\" class=\"read-more\" href=\"https:\/\/www.livresentre2actions.fr\/fr_fr\/produit\/leda-suivi-de-byblis-changee-en-fontaine\/\" aria-label=\"En savoir plus sur L\u00eada. Suivi de Byblis, chang\u00e9e en fontaine\">Lire plus<\/a><\/p>\n","protected":false},"featured_media":13642,"template":"","meta":{"_eb_attr":""},"product_brand":[],"product_cat":[36,74,84,71,76],"product_tag":[],"class_list":{"0":"post-13640","1":"product","2":"type-product","3":"status-publish","4":"has-post-thumbnail","6":"product_cat-entre-le-xviiieme-et-le-xixeme-siecle","7":"product_cat-collections","8":"product_cat-curiosa","9":"product_cat-illustres-modernes-editions-originales-signees-numerotees","10":"product_cat-poesie-theatre-prose","11":"sales-flash-overlay","12":"woocommerce-text-align-center","13":"woocommerce-image-align-center","14":"wc-has-gallery","16":"first","17":"instock","18":"taxable","19":"shipping-taxable","20":"purchasable","21":"product-type-simple"},"aioseo_notices":[],"_links":{"self":[{"href":"https:\/\/www.livresentre2actions.fr\/fr_fr\/wp-json\/wp\/v2\/product\/13640","targetHints":{"allow":["GET"]}}],"collection":[{"href":"https:\/\/www.livresentre2actions.fr\/fr_fr\/wp-json\/wp\/v2\/product"}],"about":[{"href":"https:\/\/www.livresentre2actions.fr\/fr_fr\/wp-json\/wp\/v2\/types\/product"}],"wp:featuredmedia":[{"embeddable":true,"href":"https:\/\/www.livresentre2actions.fr\/fr_fr\/wp-json\/wp\/v2\/media\/13642"}],"wp:attachment":[{"href":"https:\/\/www.livresentre2actions.fr\/fr_fr\/wp-json\/wp\/v2\/media?parent=13640"}],"wp:term":[{"taxonomy":"product_brand","embeddable":true,"href":"https:\/\/www.livresentre2actions.fr\/fr_fr\/wp-json\/wp\/v2\/product_brand?post=13640"},{"taxonomy":"product_cat","embeddable":true,"href":"https:\/\/www.livresentre2actions.fr\/fr_fr\/wp-json\/wp\/v2\/product_cat?post=13640"},{"taxonomy":"product_tag","embeddable":true,"href":"https:\/\/www.livresentre2actions.fr\/fr_fr\/wp-json\/wp\/v2\/product_tag?post=13640"}],"curies":[{"name":"wp","href":"https:\/\/api.w.org\/{rel}","templated":true}]}}