{"id":13623,"date":"2025-07-08T17:31:35","date_gmt":"2025-07-08T15:31:35","guid":{"rendered":"https:\/\/www.livresentre2actions.fr\/?post_type=product&#038;p=13623"},"modified":"2025-08-25T14:21:57","modified_gmt":"2025-08-25T12:21:57","slug":"notice-historique-de-saint-omer-suivie-de-celles-de-therouane-et-de-tournehem","status":"publish","type":"product","link":"https:\/\/www.livresentre2actions.fr\/fr_fr\/produit\/notice-historique-de-saint-omer-suivie-de-celles-de-therouane-et-de-tournehem\/","title":{"rendered":"Notice historique de Saint-Omer. Suivie de celles de Therouane et de Tournehem"},"content":{"rendered":"<p>P. Collen &#8211; Imprimerie de Lemaire<\/p>\n<p>Broch\u00e9, 190 x 115, 239p. 1830, Saint-Omer. Edition originale. Int\u00e9rieur insol\u00e9 mais propre. Rousseurs l\u00e9g\u00e8res, marginales. Couvertures et dos insol\u00e9s , des manques au dos, exemplaire qui se d\u00e9broche \u00e0 partir de la page 192.<\/p>\n","protected":false},"excerpt":{"rendered":"<p>P. Collen &#8211; Imprimerie de Lemaire Broch\u00e9, 190 x 115, 239p. 1830, Saint-Omer. Edition originale. Int\u00e9rieur insol\u00e9 mais propre. Rousseurs l\u00e9g\u00e8res, marginales. Couvertures et dos insol\u00e9s , des manques au dos, exemplaire qui se d\u00e9broche \u00e0 partir de la page 192.<\/p>\n","protected":false},"featured_media":13624,"template":"","meta":{"_eb_attr":""},"product_brand":[],"product_cat":[36,71,81,73],"product_tag":[],"class_list":{"0":"post-13623","1":"product","2":"type-product","3":"status-publish","4":"has-post-thumbnail","6":"product_cat-entre-le-xviiieme-et-le-xixeme-siecle","7":"product_cat-illustres-modernes-editions-originales-signees-numerotees","8":"product_cat-hauts-de-france","9":"product_cat-histoires-et-recits-de-voyage","10":"sales-flash-overlay","11":"woocommerce-text-align-center","12":"woocommerce-image-align-center","13":"wc-has-gallery","15":"first","16":"instock","17":"taxable","18":"shipping-taxable","19":"purchasable","20":"product-type-simple"},"aioseo_notices":[],"_links":{"self":[{"href":"https:\/\/www.livresentre2actions.fr\/fr_fr\/wp-json\/wp\/v2\/product\/13623","targetHints":{"allow":["GET"]}}],"collection":[{"href":"https:\/\/www.livresentre2actions.fr\/fr_fr\/wp-json\/wp\/v2\/product"}],"about":[{"href":"https:\/\/www.livresentre2actions.fr\/fr_fr\/wp-json\/wp\/v2\/types\/product"}],"wp:featuredmedia":[{"embeddable":true,"href":"https:\/\/www.livresentre2actions.fr\/fr_fr\/wp-json\/wp\/v2\/media\/13624"}],"wp:attachment":[{"href":"https:\/\/www.livresentre2actions.fr\/fr_fr\/wp-json\/wp\/v2\/media?parent=13623"}],"wp:term":[{"taxonomy":"product_brand","embeddable":true,"href":"https:\/\/www.livresentre2actions.fr\/fr_fr\/wp-json\/wp\/v2\/product_brand?post=13623"},{"taxonomy":"product_cat","embeddable":true,"href":"https:\/\/www.livresentre2actions.fr\/fr_fr\/wp-json\/wp\/v2\/product_cat?post=13623"},{"taxonomy":"product_tag","embeddable":true,"href":"https:\/\/www.livresentre2actions.fr\/fr_fr\/wp-json\/wp\/v2\/product_tag?post=13623"}],"curies":[{"name":"wp","href":"https:\/\/api.w.org\/{rel}","templated":true}]}}