{"id":13561,"date":"2025-07-01T17:39:38","date_gmt":"2025-07-01T15:39:38","guid":{"rendered":"https:\/\/www.livresentre2actions.fr\/?post_type=product&#038;p=13561"},"modified":"2025-08-25T14:21:58","modified_gmt":"2025-08-25T12:21:58","slug":"leon-daudet-jean-noel-marque","status":"publish","type":"product","link":"https:\/\/www.livresentre2actions.fr\/fr_fr\/produit\/leon-daudet-jean-noel-marque\/","title":{"rendered":"L\u00e9on Daudet &#8211; Jean-No\u00ebl Marque"},"content":{"rendered":"<p>Fayard &#8211; Pleine toile rouge \u00e0 dos long orn\u00e9 d&rsquo;une pi\u00e8ce de titre noire, 217 x 153, 476p. 1971. Premi\u00e8re \u00e9dition. Exemplaire enrichi d&rsquo;un ex-libris aux armes Gustave Estaquier en contreplat sup\u00e9rieur. Bel exemplaire propre, int\u00e8gre, bien ferme.<\/p>\n<p>&nbsp;<\/p>\n","protected":false},"excerpt":{"rendered":"<p>Fayard &#8211; Pleine toile rouge \u00e0 dos long orn\u00e9 d&rsquo;une pi\u00e8ce de titre noire, 217 x 153, 476p. 1971. Premi\u00e8re \u00e9dition. Exemplaire enrichi d&rsquo;un ex-libris aux armes Gustave Estaquier en contreplat sup\u00e9rieur. Bel exemplaire propre, int\u00e8gre, bien ferme. &nbsp;<\/p>\n","protected":false},"featured_media":13562,"template":"","meta":{"_eb_attr":""},"product_brand":[],"product_cat":[37,71,76],"product_tag":[],"class_list":{"0":"post-13561","1":"product","2":"type-product","3":"status-publish","4":"has-post-thumbnail","6":"product_cat-a-partir-du-xxeme-siecle","7":"product_cat-illustres-modernes-editions-originales-signees-numerotees","8":"product_cat-poesie-theatre-prose","9":"sales-flash-overlay","10":"woocommerce-text-align-center","11":"woocommerce-image-align-center","12":"wc-has-gallery","14":"first","15":"instock","16":"taxable","17":"shipping-taxable","18":"purchasable","19":"product-type-simple"},"aioseo_notices":[],"_links":{"self":[{"href":"https:\/\/www.livresentre2actions.fr\/fr_fr\/wp-json\/wp\/v2\/product\/13561","targetHints":{"allow":["GET"]}}],"collection":[{"href":"https:\/\/www.livresentre2actions.fr\/fr_fr\/wp-json\/wp\/v2\/product"}],"about":[{"href":"https:\/\/www.livresentre2actions.fr\/fr_fr\/wp-json\/wp\/v2\/types\/product"}],"wp:featuredmedia":[{"embeddable":true,"href":"https:\/\/www.livresentre2actions.fr\/fr_fr\/wp-json\/wp\/v2\/media\/13562"}],"wp:attachment":[{"href":"https:\/\/www.livresentre2actions.fr\/fr_fr\/wp-json\/wp\/v2\/media?parent=13561"}],"wp:term":[{"taxonomy":"product_brand","embeddable":true,"href":"https:\/\/www.livresentre2actions.fr\/fr_fr\/wp-json\/wp\/v2\/product_brand?post=13561"},{"taxonomy":"product_cat","embeddable":true,"href":"https:\/\/www.livresentre2actions.fr\/fr_fr\/wp-json\/wp\/v2\/product_cat?post=13561"},{"taxonomy":"product_tag","embeddable":true,"href":"https:\/\/www.livresentre2actions.fr\/fr_fr\/wp-json\/wp\/v2\/product_tag?post=13561"}],"curies":[{"name":"wp","href":"https:\/\/api.w.org\/{rel}","templated":true}]}}