{"id":13550,"date":"2025-07-01T17:33:56","date_gmt":"2025-07-01T15:33:56","guid":{"rendered":"https:\/\/www.livresentre2actions.fr\/?post_type=product&#038;p=13550"},"modified":"2026-01-25T09:42:29","modified_gmt":"2026-01-25T08:42:29","slug":"le-ciel-lecons-et-lectures-pour-tous-j-h-fabre","status":"publish","type":"product","link":"https:\/\/www.livresentre2actions.fr\/fr_fr\/produit\/le-ciel-lecons-et-lectures-pour-tous-j-h-fabre\/","title":{"rendered":"Le Ciel, le\u00e7ons et lectures pour tous &#8211; J.-H. Fabre"},"content":{"rendered":"<p>Librairie Ch. Delagrave<\/p>\n<p>Demi-veau rouge \u00e0 coins, dos long orn\u00e9 de liser\u00e9s et des titre et auteur, 180 x 118, 349p. Hors table. 7\u00c8me mille. 1918. Nombreuses figures dont 16 planches hors texte. Int\u00e9rieur propre et int\u00e8gre, rousseurs \u00e9parses d\u2019intensit\u00e9 variable. Quelques frottements, griffes \u00e9pidermures \u00e0 la reliure mais bel \u00e9tat. Bon exemplaire bien ferme.<\/p>\n","protected":false},"excerpt":{"rendered":"<p>Librairie Ch. Delagrave Demi-veau rouge \u00e0 coins, dos long orn\u00e9 de liser\u00e9s et des titre et auteur, 180 x 118, 349p. Hors table. 7\u00c8me mille. 1918. Nombreuses figures dont 16 planches hors texte. Int\u00e9rieur propre et int\u00e8gre, rousseurs \u00e9parses d\u2019intensit\u00e9 variable. Quelques frottements, griffes \u00e9pidermures \u00e0 la reliure mais bel \u00e9tat. Bon exemplaire bien ferme.<\/p>\n","protected":false},"featured_media":13551,"template":"","meta":{"_eb_attr":""},"product_brand":[],"product_cat":[75,71,69],"product_tag":[],"class_list":{"0":"post-13550","1":"product","2":"type-product","3":"status-publish","4":"has-post-thumbnail","6":"product_cat-art","7":"product_cat-illustres-modernes-editions-originales-signees-numerotees","8":"product_cat-sciences-et-techniques","9":"sales-flash-overlay","10":"woocommerce-text-align-center","11":"woocommerce-image-align-center","12":"wc-has-gallery","14":"first","15":"instock","16":"taxable","17":"shipping-taxable","18":"purchasable","19":"product-type-simple"},"aioseo_notices":[],"_links":{"self":[{"href":"https:\/\/www.livresentre2actions.fr\/fr_fr\/wp-json\/wp\/v2\/product\/13550","targetHints":{"allow":["GET"]}}],"collection":[{"href":"https:\/\/www.livresentre2actions.fr\/fr_fr\/wp-json\/wp\/v2\/product"}],"about":[{"href":"https:\/\/www.livresentre2actions.fr\/fr_fr\/wp-json\/wp\/v2\/types\/product"}],"wp:featuredmedia":[{"embeddable":true,"href":"https:\/\/www.livresentre2actions.fr\/fr_fr\/wp-json\/wp\/v2\/media\/13551"}],"wp:attachment":[{"href":"https:\/\/www.livresentre2actions.fr\/fr_fr\/wp-json\/wp\/v2\/media?parent=13550"}],"wp:term":[{"taxonomy":"product_brand","embeddable":true,"href":"https:\/\/www.livresentre2actions.fr\/fr_fr\/wp-json\/wp\/v2\/product_brand?post=13550"},{"taxonomy":"product_cat","embeddable":true,"href":"https:\/\/www.livresentre2actions.fr\/fr_fr\/wp-json\/wp\/v2\/product_cat?post=13550"},{"taxonomy":"product_tag","embeddable":true,"href":"https:\/\/www.livresentre2actions.fr\/fr_fr\/wp-json\/wp\/v2\/product_tag?post=13550"}],"curies":[{"name":"wp","href":"https:\/\/api.w.org\/{rel}","templated":true}]}}