{"id":13538,"date":"2025-07-01T17:29:53","date_gmt":"2025-07-01T15:29:53","guid":{"rendered":"https:\/\/www.livresentre2actions.fr\/?post_type=product&#038;p=13538"},"modified":"2025-08-25T14:21:58","modified_gmt":"2025-08-25T12:21:58","slug":"enleve-memoire-relatant-les-aventures-de-david-balfour-en-lan-1751","status":"publish","type":"product","link":"https:\/\/www.livresentre2actions.fr\/fr_fr\/produit\/enleve-memoire-relatant-les-aventures-de-david-balfour-en-lan-1751\/","title":{"rendered":"Enlev\u00e9\u00a0! M\u00e9moire relatant les aventures de David Balfour en l\u2019an 1751"},"content":{"rendered":"<p>Robert Louis Stevenson &#8211; P.-V. Stock &#8211;<\/p>\n<p>Pleine percaline noir \u00e0 dos long, 182 x 120, 324p. Avec table. 1905. Traduction et pr\u00e9face (pagin\u00e9e VI-LXXII) de Albert Savine. Edition originale de la traduction fran\u00e7aise sur papier courant (pas de grand papier). Int\u00e9rieur propre, avec quelques rousseurs en d\u00e9but et fin de volume. Reliure frott\u00e9e mais propre\u00a0; dos avec un d\u00e9but de d\u00e9collement en plein. Bon exemplaire bien ferme.<\/p>\n","protected":false},"excerpt":{"rendered":"<p>Robert Louis Stevenson &#8211; P.-V. Stock &#8211; Pleine percaline noir \u00e0 dos long, 182 x 120, 324p. Avec table. 1905. Traduction et pr\u00e9face (pagin\u00e9e VI-LXXII) de Albert Savine. Edition originale de la traduction fran\u00e7aise sur papier courant (pas de grand papier). Int\u00e9rieur propre, avec quelques rousseurs en d\u00e9but et fin de volume. Reliure frott\u00e9e mais &#8230; <a title=\"Enlev\u00e9\u00a0! M\u00e9moire relatant les aventures de David Balfour en l\u2019an 1751\" class=\"read-more\" href=\"https:\/\/www.livresentre2actions.fr\/fr_fr\/produit\/enleve-memoire-relatant-les-aventures-de-david-balfour-en-lan-1751\/\" aria-label=\"En savoir plus sur Enlev\u00e9\u00a0! M\u00e9moire relatant les aventures de David Balfour en l\u2019an 1751\">Lire plus<\/a><\/p>\n","protected":false},"featured_media":13539,"template":"","meta":{"_eb_attr":""},"product_brand":[],"product_cat":[37,71,76],"product_tag":[],"class_list":{"0":"post-13538","1":"product","2":"type-product","3":"status-publish","4":"has-post-thumbnail","6":"product_cat-a-partir-du-xxeme-siecle","7":"product_cat-illustres-modernes-editions-originales-signees-numerotees","8":"product_cat-poesie-theatre-prose","9":"sales-flash-overlay","10":"woocommerce-text-align-center","11":"woocommerce-image-align-center","12":"wc-has-gallery","14":"first","15":"instock","16":"taxable","17":"shipping-taxable","18":"purchasable","19":"product-type-simple"},"aioseo_notices":[],"_links":{"self":[{"href":"https:\/\/www.livresentre2actions.fr\/fr_fr\/wp-json\/wp\/v2\/product\/13538","targetHints":{"allow":["GET"]}}],"collection":[{"href":"https:\/\/www.livresentre2actions.fr\/fr_fr\/wp-json\/wp\/v2\/product"}],"about":[{"href":"https:\/\/www.livresentre2actions.fr\/fr_fr\/wp-json\/wp\/v2\/types\/product"}],"wp:featuredmedia":[{"embeddable":true,"href":"https:\/\/www.livresentre2actions.fr\/fr_fr\/wp-json\/wp\/v2\/media\/13539"}],"wp:attachment":[{"href":"https:\/\/www.livresentre2actions.fr\/fr_fr\/wp-json\/wp\/v2\/media?parent=13538"}],"wp:term":[{"taxonomy":"product_brand","embeddable":true,"href":"https:\/\/www.livresentre2actions.fr\/fr_fr\/wp-json\/wp\/v2\/product_brand?post=13538"},{"taxonomy":"product_cat","embeddable":true,"href":"https:\/\/www.livresentre2actions.fr\/fr_fr\/wp-json\/wp\/v2\/product_cat?post=13538"},{"taxonomy":"product_tag","embeddable":true,"href":"https:\/\/www.livresentre2actions.fr\/fr_fr\/wp-json\/wp\/v2\/product_tag?post=13538"}],"curies":[{"name":"wp","href":"https:\/\/api.w.org\/{rel}","templated":true}]}}