{"id":13496,"date":"2025-06-30T16:35:52","date_gmt":"2025-06-30T14:35:52","guid":{"rendered":"https:\/\/www.livresentre2actions.fr\/?post_type=product&#038;p=13496"},"modified":"2025-08-25T14:21:59","modified_gmt":"2025-08-25T12:21:59","slug":"souvenirs-dun-aide-de-camp-du-roi-jerome-baron-a-du-casse","status":"publish","type":"product","link":"https:\/\/www.livresentre2actions.fr\/fr_fr\/produit\/souvenirs-dun-aide-de-camp-du-roi-jerome-baron-a-du-casse\/","title":{"rendered":"Souvenirs d&rsquo;un aide-de-camp du roi J\u00e9r\u00f4me &#8211; Baron A. du Casse"},"content":{"rendered":"<p>Albert Savine Editeur &#8211; Pleine percaline noir \u00e0 dos long, 182 x 120, 315p. Avec table. 1890. Edition originale. Int\u00e9rieur propre, avec quelques rousseurs en d\u00e9but et fin de volume. Reliure frott\u00e9e mais propre. Bon exemplaire bien ferme.<\/p>\n","protected":false},"excerpt":{"rendered":"<p>Albert Savine Editeur &#8211; Pleine percaline noir \u00e0 dos long, 182 x 120, 315p. Avec table. 1890. Edition originale. Int\u00e9rieur propre, avec quelques rousseurs en d\u00e9but et fin de volume. Reliure frott\u00e9e mais propre. Bon exemplaire bien ferme.<\/p>\n","protected":false},"featured_media":13497,"template":"","meta":{"_eb_attr":""},"product_brand":[],"product_cat":[36,71,73],"product_tag":[],"class_list":{"0":"post-13496","1":"product","2":"type-product","3":"status-publish","4":"has-post-thumbnail","6":"product_cat-entre-le-xviiieme-et-le-xixeme-siecle","7":"product_cat-illustres-modernes-editions-originales-signees-numerotees","8":"product_cat-histoires-et-recits-de-voyage","9":"sales-flash-overlay","10":"woocommerce-text-align-center","11":"woocommerce-image-align-center","12":"wc-has-gallery","14":"first","15":"instock","16":"taxable","17":"shipping-taxable","18":"purchasable","19":"product-type-simple"},"aioseo_notices":[],"_links":{"self":[{"href":"https:\/\/www.livresentre2actions.fr\/fr_fr\/wp-json\/wp\/v2\/product\/13496","targetHints":{"allow":["GET"]}}],"collection":[{"href":"https:\/\/www.livresentre2actions.fr\/fr_fr\/wp-json\/wp\/v2\/product"}],"about":[{"href":"https:\/\/www.livresentre2actions.fr\/fr_fr\/wp-json\/wp\/v2\/types\/product"}],"wp:featuredmedia":[{"embeddable":true,"href":"https:\/\/www.livresentre2actions.fr\/fr_fr\/wp-json\/wp\/v2\/media\/13497"}],"wp:attachment":[{"href":"https:\/\/www.livresentre2actions.fr\/fr_fr\/wp-json\/wp\/v2\/media?parent=13496"}],"wp:term":[{"taxonomy":"product_brand","embeddable":true,"href":"https:\/\/www.livresentre2actions.fr\/fr_fr\/wp-json\/wp\/v2\/product_brand?post=13496"},{"taxonomy":"product_cat","embeddable":true,"href":"https:\/\/www.livresentre2actions.fr\/fr_fr\/wp-json\/wp\/v2\/product_cat?post=13496"},{"taxonomy":"product_tag","embeddable":true,"href":"https:\/\/www.livresentre2actions.fr\/fr_fr\/wp-json\/wp\/v2\/product_tag?post=13496"}],"curies":[{"name":"wp","href":"https:\/\/api.w.org\/{rel}","templated":true}]}}