{"id":13471,"date":"2025-06-30T16:25:59","date_gmt":"2025-06-30T14:25:59","guid":{"rendered":"https:\/\/www.livresentre2actions.fr\/?post_type=product&#038;p=13471"},"modified":"2026-03-07T19:15:15","modified_gmt":"2026-03-07T18:15:15","slug":"le-voleur-georges-darien","status":"publish","type":"product","link":"https:\/\/www.livresentre2actions.fr\/fr_fr\/produit\/le-voleur-georges-darien\/","title":{"rendered":"Le voleur &#8211; Georges Darien"},"content":{"rendered":"<p>P.-V. Stock &#8211; Pleine percaline noir \u00e0 dos long, 182 x 120, 435p. 1898. Mention de deuxi\u00e8me \u00e9dition, mais il s\u2019agit bien de l\u2019ann\u00e9e de l\u2019original, donc sans doute paru la m\u00eame ann\u00e9e. Certains consid\u00e8rent qu\u2019il s\u2019agit d\u2019une mention fictive de deuxi\u00e8me \u00e9dition, mais une \u00e9dition sans cette mention et dat\u00e9e de 1898 est bien existante ; donc le doute est permis quant \u00e0 la \u00ab fictivit\u00e9 \u00bb de cette mention. Int\u00e9rieur propre, avec quelques rousseurs en d\u00e9but et fin de volume. Reliure frott\u00e9e et modeste, avec taches l\u00e9g\u00e8res. Dos avec d\u00e9chirure sans manque en t\u00eate, et mors inf\u00e9rieur fendu au milieu avec d\u00e9but de d\u00e9collement du dos en vis-\u00e0-vis. Exemplaire bien ferme.<\/p>\n","protected":false},"excerpt":{"rendered":"<p>P.-V. Stock &#8211; Pleine percaline noir \u00e0 dos long, 182 x 120, 435p. 1898. Mention de deuxi\u00e8me \u00e9dition, mais il s\u2019agit bien de l\u2019ann\u00e9e de l\u2019original, donc sans doute paru la m\u00eame ann\u00e9e. Certains consid\u00e8rent qu\u2019il s\u2019agit d\u2019une mention fictive de deuxi\u00e8me \u00e9dition, mais une \u00e9dition sans cette mention et dat\u00e9e de 1898 est bien &#8230; <a title=\"Le voleur &#8211; Georges Darien\" class=\"read-more\" href=\"https:\/\/www.livresentre2actions.fr\/fr_fr\/produit\/le-voleur-georges-darien\/\" aria-label=\"En savoir plus sur Le voleur &#8211; Georges Darien\">Lire plus<\/a><\/p>\n","protected":false},"featured_media":0,"template":"","meta":{"_eb_attr":""},"product_brand":[],"product_cat":[36,76],"product_tag":[],"class_list":{"0":"post-13471","1":"product","2":"type-product","3":"status-publish","5":"product_cat-entre-le-xviiieme-et-le-xixeme-siecle","6":"product_cat-poesie-theatre-prose","7":"sales-flash-overlay","8":"woocommerce-text-align-center","9":"woocommerce-image-align-center","11":"first","12":"outofstock","13":"taxable","14":"shipping-taxable","15":"purchasable","16":"product-type-simple"},"aioseo_notices":[],"_links":{"self":[{"href":"https:\/\/www.livresentre2actions.fr\/fr_fr\/wp-json\/wp\/v2\/product\/13471","targetHints":{"allow":["GET"]}}],"collection":[{"href":"https:\/\/www.livresentre2actions.fr\/fr_fr\/wp-json\/wp\/v2\/product"}],"about":[{"href":"https:\/\/www.livresentre2actions.fr\/fr_fr\/wp-json\/wp\/v2\/types\/product"}],"wp:attachment":[{"href":"https:\/\/www.livresentre2actions.fr\/fr_fr\/wp-json\/wp\/v2\/media?parent=13471"}],"wp:term":[{"taxonomy":"product_brand","embeddable":true,"href":"https:\/\/www.livresentre2actions.fr\/fr_fr\/wp-json\/wp\/v2\/product_brand?post=13471"},{"taxonomy":"product_cat","embeddable":true,"href":"https:\/\/www.livresentre2actions.fr\/fr_fr\/wp-json\/wp\/v2\/product_cat?post=13471"},{"taxonomy":"product_tag","embeddable":true,"href":"https:\/\/www.livresentre2actions.fr\/fr_fr\/wp-json\/wp\/v2\/product_tag?post=13471"}],"curies":[{"name":"wp","href":"https:\/\/api.w.org\/{rel}","templated":true}]}}