{"id":13461,"date":"2025-06-30T16:20:59","date_gmt":"2025-06-30T14:20:59","guid":{"rendered":"https:\/\/www.livresentre2actions.fr\/?post_type=product&#038;p=13461"},"modified":"2025-09-15T20:38:27","modified_gmt":"2025-09-15T18:38:27","slug":"de-laboribus-herculis-2-tomes-complet-colucio-salutati","status":"publish","type":"product","link":"https:\/\/www.livresentre2actions.fr\/fr_fr\/produit\/de-laboribus-herculis-2-tomes-complet-colucio-salutati\/","title":{"rendered":"De laboribus Herculis, 2 tomes, complet. &#8211; \u00a0Colucio Salutati\u00a0"},"content":{"rendered":"<p>Thesaurus mundi &#8211; Broch\u00e9 sous jaquette \u00e0 rabats, 213 x 141, pagination continue sur les deux tomes, T1, 352p. T2, pagin\u00e9 353-660. Avec index. 1951. Premi\u00e8re \u00e9dition. Editit B. L. Ulman. Bibliotheca sciptorum latinorum mediae. Pour les deux volumes, int\u00e9rieur propre et int\u00e8gre, couvertures propres et int\u00e8gres. T1;traces d\u2019adh\u00e9sif au verso de la garde et l\u00e9g\u00e8res rousseurs au faux-titre, T2 en grande partie non coup\u00e9 ; traces d\u2019adh\u00e9sif au verso des couvertures. Les jaquettes sont l\u00e9g\u00e8rement insol\u00e9es et frott\u00e9es avec quelques rares rousseurs. Bons exemplaires bien fermes. N\u00e9 vers 1331, \u00a0Colucio Salutati est un \u00e9minent humaniste et chancelier florentin du XIV\u00e8me si\u00e8cle. C&rsquo;est gr\u00e2ce \u00e0 lui qu\u2019est cr\u00e9\u00e9e la premi\u00e8re chaire d&rsquo;enseignement du grec \u00e0 Florence.<\/p>\n","protected":false},"excerpt":{"rendered":"<p>Thesaurus mundi &#8211; Broch\u00e9 sous jaquette \u00e0 rabats, 213 x 141, pagination continue sur les deux tomes, T1, 352p. T2, pagin\u00e9 353-660. Avec index. 1951. Premi\u00e8re \u00e9dition. Editit B. L. Ulman. Bibliotheca sciptorum latinorum mediae. Pour les deux volumes, int\u00e9rieur propre et int\u00e8gre, couvertures propres et int\u00e8gres. T1;traces d\u2019adh\u00e9sif au verso de la garde et &#8230; <a title=\"De laboribus Herculis, 2 tomes, complet. &#8211; \u00a0Colucio Salutati\u00a0\" class=\"read-more\" href=\"https:\/\/www.livresentre2actions.fr\/fr_fr\/produit\/de-laboribus-herculis-2-tomes-complet-colucio-salutati\/\" aria-label=\"En savoir plus sur De laboribus Herculis, 2 tomes, complet. &#8211; \u00a0Colucio Salutati\u00a0\">Lire plus<\/a><\/p>\n","protected":false},"featured_media":13462,"template":"","meta":{"_eb_attr":""},"product_brand":[],"product_cat":[37,72,76],"product_tag":[],"class_list":{"0":"post-13461","1":"product","2":"type-product","3":"status-publish","4":"has-post-thumbnail","6":"product_cat-a-partir-du-xxeme-siecle","7":"product_cat-divers","8":"product_cat-poesie-theatre-prose","9":"sales-flash-overlay","10":"woocommerce-text-align-center","11":"woocommerce-image-align-center","12":"wc-has-gallery","14":"first","15":"outofstock","16":"taxable","17":"shipping-taxable","18":"purchasable","19":"product-type-simple"},"aioseo_notices":[],"_links":{"self":[{"href":"https:\/\/www.livresentre2actions.fr\/fr_fr\/wp-json\/wp\/v2\/product\/13461","targetHints":{"allow":["GET"]}}],"collection":[{"href":"https:\/\/www.livresentre2actions.fr\/fr_fr\/wp-json\/wp\/v2\/product"}],"about":[{"href":"https:\/\/www.livresentre2actions.fr\/fr_fr\/wp-json\/wp\/v2\/types\/product"}],"wp:featuredmedia":[{"embeddable":true,"href":"https:\/\/www.livresentre2actions.fr\/fr_fr\/wp-json\/wp\/v2\/media\/13462"}],"wp:attachment":[{"href":"https:\/\/www.livresentre2actions.fr\/fr_fr\/wp-json\/wp\/v2\/media?parent=13461"}],"wp:term":[{"taxonomy":"product_brand","embeddable":true,"href":"https:\/\/www.livresentre2actions.fr\/fr_fr\/wp-json\/wp\/v2\/product_brand?post=13461"},{"taxonomy":"product_cat","embeddable":true,"href":"https:\/\/www.livresentre2actions.fr\/fr_fr\/wp-json\/wp\/v2\/product_cat?post=13461"},{"taxonomy":"product_tag","embeddable":true,"href":"https:\/\/www.livresentre2actions.fr\/fr_fr\/wp-json\/wp\/v2\/product_tag?post=13461"}],"curies":[{"name":"wp","href":"https:\/\/api.w.org\/{rel}","templated":true}]}}