{"id":13447,"date":"2025-06-26T17:22:25","date_gmt":"2025-06-26T15:22:25","guid":{"rendered":"https:\/\/www.livresentre2actions.fr\/?post_type=product&#038;p=13447"},"modified":"2025-08-25T14:15:11","modified_gmt":"2025-08-25T12:15:11","slug":"lan-2000-restif-de-la-bretonne-2","status":"publish","type":"product","link":"https:\/\/www.livresentre2actions.fr\/fr_fr\/produit\/lan-2000-restif-de-la-bretonne-2\/","title":{"rendered":"L\u2019an 2000 &#8211; Restif de la Bretonne"},"content":{"rendered":"<p>J. H. Ed. Heitz &#8211; Broch\u00e9, 151 x 105, Sans date. (1905). Pr\u00e9face sign\u00e9e G.G. 12p. Suivi de L\u2019An deux-mille (1790). Pi\u00e8ce de th\u00e9\u00e2tre. Collection Bibliotheca Romanica n\u00b09. Int\u00e9rieur propre, avec un ex-libris en t\u00eate de premi\u00e8re page. Couvertures propres, mais qui se d\u00e9tachent avec d\u00e9chirure sans manque en t\u00eate et pied de dos. Exemplaire fragile.<\/p>\n","protected":false},"excerpt":{"rendered":"<p>J. H. Ed. Heitz &#8211; Broch\u00e9, 151 x 105, Sans date. (1905). Pr\u00e9face sign\u00e9e G.G. 12p. Suivi de L\u2019An deux-mille (1790). Pi\u00e8ce de th\u00e9\u00e2tre. Collection Bibliotheca Romanica n\u00b09. Int\u00e9rieur propre, avec un ex-libris en t\u00eate de premi\u00e8re page. Couvertures propres, mais qui se d\u00e9tachent avec d\u00e9chirure sans manque en t\u00eate et pied de dos. Exemplaire &#8230; <a title=\"L\u2019an 2000 &#8211; Restif de la Bretonne\" class=\"read-more\" href=\"https:\/\/www.livresentre2actions.fr\/fr_fr\/produit\/lan-2000-restif-de-la-bretonne-2\/\" aria-label=\"En savoir plus sur L\u2019an 2000 &#8211; Restif de la Bretonne\">Lire plus<\/a><\/p>\n","protected":false},"featured_media":13448,"template":"","meta":{"_eb_attr":""},"product_brand":[],"product_cat":[37,84,76],"product_tag":[],"class_list":{"0":"post-13447","1":"product","2":"type-product","3":"status-publish","4":"has-post-thumbnail","6":"product_cat-a-partir-du-xxeme-siecle","7":"product_cat-curiosa","8":"product_cat-poesie-theatre-prose","9":"sales-flash-overlay","10":"woocommerce-text-align-center","11":"woocommerce-image-align-center","12":"wc-has-gallery","14":"first","15":"instock","16":"taxable","17":"shipping-taxable","18":"purchasable","19":"product-type-simple"},"aioseo_notices":[],"_links":{"self":[{"href":"https:\/\/www.livresentre2actions.fr\/fr_fr\/wp-json\/wp\/v2\/product\/13447","targetHints":{"allow":["GET"]}}],"collection":[{"href":"https:\/\/www.livresentre2actions.fr\/fr_fr\/wp-json\/wp\/v2\/product"}],"about":[{"href":"https:\/\/www.livresentre2actions.fr\/fr_fr\/wp-json\/wp\/v2\/types\/product"}],"wp:featuredmedia":[{"embeddable":true,"href":"https:\/\/www.livresentre2actions.fr\/fr_fr\/wp-json\/wp\/v2\/media\/13448"}],"wp:attachment":[{"href":"https:\/\/www.livresentre2actions.fr\/fr_fr\/wp-json\/wp\/v2\/media?parent=13447"}],"wp:term":[{"taxonomy":"product_brand","embeddable":true,"href":"https:\/\/www.livresentre2actions.fr\/fr_fr\/wp-json\/wp\/v2\/product_brand?post=13447"},{"taxonomy":"product_cat","embeddable":true,"href":"https:\/\/www.livresentre2actions.fr\/fr_fr\/wp-json\/wp\/v2\/product_cat?post=13447"},{"taxonomy":"product_tag","embeddable":true,"href":"https:\/\/www.livresentre2actions.fr\/fr_fr\/wp-json\/wp\/v2\/product_tag?post=13447"}],"curies":[{"name":"wp","href":"https:\/\/api.w.org\/{rel}","templated":true}]}}