{"id":13440,"date":"2025-06-26T17:11:10","date_gmt":"2025-06-26T15:11:10","guid":{"rendered":"https:\/\/www.livresentre2actions.fr\/?post_type=product&#038;p=13440"},"modified":"2025-06-26T17:11:11","modified_gmt":"2025-06-26T15:11:11","slug":"le-101eme-regiment-jules-noriac","status":"publish","type":"product","link":"https:\/\/www.livresentre2actions.fr\/fr_fr\/produit\/le-101eme-regiment-jules-noriac\/","title":{"rendered":"Le 101\u00e8me r\u00e9giment &#8211; Jules Noriac"},"content":{"rendered":"<p>Calmann L\u00e9vy &#8211; Demi-chagrin chocolat, dos \u00e0 faux-nerfs, liser\u00e9 aux nerfs, fleuronn\u00e9 aux caisson et orn\u00e9 des titre et auteur, 183 x 123, 270p. Hors table. 1876. Collection, La vie en d\u00e9tail. Nouvelle \u00e9dition. Int\u00e9rieur et tranches avec rousseurs. Frottements \u00e0 la reliure mais bon \u00e9tat. Exemplaire bien ferme.<\/p>\n","protected":false},"excerpt":{"rendered":"<p>Calmann L\u00e9vy &#8211; Demi-chagrin chocolat, dos \u00e0 faux-nerfs, liser\u00e9 aux nerfs, fleuronn\u00e9 aux caisson et orn\u00e9 des titre et auteur, 183 x 123, 270p. Hors table. 1876. Collection, La vie en d\u00e9tail. Nouvelle \u00e9dition. Int\u00e9rieur et tranches avec rousseurs. Frottements \u00e0 la reliure mais bon \u00e9tat. Exemplaire bien ferme.<\/p>\n","protected":false},"featured_media":13441,"template":"","meta":{"_eb_attr":""},"product_brand":[],"product_cat":[36,73],"product_tag":[],"class_list":{"0":"post-13440","1":"product","2":"type-product","3":"status-publish","4":"has-post-thumbnail","6":"product_cat-entre-le-xviiieme-et-le-xixeme-siecle","7":"product_cat-histoires-et-recits-de-voyage","8":"sales-flash-overlay","9":"woocommerce-text-align-center","10":"woocommerce-image-align-center","11":"wc-has-gallery","13":"first","14":"instock","15":"taxable","16":"shipping-taxable","17":"purchasable","18":"product-type-simple"},"aioseo_notices":[],"_links":{"self":[{"href":"https:\/\/www.livresentre2actions.fr\/fr_fr\/wp-json\/wp\/v2\/product\/13440","targetHints":{"allow":["GET"]}}],"collection":[{"href":"https:\/\/www.livresentre2actions.fr\/fr_fr\/wp-json\/wp\/v2\/product"}],"about":[{"href":"https:\/\/www.livresentre2actions.fr\/fr_fr\/wp-json\/wp\/v2\/types\/product"}],"wp:featuredmedia":[{"embeddable":true,"href":"https:\/\/www.livresentre2actions.fr\/fr_fr\/wp-json\/wp\/v2\/media\/13441"}],"wp:attachment":[{"href":"https:\/\/www.livresentre2actions.fr\/fr_fr\/wp-json\/wp\/v2\/media?parent=13440"}],"wp:term":[{"taxonomy":"product_brand","embeddable":true,"href":"https:\/\/www.livresentre2actions.fr\/fr_fr\/wp-json\/wp\/v2\/product_brand?post=13440"},{"taxonomy":"product_cat","embeddable":true,"href":"https:\/\/www.livresentre2actions.fr\/fr_fr\/wp-json\/wp\/v2\/product_cat?post=13440"},{"taxonomy":"product_tag","embeddable":true,"href":"https:\/\/www.livresentre2actions.fr\/fr_fr\/wp-json\/wp\/v2\/product_tag?post=13440"}],"curies":[{"name":"wp","href":"https:\/\/api.w.org\/{rel}","templated":true}]}}