{"id":13377,"date":"2025-06-26T16:56:31","date_gmt":"2025-06-26T14:56:31","guid":{"rendered":"https:\/\/www.livresentre2actions.fr\/?post_type=product&#038;p=13377"},"modified":"2025-06-26T16:56:32","modified_gmt":"2025-06-26T14:56:32","slug":"missale-romanum-ex-decreto-sacrosancti-concilii-tridentini-restitutum","status":"publish","type":"product","link":"https:\/\/www.livresentre2actions.fr\/fr_fr\/produit\/missale-romanum-ex-decreto-sacrosancti-concilii-tridentini-restitutum\/","title":{"rendered":"Missale romanum ex decreto sacrosancti concilii tridentini restitutum"},"content":{"rendered":"<p>Missale romanum ex decreto sacrosancti concilii tridentini restitutum, PII V. Pont. Max. Jussu Editum, Clementis VIII et Urbani VIII auct. Recog. Suivi de Missae propriae ad usum Ecclesiae nanceiensis<\/p>\n<p>Typis A. Mame &#8211; In-folio plein veau \u00e0 dos long orn\u00e9 du titre, tranches rouges, 362 x 270, 1860. Accuratissima editio. Comprend\u00a0: Adresse aux trois papes\u00a0; Ex decretorum registro\u00a0; Urbis et orbis\u00a0; Licentia\u00a0; De anno et ejus partibus\u00a0; Tabula paschalis\u00a0; Tabella temporaria\u00a0; Rubricae generales\u00a0; Ritus servandus\u00a0; Preparatio ad Missam, pagin\u00e9s II-XLIV. Puis Proprium missarum de tempore, 547p. Avec pp. 226-242\u00a0: Canon Missae avec gravure pleine page\u00a0: figurant le Christ en Croix compos\u00e9e par Louis-Joseph Hallez, grav\u00e9e par Kipp et reprise par Beno\u00eet-Joseph Chevron. Puis Commune sanctorum, 91p. Suivi de Missae propriae ad usum Ecclesiae nanceiensis justa exemplar\u2026 Georgii Darboy, 69p. 1860. Texte sur deux colonnes, lettrines, partitions musique et chants. Marques pages noir ajout\u00e9s en bordure de page. Int\u00e9rieur propre. Joint deux feuilles volantes\u00a0: Dominica I. Octobris In solemnitate&#8230; Mariae Virginis \/ In festo S. Pauli a cruce. Reliure frott\u00e9e avec \u00e9pidermures plus ou moins prononc\u00e9es. Bon exemplaire, bien ferme.<\/p>\n","protected":false},"excerpt":{"rendered":"<p>Missale romanum ex decreto sacrosancti concilii tridentini restitutum, PII V. Pont. Max. Jussu Editum, Clementis VIII et Urbani VIII auct. Recog. Suivi de Missae propriae ad usum Ecclesiae nanceiensis Typis A. Mame &#8211; In-folio plein veau \u00e0 dos long orn\u00e9 du titre, tranches rouges, 362 x 270, 1860. Accuratissima editio. Comprend\u00a0: Adresse aux trois papes\u00a0; &#8230; <a title=\"Missale romanum ex decreto sacrosancti concilii tridentini restitutum\" class=\"read-more\" href=\"https:\/\/www.livresentre2actions.fr\/fr_fr\/produit\/missale-romanum-ex-decreto-sacrosancti-concilii-tridentini-restitutum\/\" aria-label=\"En savoir plus sur Missale romanum ex decreto sacrosancti concilii tridentini restitutum\">Lire plus<\/a><\/p>\n","protected":false},"featured_media":13378,"template":"","meta":{"_eb_attr":""},"product_brand":[],"product_cat":[36,68],"product_tag":[],"class_list":{"0":"post-13377","1":"product","2":"type-product","3":"status-publish","4":"has-post-thumbnail","6":"product_cat-entre-le-xviiieme-et-le-xixeme-siecle","7":"product_cat-religion-spiritualite","8":"sales-flash-overlay","9":"woocommerce-text-align-center","10":"woocommerce-image-align-center","11":"wc-has-gallery","13":"first","14":"instock","15":"taxable","16":"shipping-taxable","17":"purchasable","18":"product-type-simple"},"aioseo_notices":[],"_links":{"self":[{"href":"https:\/\/www.livresentre2actions.fr\/fr_fr\/wp-json\/wp\/v2\/product\/13377","targetHints":{"allow":["GET"]}}],"collection":[{"href":"https:\/\/www.livresentre2actions.fr\/fr_fr\/wp-json\/wp\/v2\/product"}],"about":[{"href":"https:\/\/www.livresentre2actions.fr\/fr_fr\/wp-json\/wp\/v2\/types\/product"}],"wp:featuredmedia":[{"embeddable":true,"href":"https:\/\/www.livresentre2actions.fr\/fr_fr\/wp-json\/wp\/v2\/media\/13378"}],"wp:attachment":[{"href":"https:\/\/www.livresentre2actions.fr\/fr_fr\/wp-json\/wp\/v2\/media?parent=13377"}],"wp:term":[{"taxonomy":"product_brand","embeddable":true,"href":"https:\/\/www.livresentre2actions.fr\/fr_fr\/wp-json\/wp\/v2\/product_brand?post=13377"},{"taxonomy":"product_cat","embeddable":true,"href":"https:\/\/www.livresentre2actions.fr\/fr_fr\/wp-json\/wp\/v2\/product_cat?post=13377"},{"taxonomy":"product_tag","embeddable":true,"href":"https:\/\/www.livresentre2actions.fr\/fr_fr\/wp-json\/wp\/v2\/product_tag?post=13377"}],"curies":[{"name":"wp","href":"https:\/\/api.w.org\/{rel}","templated":true}]}}