{"id":13336,"date":"2025-06-25T17:06:49","date_gmt":"2025-06-25T15:06:49","guid":{"rendered":"https:\/\/www.livresentre2actions.fr\/?post_type=product&#038;p=13336"},"modified":"2025-08-25T14:22:01","modified_gmt":"2025-08-25T12:22:01","slug":"fonctions-papales-a-saint-pierre-de-rome-pendant-la-semaine-sainte","status":"publish","type":"product","link":"https:\/\/www.livresentre2actions.fr\/fr_fr\/produit\/fonctions-papales-a-saint-pierre-de-rome-pendant-la-semaine-sainte\/","title":{"rendered":"Fonctions papales \u00e0 Saint-Pierre de Rome pendant la semaine sainte"},"content":{"rendered":"<p>Fonctions papales \u00e0 Saint-Pierre de Rome pendant la semaine sainte. Et c\u00e9r\u00e9monial de la Messe solennelle c\u00e9l\u00e9br\u00e9e par le souverain-pontife le jour de P\u00e2ques.<\/p>\n<p>Chevalier Gaetano Moroni (J.-B.-E. Pascal, trad.) &#8211; Lagny Fr\u00e8res, Librairies \u00e9diteurs<\/p>\n<p>Broch\u00e9, 190 x120, 228p. Avec table. 1845. Premi\u00e8re \u00e9dition. Traduit de l\u2019italien par le Chevalier Gaetano Moroni. 2 ex-libris en faux-titre. Un tamponn\u00e9 et un manuscrit sans doute du m\u00eame \u00ab\u00a0Fr\u00e9d\u00e9ric des Robert\u00a0\u00bb. Int\u00e9rieur propre, rousseur marginales et l\u00e9g\u00e8res. Couvertures et dos insol\u00e9s, frott\u00e9s un pue gris\u00e9s, avec manque en pied de dos, pliure en coin de pied de couverture. Ouvrage avec brochure l\u00e2che et fragile.<\/p>\n<p>&nbsp;<\/p>\n","protected":false},"excerpt":{"rendered":"<p>Fonctions papales \u00e0 Saint-Pierre de Rome pendant la semaine sainte. Et c\u00e9r\u00e9monial de la Messe solennelle c\u00e9l\u00e9br\u00e9e par le souverain-pontife le jour de P\u00e2ques. Chevalier Gaetano Moroni (J.-B.-E. Pascal, trad.) &#8211; Lagny Fr\u00e8res, Librairies \u00e9diteurs Broch\u00e9, 190 x120, 228p. Avec table. 1845. Premi\u00e8re \u00e9dition. Traduit de l\u2019italien par le Chevalier Gaetano Moroni. 2 ex-libris en &#8230; <a title=\"Fonctions papales \u00e0 Saint-Pierre de Rome pendant la semaine sainte\" class=\"read-more\" href=\"https:\/\/www.livresentre2actions.fr\/fr_fr\/produit\/fonctions-papales-a-saint-pierre-de-rome-pendant-la-semaine-sainte\/\" aria-label=\"En savoir plus sur Fonctions papales \u00e0 Saint-Pierre de Rome pendant la semaine sainte\">Lire plus<\/a><\/p>\n","protected":false},"featured_media":13337,"template":"","meta":{"_eb_attr":""},"product_brand":[],"product_cat":[36,71,68],"product_tag":[],"class_list":{"0":"post-13336","1":"product","2":"type-product","3":"status-publish","4":"has-post-thumbnail","6":"product_cat-entre-le-xviiieme-et-le-xixeme-siecle","7":"product_cat-illustres-modernes-editions-originales-signees-numerotees","8":"product_cat-religion-spiritualite","9":"sales-flash-overlay","10":"woocommerce-text-align-center","11":"woocommerce-image-align-center","12":"wc-has-gallery","14":"first","15":"instock","16":"taxable","17":"shipping-taxable","18":"purchasable","19":"product-type-simple"},"aioseo_notices":[],"_links":{"self":[{"href":"https:\/\/www.livresentre2actions.fr\/fr_fr\/wp-json\/wp\/v2\/product\/13336","targetHints":{"allow":["GET"]}}],"collection":[{"href":"https:\/\/www.livresentre2actions.fr\/fr_fr\/wp-json\/wp\/v2\/product"}],"about":[{"href":"https:\/\/www.livresentre2actions.fr\/fr_fr\/wp-json\/wp\/v2\/types\/product"}],"wp:featuredmedia":[{"embeddable":true,"href":"https:\/\/www.livresentre2actions.fr\/fr_fr\/wp-json\/wp\/v2\/media\/13337"}],"wp:attachment":[{"href":"https:\/\/www.livresentre2actions.fr\/fr_fr\/wp-json\/wp\/v2\/media?parent=13336"}],"wp:term":[{"taxonomy":"product_brand","embeddable":true,"href":"https:\/\/www.livresentre2actions.fr\/fr_fr\/wp-json\/wp\/v2\/product_brand?post=13336"},{"taxonomy":"product_cat","embeddable":true,"href":"https:\/\/www.livresentre2actions.fr\/fr_fr\/wp-json\/wp\/v2\/product_cat?post=13336"},{"taxonomy":"product_tag","embeddable":true,"href":"https:\/\/www.livresentre2actions.fr\/fr_fr\/wp-json\/wp\/v2\/product_tag?post=13336"}],"curies":[{"name":"wp","href":"https:\/\/api.w.org\/{rel}","templated":true}]}}